{"id":1452,"date":"2023-06-27T19:19:16","date_gmt":"2023-06-27T18:19:16","guid":{"rendered":"https:\/\/hoodpharma.com\/?post_type=product&#038;p=1452"},"modified":"2024-09-28T05:00:24","modified_gmt":"2024-09-28T03:00:24","slug":"kokain-bestellen","status":"publish","type":"product","link":"https:\/\/hoodpharma.com\/es\/producto\/pedir-cocaina\/","title":{"rendered":"Coca\u00edna boliviana"},"content":{"rendered":"<div id=\"ez-toc-container\" class=\"ez-toc-v2_0_80 counter-hierarchy ez-toc-counter ez-toc-grey ez-toc-container-direction\">\n<div class=\"ez-toc-title-container\">\n<p class=\"ez-toc-title\" style=\"cursor:inherit\">\u00cdndice<\/p>\n<span class=\"ez-toc-title-toggle\"><a href=\"#\" class=\"ez-toc-pull-right ez-toc-btn ez-toc-btn-xs ez-toc-btn-default ez-toc-toggle\" aria-label=\"Alternar tabla de contenidos\"><span class=\"ez-toc-js-icon-con\"><span class=\"\"><span class=\"eztoc-hide\" style=\"display:none;\">Toggle<\/span><span class=\"ez-toc-icon-toggle-span\"><svg style=\"fill: #999;color:#999\" xmlns=\"http:\/\/www.w3.org\/2000\/svg\" class=\"list-377408\" width=\"20px\" height=\"20px\" viewbox=\"0 0 24 24\" fill=\"none\"><path d=\"M6 6H4v2h2V6zm14 0H8v2h12V6zM4 11h2v2H4v-2zm16 0H8v2h12v-2zM4 16h2v2H4v-2zm16 0H8v2h12v-2z\" fill=\"currentColor\"><\/path><\/svg><svg style=\"fill: #999;color:#999\" class=\"arrow-unsorted-368013\" xmlns=\"http:\/\/www.w3.org\/2000\/svg\" width=\"10px\" height=\"10px\" viewbox=\"0 0 24 24\" version=\"1.2\" baseprofile=\"tiny\"><path d=\"M18.2 9.3l-6.2-6.3-6.2 6.3c-.2.2-.3.4-.3.7s.1.5.3.7c.2.2.4.3.7.3h11c.3 0 .5-.1.7-.3.2-.2.3-.5.3-.7s-.1-.5-.3-.7zM5.8 14.7l6.2 6.3 6.2-6.3c.2-.2.3-.5.3-.7s-.1-.5-.3-.7c-.2-.2-.4-.3-.7-.3h-11c-.3 0-.5.1-.7.3-.2.2-.3.5-.3.7s.1.5.3.7z\"\/><\/svg><\/span><\/span><\/span><\/a><\/span><\/div>\n<nav><ul class='ez-toc-list ez-toc-list-level-1' ><li class='ez-toc-page-1 ez-toc-heading-level-2'><a class=\"ez-toc-link ez-toc-heading-1\" href=\"https:\/\/hoodpharma.com\/es\/producto\/pedir-cocaina\/#Kokain_bestellen\" >Pedir coca\u00edna<\/a><ul class='ez-toc-list-level-3' ><li class='ez-toc-heading-level-3'><a class=\"ez-toc-link ez-toc-heading-2\" href=\"https:\/\/hoodpharma.com\/es\/producto\/pedir-cocaina\/#KOKAIN_ZU_VERKAUFEN\" >COCA\u00cdNA EN VENTA:<\/a><ul class='ez-toc-list-level-4' ><li class='ez-toc-heading-level-4'><a class=\"ez-toc-link ez-toc-heading-3\" href=\"https:\/\/hoodpharma.com\/es\/producto\/pedir-cocaina\/#KOKAIN_ZUM_VERKAUF_USA\" >COCAINA EN VENTA USA:<\/a><\/li><li class='ez-toc-page-1 ez-toc-heading-level-4'><a class=\"ez-toc-link ez-toc-heading-4\" href=\"https:\/\/hoodpharma.com\/es\/producto\/pedir-cocaina\/#KOKAIN_ONLINE_KAUFEN\" >COMPRAR COCA\u00cdNA ONLINE:<\/a><ul class='ez-toc-list-level-5' ><li class='ez-toc-heading-level-5'><a class=\"ez-toc-link ez-toc-heading-5\" href=\"https:\/\/hoodpharma.com\/es\/producto\/pedir-cocaina\/#KOKAIN_ZUM_VERKAUF_IN_AUSTRALIEN\" >COCAINA EN VENTA EN AUSTRALIA:<\/a><\/li><li class='ez-toc-page-1 ez-toc-heading-level-5'><a class=\"ez-toc-link ez-toc-heading-6\" href=\"https:\/\/hoodpharma.com\/es\/producto\/pedir-cocaina\/#ZUSATZLICH\" >ADICIONAL:<\/a><\/li><\/ul><\/li><\/ul><\/li><\/ul><\/li><\/ul><\/nav><\/div>\n<h2><span class=\"ez-toc-section\" id=\"Kokain_bestellen\"><\/span>Pedir coca\u00edna<span class=\"ez-toc-section-end\"><\/span><\/h2>\n<p>Sin demora, tenemos coca\u00edna en venta online. A critical Bolivian medication taking partner proclaimed that the last possible changes increasing the measure of coca permitted in the new decree fresh out of the box meant the coalition would \"realign\" its ventures while continuing to work with Bolivia. En el caso de que usted es un cliente tratando de descubrir la parte superior de la l\u00ednea de grandes productos, su absoluta primera disposici\u00f3n definitivamente no debe ser para recordar un poco de coca\u00edna boliviana en el aaronay.<\/p>\n<p>Tener una tonelada de cualidades b\u00e1sicas. Ayuda. Coca\u00edna boliviana ser\u00eda el tipo m\u00e1s perfecto de la coca\u00edna boliviana se puede descubrir en el planeta. La gente lo utiliza para ser un energizante para trabajar en la creaci\u00f3n de sustancias qu\u00edmicas expl\u00edcitas del cerebro, adem\u00e1s, para obtener ayuda de la condici\u00f3n necesaria. Con la apertura que ofrecemos, usted no tiene que sentarse de brazos cruzados y pensar en d\u00f3nde comprar coca\u00edna boliviana. Pedir coca\u00edna<\/p>\n<p>Esto est\u00e1 excepcionalmente relacionado con las personas que viven muy lejos de los puntos de venta de droga reales. El distribuidor boliviano de datos sobre coca\u00edna Informandote tambi\u00e9n public\u00f3 fotos del antiguo capo de la droga trabajando con lugare\u00f1os a los que invit\u00f3 a almorzar el domingo. La coca\u00edna boliviana tiene numerosos ingredientes del mundo de la medicina. Por esta raz\u00f3n, es utilizada por muchos f\u00e1rmacos junto con recomendaciones de especialistas para tratar diversas enfermedades. Pida coca\u00edna.<\/p>\n<p>Yo ten\u00eda cosas de coca\u00edna boliviana cuando y fue art\u00edculo de color y un agradable suave considerablemente en contraposici\u00f3n a lo que por lo general obtener, que supongo que es colombiano. La coca\u00edna boliviana contiene numerosas cualidades dentro del clima cl\u00ednico. Se utiliza en diferentes medicamentos y es recomendada por m\u00e9dicos especialistas para tratar diferentes problemas. Pedir Coca\u00edna.<\/p>\n<h3><span class=\"ez-toc-section\" id=\"KOKAIN_ZU_VERKAUFEN\"><\/span>COCA\u00cdNA EN VENTA:<span class=\"ez-toc-section-end\"><\/span><\/h3>\n<p>Los especialistas cl\u00ednicos utilizan esta droga o drogas cuando tratan a personas que luchan contra la desesperaci\u00f3n y otros malestares. No s\u00f3lo la consumen los profesionales de la salud, sino tambi\u00e9n la gente que va de fiesta a discotecas y bares. Los indios de Bolivia mordisquean desde hace siglos hojas de coca mezcladas con gr\u00e1nulos de piedra caliza u holl\u00edn vegetal, por placer o para superar la enfermedad, la nostalgia y la sed. Pedir coca\u00edna.<\/p>\n<p>En diferentes \u00f3rdenes sociales, el alcaloide \u00fanico se extrae artificialmente de las hojas de coca y se transforma adicionalmente en la sal de coca\u00edna. Los profesionales de la medicina utilizan esta droga o drogas cuando atienden a v\u00edctimas que luchan contra la miseria y diferentes tipos de ansiedad. No s\u00f3lo la utilizan los profesionales, sino tambi\u00e9n la gente com\u00fan en discotecas y bares. Coca\u00edna en venta online<\/p>\n<p>Una asociaci\u00f3n con el narcotr\u00e1fico tambi\u00e9n puede tener efectos fundamentales sobre la sustancia. La coca\u00edna boliviana es un fuerte energizante estrategia ansiosa focal que construye los niveles de dopamina sin\u00e1ptica en los circuitos de la mente que gestionan la alegr\u00eda y el movimiento. S\u00f3lo un pionero de la asociaci\u00f3n describi\u00f3 c\u00f3mo la organizaci\u00f3n de la administraci\u00f3n de la ciudad gobernada por los cultivadores de coca expondr\u00e1 compromisos financieros de capacidad local a cada \u00e1rea local cercana asociada a ocuparse de la producci\u00f3n de pegamento de coca\u00edna. Pedir coca\u00edna.<\/p>\n<h4><span class=\"ez-toc-section\" id=\"KOKAIN_ZUM_VERKAUF_USA\"><\/span>COCAINA EN VENTA USA:<span class=\"ez-toc-section-end\"><\/span><\/h4>\n<p>La coca\u00edna boliviana se moldea por afinidad y adem\u00e1s es abrumadora. Coca\u00edna boliviana es igualmente implantado en el plan o fumado en una mejora cultivada artificialmente llamado freebase; los dos similares tales estrategias est\u00e1 provocando un n\u00famero notablemente creciente de uso rutinario por la comunidad m\u00e9dica. Ponga recursos en Coca\u00edna Boliviana Online con nosotros a costos excepcionalmente moderados. Coca\u00edna en venta online<\/p>\n<p>La coca\u00edna boliviana es uno de los mejores tipos de coca\u00edna que se puede ver sin lugar a dudas en todo el mundo. Es utilizado por las personas hoy en d\u00eda a la mayor parte de un energizante para hacer el desarrollo de sustancias sint\u00e9ticas incre\u00edbles dentro de los pensamientos y para encontrar el apoyo dentro de la cepa con problemas. La coca\u00edna boliviana tiene varias capacidades en todo el mundo del bienestar. Coca\u00edna boliviana pieza, como resultado de su casa para transmitir descanso al marco humano, es realmente utilizado por los j\u00f3venes en una escala gigantesca para obtener descanso. Pedir coca\u00edna.<\/p>\n<p>Como resultado de la coca\u00edna boliviana se utiliza en algunos medicamentos junto con recomendado por expertos m\u00e9dicos para gestionar ciertas enfermedades. Los profesionales m\u00e9dicos utilizan este medicamento o medicaci\u00f3n cuando se trabaja con pacientes que combaten la desesperaci\u00f3n y diferentes tipos de sensibilidad. Coca\u00edna en venta en l\u00ednea<\/p>\n<p>La coca\u00edna boliviana no s\u00f3lo es utilizada por expertos m\u00e9dicos, sino tambi\u00e9n por un gran n\u00famero de personas en clubes de baile y bares. La coca\u00edna boliviana es uno de los tipos m\u00e1s perfectos de coca\u00edna disponibles en el mundo. Es usada por la gente como un energizante para expandir la creaci\u00f3n de qu\u00edmicos distintivos en la mente y para obtener ayuda en condiciones estresantes. Coca\u00edna en venta online<\/p>\n<h4><span class=\"ez-toc-section\" id=\"KOKAIN_ONLINE_KAUFEN\"><\/span>COMPRAR COCA\u00cdNA ONLINE:<span class=\"ez-toc-section-end\"><\/span><\/h4>\n<p>Este fabuloso polvo blanco se esnifa con una c\u00e1mara vac\u00eda, que se considera r\u00e1pidamente en su ciclo de curso a trav\u00e9s de las pel\u00edculas de la mucosa nasal. La coca\u00edna boliviana es un agravante, a pesar de todo, y las capacidades para fijar las venas, causando una nariz que moquea constante o, en situaciones realmente genuinas, ulceraci\u00f3n mientras que en la cavidad nasal. El efecto euf\u00f3rico de esnifar coca\u00edna boliviana suele durar poco y desaparece al cabo de media hora. Venta de coca\u00edna en l\u00ednea<\/p>\n<p>Tomar energizantes es arriesgado, ya que se reducen los efectos sedantes de los LCR. Son los que el cuerpo humano utiliza para medir el \"subid\u00f3n\". Esto suele conducir a un consumo elevado con opciones muy limitadas, un alto riesgo de da\u00f1os hep\u00e1ticos y una parquedad a\u00fan mayor. Esto significa que cuando las mediciones indicadas, la coca\u00edna boliviana se convierte en intensa o muy dif\u00edcil de ayudar de todos modos como la celebraci\u00f3n de la mand\u00edbula, autom\u00e1ticamente significativas sacudidas, y las vibraciones terminan siendo actual, causando graves temblores de todo el cuerpo humano, temblando con los brazos, y un motor incre\u00edble inadecuada en general regular. Coca\u00edna en venta online<\/p>\n<p>Este efecto se desplaza con somnolencia moderada y fatiga media por el desplazamiento de su perspicacia. coca\u00edna boliviana tiene una propensi\u00f3n no despreciable para desencadenar la psicosis no sostenida, con mucho m\u00e1s de 50% de las v\u00edctimas de coca\u00edna boliviana mostrando esencialmente algunos signos locos. Signos comunes de las v\u00edctimas incluyen cosas como sue\u00f1os err\u00e1ticos que reciben, seguido de su consumo de drogas actualmente se observa, junto con vuelos de pensamiento que ayudan a las creencias alucinantes. Pedir coca\u00edna.<\/p>\n<p>La parasitosis escurridiza con formicaci\u00f3n (\"chinches de la coca\u00edna boliviana\") es adem\u00e1s un efecto secundario muy frecuente. La coca\u00edna boliviana se descompone cuando se calienta definitivamente. Por lo tanto, las sales de base libre y de bicarbonato de la coca\u00edna boliviana, que tienen l\u00edmites significativamente m\u00e1s bajos en contraste con la sal de clorhidrato, se suelen utilizar en cuanto el material se descompone y, por lo tanto, se conocen como coca\u00edna boliviana, que se crea y se descompone individualmente. Pida coca\u00edna.<\/p>\n<h5><span class=\"ez-toc-section\" id=\"KOKAIN_ZUM_VERKAUF_IN_AUSTRALIEN\"><\/span>COCAINA EN VENTA EN AUSTRALIA:<span class=\"ez-toc-section-end\"><\/span><\/h5>\n<p>Los intentos de erradicar los campos de coca mediante el uso de defoliantes han destruido componentes del cultivo monetizado en ciertas zonas cocaleras de Colombia, y parece que se han producido cepas m\u00e1s seguras o menos sensibles a su uso. No est\u00e1 claro si estas cepas son modificaciones regulares o el resultado de la intervenci\u00f3n humana. Aparte de los efectos destructivos de la coca\u00edna boliviana. Coca\u00edna en venta en l\u00ednea<\/p>\n<p>Con las sustancias insolubles que pueden utilizarse para minimizar la droga, existe un riesgo adicional de embolia circulatoria. Como ocurre con todas las sustancias ilegales que se infunden, es posible que el cliente se contamine por v\u00eda sangu\u00ednea si no se utiliza un equipo de infusi\u00f3n est\u00e9ril. Coca\u00edna en venta en l\u00ednea<\/p>\n<p>Dado que la coca\u00edna boliviana es generalmente un vasoconstrictor y los clientes suelen recibir numerosas infusiones en unas pocas horas o menos, las infusiones resultantes son cada vez m\u00e1s dif\u00edciles de controlar, lo que puede llevar a intentos de infusi\u00f3n adicionales y a un n\u00famero significativamente mayor de efectos secundarios por infusiones mal realizadas. Coca\u00edna en venta en l\u00ednea<\/p>\n<p>La insuflaci\u00f3n nasal (conocida informalmente como \"gru\u00f1ir\", \"esnifar\" o \"soplar\") es el m\u00e9todo m\u00e1s conocido de ingerir coca\u00edna boliviana en polvo en el mundo occidental. La droga cubre, que queda atrapada con las capas de mucosidad que recubren los senos paranasales. Cuando se insufla coca\u00edna, la absorci\u00f3n a trav\u00e9s de las mucosas nasales es de alrededor del treinta al sesenta por ciento, siendo las dosis mayores las que provocan el aumento de la tasa de asimilaci\u00f3n. Coca\u00edna en venta en l\u00ednea<\/p>\n<h5><span class=\"ez-toc-section\" id=\"ZUSATZLICH\"><\/span>ADICIONAL:<span class=\"ez-toc-section-end\"><\/span><\/h5>\n<p>Cualquier sustancia que se ingiera voluntariamente a trav\u00e9s de las mucosas se acumula en el fluido corporal y se traga (este \"goteo\" es percibido como agradable por unos y desagradable por otros). Esto implica que a ciertas dosis llega a ser molesto o imposible de sostener en cualquier caso, al sujetar la mand\u00edbula, se producen autom\u00e1ticamente verdaderas sacudidas y vibraciones, provocando un temblor excesivo de todo el cuerpo e inestabilidad de las palmas de las manos, adem\u00e1s de una t\u00edpica insuficiencia del control motor fenom\u00e9nico. Este resultado es sustituido por una ligera fatiga y un cansancio normal durante toda la experiencia del consumo. Para m\u00e1s informaci\u00f3n <a href=\"https:\/\/hoodpharma.com\/es\/pongase-en-contacto-con\/\">Contacto<\/a> por favor.<\/p>\n<p>&nbsp;<\/p>","protected":false},"excerpt":{"rendered":"<p>Kokain bestellen Ohne Verz\u00f6gerung haben wir Kokain zum Verkauf online. Ein kritischer bolivianischer Partner bei der Einnahme von Medikamenten verk\u00fcndete,<\/p>","protected":false},"featured_media":2421,"comment_status":"open","ping_status":"closed","template":"","meta":[],"product_brand":[],"product_cat":[295],"product_tag":[],"class_list":{"0":"post-1452","1":"product","2":"type-product","3":"status-publish","4":"has-post-thumbnail","6":"product_cat-stimulanzien-kaufen","8":"first","9":"instock","10":"taxable","11":"shipping-taxable","12":"purchasable","13":"product-type-variable"},"_links":{"self":[{"href":"https:\/\/hoodpharma.com\/es\/wp-json\/wp\/v2\/product\/1452","targetHints":{"allow":["GET"]}}],"collection":[{"href":"https:\/\/hoodpharma.com\/es\/wp-json\/wp\/v2\/product"}],"about":[{"href":"https:\/\/hoodpharma.com\/es\/wp-json\/wp\/v2\/types\/product"}],"replies":[{"embeddable":true,"href":"https:\/\/hoodpharma.com\/es\/wp-json\/wp\/v2\/comments?post=1452"}],"version-history":[{"count":0,"href":"https:\/\/hoodpharma.com\/es\/wp-json\/wp\/v2\/product\/1452\/revisions"}],"wp:featuredmedia":[{"embeddable":true,"href":"https:\/\/hoodpharma.com\/es\/wp-json\/wp\/v2\/media\/2421"}],"wp:attachment":[{"href":"https:\/\/hoodpharma.com\/es\/wp-json\/wp\/v2\/media?parent=1452"}],"wp:term":[{"taxonomy":"product_brand","embeddable":true,"href":"https:\/\/hoodpharma.com\/es\/wp-json\/wp\/v2\/product_brand?post=1452"},{"taxonomy":"product_cat","embeddable":true,"href":"https:\/\/hoodpharma.com\/es\/wp-json\/wp\/v2\/product_cat?post=1452"},{"taxonomy":"product_tag","embeddable":true,"href":"https:\/\/hoodpharma.com\/es\/wp-json\/wp\/v2\/product_tag?post=1452"}],"curies":[{"name":"wp","href":"https:\/\/api.w.org\/{rel}","templated":true}]}}