{"id":1526,"date":"2023-06-27T19:19:39","date_gmt":"2023-06-27T18:19:39","guid":{"rendered":"https:\/\/hoodpharma.com\/?post_type=product&#038;p=1526"},"modified":"2025-05-30T04:03:57","modified_gmt":"2025-05-30T02:03:57","slug":"domino-mdma","status":"publish","type":"product","link":"https:\/\/hoodpharma.com\/es\/producto\/domino-mdma\/","title":{"rendered":"Blue Domino MDMA"},"content":{"rendered":"<div id=\"ez-toc-container\" class=\"ez-toc-v2_0_80 counter-hierarchy ez-toc-counter ez-toc-grey ez-toc-container-direction\">\n<div class=\"ez-toc-title-container\">\n<p class=\"ez-toc-title\" style=\"cursor:inherit\">\u00cdndice<\/p>\n<span class=\"ez-toc-title-toggle\"><a href=\"#\" class=\"ez-toc-pull-right ez-toc-btn ez-toc-btn-xs ez-toc-btn-default ez-toc-toggle\" aria-label=\"Alternar tabla de contenidos\"><span class=\"ez-toc-js-icon-con\"><span class=\"\"><span class=\"eztoc-hide\" style=\"display:none;\">Toggle<\/span><span class=\"ez-toc-icon-toggle-span\"><svg style=\"fill: #999;color:#999\" xmlns=\"http:\/\/www.w3.org\/2000\/svg\" class=\"list-377408\" width=\"20px\" height=\"20px\" viewbox=\"0 0 24 24\" fill=\"none\"><path d=\"M6 6H4v2h2V6zm14 0H8v2h12V6zM4 11h2v2H4v-2zm16 0H8v2h12v-2zM4 16h2v2H4v-2zm16 0H8v2h12v-2z\" fill=\"currentColor\"><\/path><\/svg><svg style=\"fill: #999;color:#999\" class=\"arrow-unsorted-368013\" xmlns=\"http:\/\/www.w3.org\/2000\/svg\" width=\"10px\" height=\"10px\" viewbox=\"0 0 24 24\" version=\"1.2\" baseprofile=\"tiny\"><path d=\"M18.2 9.3l-6.2-6.3-6.2 6.3c-.2.2-.3.4-.3.7s.1.5.3.7c.2.2.4.3.7.3h11c.3 0 .5-.1.7-.3.2-.2.3-.5.3-.7s-.1-.5-.3-.7zM5.8 14.7l6.2 6.3 6.2-6.3c.2-.2.3-.5.3-.7s-.1-.5-.3-.7c-.2-.2-.4-.3-.7-.3h-11c-.3 0-.5.1-.7.3-.2.2-.3.5-.3.7s.1.5.3.7z\"\/><\/svg><\/span><\/span><\/span><\/a><\/span><\/div>\n<nav><ul class='ez-toc-list ez-toc-list-level-1' ><li class='ez-toc-page-1 ez-toc-heading-level-2'><a class=\"ez-toc-link ez-toc-heading-1\" href=\"https:\/\/hoodpharma.com\/es\/producto\/domino-mdma\/#Domino_MDMA\" >Domino MDMA<\/a><ul class='ez-toc-list-level-3' ><li class='ez-toc-heading-level-3'><a class=\"ez-toc-link ez-toc-heading-2\" href=\"https:\/\/hoodpharma.com\/es\/producto\/domino-mdma\/#Blau_Domino_MDMA_Kaufen\" >Comprar Blue Domino MDMA<\/a><ul class='ez-toc-list-level-4' ><li class='ez-toc-heading-level-4'><a class=\"ez-toc-link ez-toc-heading-3\" href=\"https:\/\/hoodpharma.com\/es\/producto\/domino-mdma\/#ECSTASY_ONLINE_KAUFEN_EUROPA\" >COMPRAR \u00c9XTASIS ONLINE EUROPA<\/a><\/li><li class='ez-toc-page-1 ez-toc-heading-level-4'><a class=\"ez-toc-link ez-toc-heading-4\" href=\"https:\/\/hoodpharma.com\/es\/producto\/domino-mdma\/#BLau_Domino_MDMA_pills_zu_verkaufen\" >Venta de pastillas de MDMA BLau Domino<\/a><\/li><\/ul><\/li><\/ul><\/li><\/ul><\/nav><\/div>\n<h2><span class=\"ez-toc-section\" id=\"Domino_MDMA\"><\/span>Domino MDMA<span class=\"ez-toc-section-end\"><\/span><\/h2>\n<p>Por fin comprar \u00e9xtasis en l\u00ednea, discretamente en 24 horas. Rapture (Blue Domino Ecstasy Pills) est\u00e1 disponible en forma de pastillas, a menudo grabadas con dise\u00f1os realistas o logotipos de empresas. Las pastillas de \u00e9xtasis Blue Domino suelen tomarse en forma de comprimidos, pero tambi\u00e9n pueden triturarse y molerse, infundirse o utilizarse como supositorios. Es probable que tambi\u00e9n disfrutes escuchando m\u00fasica, tocando objetos con superficies diferentes e inspeccionando objetos con luces. Comprar \u00e9xtasis en l\u00ednea<\/p>\n<p>La limitaci\u00f3n de la mayor\u00eda de los dispositivos de an\u00e1lisis caseros es que a menudo son incapaces de distinguir algunas recetas a trav\u00e9s de una pastilla indistinguible. Pueden decirte si una pastilla contiene pastillas de \u00e9xtasis Blue Domino, pero no si tambi\u00e9n contiene metanfetamina, etc. Recuerde, como las p\u00edldoras en los elementos del entorno que te hacen sentir c\u00f3modo y seguro, reduce los peligros de experimentar la tensi\u00f3n. Domino MDMA.<\/p>\n<p>Los casos en los que las personas murieron tras tomar Euforia fueron a menudo el resultado de reacciones inusuales y espec\u00edficas a la droga que eran irrelevantes para la porci\u00f3n. La euforia se conoce com\u00fanmente como \"el recipiente del afecto\" porque act\u00faa en la perspectiva de la ocultaci\u00f3n y el sonido y desarrolla claramente sensaciones ulteriores cuando uno toca o acaricia a otro, especialmente durante las relaciones sexuales. A pesar de que se produce de vez en cuando, la parametoxianfetamina no se ve. Comprar \u00e9xtasis en l\u00ednea<\/p>\n<h3><span class=\"ez-toc-section\" id=\"Blau_Domino_MDMA_Kaufen\"><\/span>Comprar Blue Domino MDMA<span class=\"ez-toc-section-end\"><\/span><\/h3>\n<p>Muchas personas de todo el mundo est\u00e1n buscando pastillas de \u00e9xtasis Blue Domino de alta calidad o la felicidad de comprar para sus necesidades cl\u00ednicas profesionales, l\u00f3gicamente aplicable, y deportivos. El \u00e9xtasis es una de las drogas m\u00e1s consumidas en la UE, especialmente entre los j\u00f3venes que asisten a capacidades y clubes. La primera vez que un gran grupo de PMA sali\u00f3 a la calle, murieron unas veinte personas. Domino MDMA.<\/p>\n<p>Todas estas cosas parecen faltar en las \u00faltimas pastillas de \u00e9xtasis Blue Domino. Evito p\u00edldoras regulares, pero Imagine sigue siendo viable para administrar. Las pastillas de \u00e9xtasis Blue Domino no han mostrado signos l\u00f3gicos desde 2017. Se utiliz\u00f3 brevemente en psicoterapia antes de prohibirse por completo. A pesar de que el tratamiento es legal, algunos psicoterapeutas siguen utilizando Blue Domino Pastillas de \u00c9xtasis en la estrategia. Domino MDMA.<\/p>\n<p>Los proveedores deber\u00edan bajar las tarifas. Estar\u00eda dispuesto a pagar cualquier cantidad de dinero de buena fe para revivir aquella \u00e9poca pasada. Delight es una de las muchas drogas arquitect\u00f3nicas que est\u00e1n en auge porque un laboratorio clandestino est\u00e1 aprovechando los avances de la qu\u00edmica. Para eludir las leyes antidroga, estos laboratorios intentan alterar la estructura qu\u00edmica de las drogas existentes para crear nuevos tipos con las mismas propiedades. Domino MDMA.<\/p>\n<h4><span class=\"ez-toc-section\" id=\"ECSTASY_ONLINE_KAUFEN_EUROPA\"><\/span>COMPRAR \u00c9XTASIS ONLINE EUROPA<span class=\"ez-toc-section-end\"><\/span><\/h4>\n<p>Estas pruebas llevaron a que la droga original saliera al mercado, siendo Rapture sin duda una de ellas. El principal problema parec\u00eda ser que los efectos tardaban aproximadamente una hora en hacer efecto (frente a los 30 o 40 minutos de las pastillas de \u00e9xtasis Blue Domino), por lo que los clientes ten\u00edan la sensaci\u00f3n de que les hab\u00edan dado pastillas sin potencia cuando apenas pasaba nada en la primera hora, as\u00ed que tomaban unas cuantas m\u00e1s sin duda y se volv\u00edan exuberantes. Los vendedores declaran ocasionalmente que una pastilla de MDMA Blue Domino contiene LSD o mescalina para explicar sus propiedades claramente m\u00e1s \"alucin\u00f3genas\" (como lo har\u00eda un envase de MDA). Comprar \u00e9xtasis en l\u00ednea<\/p>\n<p>Aunque la mescalina se utiliza ampliamente, es extremadamente rara en la industria farmac\u00e9utica. Lorna Spinks, una v\u00edctima de Bliss, muri\u00f3 poco despu\u00e9s de tomar dos comprimidos de \"potencia colosal\", que eran casi muchas veces la dosis normal de la droga. El grupo sin \u00e1nimo de lucro de ayuda a los drogadictos y reducci\u00f3n de la picaresca, The Loop, se ha puesto en contacto con los participantes para informarles sobre ciertas pastillas que deben evitar por completo o extremar las precauciones al tomarlas. Comprar \u00e9xtasis en l\u00ednea<\/p>\n<p>Las pastillas de \u00e9xtasis Blue Domino pueden matar ocasionalmente a los consumidores de drogas, pero lo m\u00e1s frecuente es que provoquen n\u00e1useas, frenes\u00ed, recelo y agitaci\u00f3n. A veces, los traficantes aclaran que las pastillas de \u00e9xtasis Blue Domino contienen LSD o mescalina para explicar sus propiedades \"alucin\u00f3genas\" adicionales (por ejemplo, se crear\u00eda un contenedor de MDA.) Domino MDMA.<\/p>\n<h4><span class=\"ez-toc-section\" id=\"BLau_Domino_MDMA_pills_zu_verkaufen\"><\/span>Venta de pastillas de MDMA BLau Domino<span class=\"ez-toc-section-end\"><\/span><\/h4>\n<p>A pesar de lo conocida que es, la mescalina no tiene realmente precedentes en la industria farmac\u00e9utica. La euforia es m\u00e1s probable que una gran cantidad de prescripci\u00f3n creador que actualmente est\u00e1 aumentando como resultado de los laboratorios subterr\u00e1neos aprovechando los avances cient\u00edficos. La conexi\u00f3n con la nariz con la fosa oral alcanza un estilo extremadamente duro en la boca cuando se pasa por alto hacia abajo, que puede causar n\u00e1useas y eructos, especialmente en los est\u00f3magos ahora fermentados. Comprar \u00e9xtasis online<\/p>\n<p>Los efectos negativos de la alegr\u00eda Blue Domino pastillas de \u00e9xtasis puede tomar alg\u00fan tiempo para descubrir por s\u00ed mismos. Algunas de las veces aparecen y pueden utilizar de dos a 90 d\u00edas de medicaci\u00f3n est\u00e1ndar. Un solo mes de suministro de pastillas de \u00e9xtasis Blue Domino mejora contiene 60 envases, por lo que debe consumir dos de estos con regularidad. T\u00f3melos con un vaso de agua y un plan de dieta mejor cada ma\u00f1ana, y seguir utiliz\u00e1ndolo no menos de varias veces sin trabajar una porci\u00f3n si necesita resultados duraderos. Comprar \u00e9xtasis online<\/p>","protected":false},"excerpt":{"rendered":"<p>Domino MDMA Endlich Ecstasy online kaufen, diskret innerhalb von 24 Stunden. Rapture (Blue Domino Ecstasy Pills) ist in Tablettenform erh\u00e4ltlich,<\/p>","protected":false},"featured_media":1542,"comment_status":"open","ping_status":"closed","template":"","meta":[],"product_brand":[],"product_cat":[297],"product_tag":[],"class_list":{"0":"post-1526","1":"product","2":"type-product","3":"status-publish","4":"has-post-thumbnail","6":"product_cat-psychedelika-kaufen","8":"first","9":"instock","10":"taxable","11":"shipping-taxable","12":"purchasable","13":"product-type-variable"},"_links":{"self":[{"href":"https:\/\/hoodpharma.com\/es\/wp-json\/wp\/v2\/product\/1526","targetHints":{"allow":["GET"]}}],"collection":[{"href":"https:\/\/hoodpharma.com\/es\/wp-json\/wp\/v2\/product"}],"about":[{"href":"https:\/\/hoodpharma.com\/es\/wp-json\/wp\/v2\/types\/product"}],"replies":[{"embeddable":true,"href":"https:\/\/hoodpharma.com\/es\/wp-json\/wp\/v2\/comments?post=1526"}],"version-history":[{"count":0,"href":"https:\/\/hoodpharma.com\/es\/wp-json\/wp\/v2\/product\/1526\/revisions"}],"wp:featuredmedia":[{"embeddable":true,"href":"https:\/\/hoodpharma.com\/es\/wp-json\/wp\/v2\/media\/1542"}],"wp:attachment":[{"href":"https:\/\/hoodpharma.com\/es\/wp-json\/wp\/v2\/media?parent=1526"}],"wp:term":[{"taxonomy":"product_brand","embeddable":true,"href":"https:\/\/hoodpharma.com\/es\/wp-json\/wp\/v2\/product_brand?post=1526"},{"taxonomy":"product_cat","embeddable":true,"href":"https:\/\/hoodpharma.com\/es\/wp-json\/wp\/v2\/product_cat?post=1526"},{"taxonomy":"product_tag","embeddable":true,"href":"https:\/\/hoodpharma.com\/es\/wp-json\/wp\/v2\/product_tag?post=1526"}],"curies":[{"name":"wp","href":"https:\/\/api.w.org\/{rel}","templated":true}]}}