{"id":1544,"date":"2023-06-27T19:19:48","date_gmt":"2023-06-27T18:19:48","guid":{"rendered":"https:\/\/hoodpharma.com\/?post_type=product&#038;p=1544"},"modified":"2025-05-30T04:09:22","modified_gmt":"2025-05-30T02:09:22","slug":"coca-cola-mdma","status":"publish","type":"product","link":"https:\/\/hoodpharma.com\/es\/producto\/coca-cola-mdma\/","title":{"rendered":"Coca Cola MDMA"},"content":{"rendered":"<div id=\"ez-toc-container\" class=\"ez-toc-v2_0_80 counter-hierarchy ez-toc-counter ez-toc-grey ez-toc-container-direction\">\n<div class=\"ez-toc-title-container\">\n<p class=\"ez-toc-title\" style=\"cursor:inherit\">\u00cdndice<\/p>\n<span class=\"ez-toc-title-toggle\"><a href=\"#\" class=\"ez-toc-pull-right ez-toc-btn ez-toc-btn-xs ez-toc-btn-default ez-toc-toggle\" aria-label=\"Alternar tabla de contenidos\"><span class=\"ez-toc-js-icon-con\"><span class=\"\"><span class=\"eztoc-hide\" style=\"display:none;\">Toggle<\/span><span class=\"ez-toc-icon-toggle-span\"><svg style=\"fill: #999;color:#999\" xmlns=\"http:\/\/www.w3.org\/2000\/svg\" class=\"list-377408\" width=\"20px\" height=\"20px\" viewbox=\"0 0 24 24\" fill=\"none\"><path d=\"M6 6H4v2h2V6zm14 0H8v2h12V6zM4 11h2v2H4v-2zm16 0H8v2h12v-2zM4 16h2v2H4v-2zm16 0H8v2h12v-2z\" fill=\"currentColor\"><\/path><\/svg><svg style=\"fill: #999;color:#999\" class=\"arrow-unsorted-368013\" xmlns=\"http:\/\/www.w3.org\/2000\/svg\" width=\"10px\" height=\"10px\" viewbox=\"0 0 24 24\" version=\"1.2\" baseprofile=\"tiny\"><path d=\"M18.2 9.3l-6.2-6.3-6.2 6.3c-.2.2-.3.4-.3.7s.1.5.3.7c.2.2.4.3.7.3h11c.3 0 .5-.1.7-.3.2-.2.3-.5.3-.7s-.1-.5-.3-.7zM5.8 14.7l6.2 6.3 6.2-6.3c.2-.2.3-.5.3-.7s-.1-.5-.3-.7c-.2-.2-.4-.3-.7-.3h-11c-.3 0-.5.1-.7.3-.2.2-.3.5-.3.7s.1.5.3.7z\"\/><\/svg><\/span><\/span><\/span><\/a><\/span><\/div>\n<nav><ul class='ez-toc-list ez-toc-list-level-1' ><li class='ez-toc-page-1 ez-toc-heading-level-2'><a class=\"ez-toc-link ez-toc-heading-1\" href=\"https:\/\/hoodpharma.com\/es\/producto\/coca-cola-mdma\/#Coca_Cola_MDMA\" >Coca Cola MDMA<\/a><ul class='ez-toc-list-level-3' ><li class='ez-toc-heading-level-3'><a class=\"ez-toc-link ez-toc-heading-2\" href=\"https:\/\/hoodpharma.com\/es\/producto\/coca-cola-mdma\/#COCA-COLA_MDMA_ZU_VERKAUFEN\" >COCA-COLA MDMA EN VENTA<\/a><ul class='ez-toc-list-level-4' ><li class='ez-toc-heading-level-4'><a class=\"ez-toc-link ez-toc-heading-3\" href=\"https:\/\/hoodpharma.com\/es\/producto\/coca-cola-mdma\/#COCA-COLA_MDMA_ONLINE_KAUFEN_EUROPA\" >COMPRAR COCA-COLA MDMA ONLINE EUROPA<\/a><\/li><li class='ez-toc-page-1 ez-toc-heading-level-4'><a class=\"ez-toc-link ez-toc-heading-4\" href=\"https:\/\/hoodpharma.com\/es\/producto\/coca-cola-mdma\/#COCA-COLA_MDMA_ONLINE_IN_DEUTSCHLAND_KAUFEN\" >COMPRAR COCA-COLA MDMA ONLINE EN ALEMANIA<\/a><\/li><\/ul><\/li><\/ul><\/li><\/ul><\/nav><\/div>\n<h2><span class=\"ez-toc-section\" id=\"Coca_Cola_MDMA\"><\/span>Coca Cola MDMA<span class=\"ez-toc-section-end\"><\/span><\/h2>\n<p>En cualquier caso, se puede comprar Coca-Cola MDMA en l\u00ednea a un precio muy bajo. Se trata de una droga falsificada. Est\u00e1 disponible principalmente en forma de pastillas, c\u00e1psulas o polvo. La MDMA contenida en la Coca-Cola es t\u00f3xica. Sigue presente en el torrente sangu\u00edneo. Penetra en el cerebro, por lo que cambia nuestra actitud y nos da m\u00e1s energ\u00eda. La MDMA tiene un efecto diferente en cada persona.<\/p>\n<p>Te hemos dado envases, que es la forma m\u00e1s popular de tomar esta droga. Cada raci\u00f3n de Coca-Cola MDMA contiene fijadores espec\u00edficos. Los defensores de los da\u00f1os por prescripci\u00f3n m\u00e9dica advierten de la existencia de drogas de placer muy potentes en el mercado brit\u00e1nico, despu\u00e9s de que una investigaci\u00f3n sobre las drogas en un concurso de Manchester descubriera algunas con dosis dobles o incluso triples. Coca Cola MDMA.<\/p>\n<p>Puede que la coca\u00edna tenga un nombre m\u00e1s desagradable que la Coca-Cola MDMA, pero ambas deben evitarse porque pueden acarrear graves problemas. Las autorizaciones tienen una valoraci\u00f3n mucho m\u00e1s amplia de la coca\u00edna y la Coca-Cola MDMA. Pemberton defini\u00f3 la bebida como un \"t\u00f3nico para la mente y una bebida mental\", y se anunciaba como un \"medicamento patentado\". En realidad, se trata de una droga sint\u00e9tica. Coca-Cola MDMA contiene ingredientes peligrosos.<\/p>\n<h3><span class=\"ez-toc-section\" id=\"COCA-COLA_MDMA_ZU_VERKAUFEN\"><\/span>COCA-COLA MDMA EN VENTA<span class=\"ez-toc-section-end\"><\/span><\/h3>\n<p>Entra en el sistema circulatorio. Pasa por la mente, por lo que cambia nuestra actitud y nos hace sentir energizados. La MDMA tiene efectos diferentes en cada persona. Suele estar disponible en forma de pastillas, envases o polvo. Te presentamos los suplementos que son la forma m\u00e1s popular de obtener esta droga. Casi todos los ingredientes de la Coca-Cola MDMA contienen una suma focal diferente. Afirma que alivia los complejos, el est\u00f3mago irritado y el cansancio.<\/p>\n<p>Los medicamentos patentados eran combinaciones de ingredientes llamados \"notables\" y potenciadores farmacol\u00f3gicos que, seg\u00fan sus inventores, aliviaban una amplia gama de dolencias. Aunque se hac\u00edan buenas conjeturas sobre el poder de los medicamentos, se lavaban las sustancias de relleno y las impurezas con disolventes. Sin embargo, a menudo conten\u00edan sustancias que ahora sabemos que suelen provocar adicci\u00f3n, como la coca\u00edna y el opio, adem\u00e1s de ingredientes nocivos como el mercurio y el plomo. Coca Cola MDMA.<\/p>\n<p>Las mezclas con una determinada reacci\u00f3n de sustancias pueden tener un rendimiento m\u00e1s limpio que otras. Tal vez un tono en particular llamar\u00eda la atenci\u00f3n sobre el hecho de que el art\u00edculo es innegablemente m\u00e1s limpio. Adem\u00e1s, \u00bfexisten tonos que no sean en absoluto MDMA de Coca-Cola, sino compuestos con efectos comparables como MDMA Crystal o MDEA? Gracias por su tiempo y sus esfuerzos. Un exceso de fermentaci\u00f3n en las piedras preciosas mientras est\u00e1n en la fase de gaseado del aceite de base libre dar\u00e1 lugar a piedras preciosas de color terroso. Coca Cola MDMA.<\/p>\n<h4><span class=\"ez-toc-section\" id=\"COCA-COLA_MDMA_ONLINE_KAUFEN_EUROPA\"><\/span>COMPRAR COCA-COLA MDMA ONLINE EUROPA<span class=\"ez-toc-section-end\"><\/span><\/h4>\n<p>Si bien se puede identificar un particular contrastado con piedras preciosas blancas Coca-Cola MDMA HCl, esto puede no tener un impacto significativo en la virtud. La prueba de marquismo suele ser una prueba reactiva en la que se deja caer una gota de l\u00edquido reactivo sobre una peque\u00f1a muestra del material que se va a analizar. Debido a la forma en que la MDMA interact\u00faa con la serotonina y la dopamina en el cerebro, puede causar una depresi\u00f3n extrema. Coca Cola MDMA.<\/p>\n<p>Lamentablemente, las personas que abusan de la Coca-Cola MDMA se exponen a un mayor riesgo de experimentar una aut\u00e9ntica desesperaci\u00f3n que no desaparecer\u00e1 a pesar de toda contenci\u00f3n. Las sustancias del reactivo reaccionan de forma diferente con las distintas mezclas sint\u00e9ticas, dando unos tonos distintos dependiendo de lo que haya en la textura que se est\u00e1 probando. Esto depende de la capacidad de cada uno de los cient\u00edficos para matarlos o, m\u00e1s probablemente, de la capacidad (inercia) para deshacerse de ellos. Coca Cola MDMA.<\/p>\n<p>Dejando de lado los extras aumenta el peso de los elementos superiores, por lo que se puede entender por qu\u00e9 tienen que tirar de una tonelada de caca. Una cantidad suficiente de Coca-Cola MDMA puede soportar la temperatura y las capacidades del marco. Sus efectos duran mucho m\u00e1s de tres a siete horas. De vez en cuando, puedes sentirte deca\u00eddo. Coca Cola MDMA.<\/p>\n<h4><span class=\"ez-toc-section\" id=\"COCA-COLA_MDMA_ONLINE_IN_DEUTSCHLAND_KAUFEN\"><\/span>COMPRAR COCA-COLA MDMA ONLINE EN ALEMANIA<span class=\"ez-toc-section-end\"><\/span><\/h4>\n<p>Este medicamento aumenta la probabilidad de hepatitis. Suele deberse a insuficiencia hep\u00e1tica y renal. La coca\u00edna es una fant\u00e1stica y adictiva droga energ\u00e9tica. Durante muchos a\u00f1os, la gente del sur de Estados Unidos, donde crece la planta de coca, ha mordido e ingerido hojas de coca, que es la lista de sus resultados vigorizantes. Coca Cola MDMA.<\/p>\n<p>El clorhidrato de coca\u00edna, una sustancia refinada, se extra\u00eda de las plantas hace m\u00e1s de 100 a\u00f1os. A principios del siglo XX, la coca\u00edna pura era un ingrediente importante en t\u00f3nicos y elixires. MDMA en Coca-Cola: Esta droga es conocida por hacer que los dem\u00e1s se sientan importantes. Se trata de una droga estimulante. Hoy en d\u00eda es una de las drogas m\u00e1s populares entre adultos y adolescentes. Se niega que se siga utilizando en todo el mundo para sentirse muy bien. Para m\u00e1s informaci\u00f3n <a href=\"https:\/\/hoodpharma.com\/es\/pongase-en-contacto-con\/\">Contacte con nosotros<\/a> en.<\/p>","protected":false},"excerpt":{"rendered":"<p>Coca Cola MDMA Unabh\u00e4ngig davon k\u00f6nnen Sie Coca-Cola MDMA online zu einem sehr niedrigen Preis kaufen. Es ist eine F\u00e4lschung<\/p>","protected":false},"featured_media":1574,"comment_status":"open","ping_status":"closed","template":"","meta":[],"product_brand":[],"product_cat":[297],"product_tag":[],"class_list":{"0":"post-1544","1":"product","2":"type-product","3":"status-publish","4":"has-post-thumbnail","6":"product_cat-psychedelika-kaufen","8":"first","9":"instock","10":"taxable","11":"shipping-taxable","12":"purchasable","13":"product-type-variable"},"_links":{"self":[{"href":"https:\/\/hoodpharma.com\/es\/wp-json\/wp\/v2\/product\/1544","targetHints":{"allow":["GET"]}}],"collection":[{"href":"https:\/\/hoodpharma.com\/es\/wp-json\/wp\/v2\/product"}],"about":[{"href":"https:\/\/hoodpharma.com\/es\/wp-json\/wp\/v2\/types\/product"}],"replies":[{"embeddable":true,"href":"https:\/\/hoodpharma.com\/es\/wp-json\/wp\/v2\/comments?post=1544"}],"version-history":[{"count":0,"href":"https:\/\/hoodpharma.com\/es\/wp-json\/wp\/v2\/product\/1544\/revisions"}],"wp:featuredmedia":[{"embeddable":true,"href":"https:\/\/hoodpharma.com\/es\/wp-json\/wp\/v2\/media\/1574"}],"wp:attachment":[{"href":"https:\/\/hoodpharma.com\/es\/wp-json\/wp\/v2\/media?parent=1544"}],"wp:term":[{"taxonomy":"product_brand","embeddable":true,"href":"https:\/\/hoodpharma.com\/es\/wp-json\/wp\/v2\/product_brand?post=1544"},{"taxonomy":"product_cat","embeddable":true,"href":"https:\/\/hoodpharma.com\/es\/wp-json\/wp\/v2\/product_cat?post=1544"},{"taxonomy":"product_tag","embeddable":true,"href":"https:\/\/hoodpharma.com\/es\/wp-json\/wp\/v2\/product_tag?post=1544"}],"curies":[{"name":"wp","href":"https:\/\/api.w.org\/{rel}","templated":true}]}}