{"id":1551,"date":"2023-06-27T19:19:49","date_gmt":"2023-06-27T18:19:49","guid":{"rendered":"https:\/\/hoodpharma.com\/?post_type=product&#038;p=1551"},"modified":"2024-09-28T05:09:21","modified_gmt":"2024-09-28T03:09:21","slug":"maybach-mdma-kaufen","status":"publish","type":"product","link":"https:\/\/hoodpharma.com\/es\/producto\/comprar-maybach-mdma\/","title":{"rendered":"Maybach MDMA"},"content":{"rendered":"<div id=\"ez-toc-container\" class=\"ez-toc-v2_0_80 counter-hierarchy ez-toc-counter ez-toc-grey ez-toc-container-direction\">\n<div class=\"ez-toc-title-container\">\n<p class=\"ez-toc-title\" style=\"cursor:inherit\">\u00cdndice<\/p>\n<span class=\"ez-toc-title-toggle\"><a href=\"#\" class=\"ez-toc-pull-right ez-toc-btn ez-toc-btn-xs ez-toc-btn-default ez-toc-toggle\" aria-label=\"Alternar tabla de contenidos\"><span class=\"ez-toc-js-icon-con\"><span class=\"\"><span class=\"eztoc-hide\" style=\"display:none;\">Toggle<\/span><span class=\"ez-toc-icon-toggle-span\"><svg style=\"fill: #999;color:#999\" xmlns=\"http:\/\/www.w3.org\/2000\/svg\" class=\"list-377408\" width=\"20px\" height=\"20px\" viewbox=\"0 0 24 24\" fill=\"none\"><path d=\"M6 6H4v2h2V6zm14 0H8v2h12V6zM4 11h2v2H4v-2zm16 0H8v2h12v-2zM4 16h2v2H4v-2zm16 0H8v2h12v-2z\" fill=\"currentColor\"><\/path><\/svg><svg style=\"fill: #999;color:#999\" class=\"arrow-unsorted-368013\" xmlns=\"http:\/\/www.w3.org\/2000\/svg\" width=\"10px\" height=\"10px\" viewbox=\"0 0 24 24\" version=\"1.2\" baseprofile=\"tiny\"><path d=\"M18.2 9.3l-6.2-6.3-6.2 6.3c-.2.2-.3.4-.3.7s.1.5.3.7c.2.2.4.3.7.3h11c.3 0 .5-.1.7-.3.2-.2.3-.5.3-.7s-.1-.5-.3-.7zM5.8 14.7l6.2 6.3 6.2-6.3c.2-.2.3-.5.3-.7s-.1-.5-.3-.7c-.2-.2-.4-.3-.7-.3h-11c-.3 0-.5.1-.7.3-.2.2-.3.5-.3.7s.1.5.3.7z\"\/><\/svg><\/span><\/span><\/span><\/a><\/span><\/div>\n<nav><ul class='ez-toc-list ez-toc-list-level-1' ><li class='ez-toc-page-1 ez-toc-heading-level-2'><a class=\"ez-toc-link ez-toc-heading-1\" href=\"https:\/\/hoodpharma.com\/es\/producto\/comprar-maybach-mdma\/#Maybach_MDMA_kaufen\" >Comprar MDMA Maybach<\/a><ul class='ez-toc-list-level-3' ><li class='ez-toc-heading-level-3'><a class=\"ez-toc-link ez-toc-heading-2\" href=\"https:\/\/hoodpharma.com\/es\/producto\/comprar-maybach-mdma\/#MDMA_PILLEN_ONLINE_KAUFEN\" >COMPRAR PASTILLAS MDMA ONLINE<\/a><ul class='ez-toc-list-level-4' ><li class='ez-toc-heading-level-4'><a class=\"ez-toc-link ez-toc-heading-3\" href=\"https:\/\/hoodpharma.com\/es\/producto\/comprar-maybach-mdma\/#MDMA_ONLINE_KAUFEN\" >COMPRAR MDMA ONLINE<\/a><ul class='ez-toc-list-level-5' ><li class='ez-toc-heading-level-5'><a class=\"ez-toc-link ez-toc-heading-4\" href=\"https:\/\/hoodpharma.com\/es\/producto\/comprar-maybach-mdma\/#MDMA_PILLS_FOR_SALE_EUROPE\" >MDMA PILLS FOR SALE EUROPE<\/a><\/li><li class='ez-toc-page-1 ez-toc-heading-level-5'><a class=\"ez-toc-link ez-toc-heading-5\" href=\"https:\/\/hoodpharma.com\/es\/producto\/comprar-maybach-mdma\/#MEHR\" >M\u00c1S<\/a><\/li><\/ul><\/li><\/ul><\/li><\/ul><\/li><\/ul><\/nav><\/div>\n<h2><span class=\"ez-toc-section\" id=\"Maybach_MDMA_kaufen\"><\/span>Comprar MDMA Maybach<span class=\"ez-toc-section-end\"><\/span><\/h2>\n<p>En primer lugar, MDMA Alemania comprar a precios muy asequibles. Por no hablar de que tenemos las mejores pastillas de MDMA para la venta en l\u00ednea. La transacci\u00f3n es irrastreable y extremadamente cuidadosa. Trabajamos con evidente experiencia y cuidado. As\u00ed que podemos hacerte feliz cuando lleguen los art\u00edculos. Cuando usted solicita algo, tiene la impresi\u00f3n de que est\u00e1 siendo manejado por profesionales. El car\u00e1cter anfetam\u00ednico alucin\u00f3geno de la MDMA Maybach ofrece a los rave-goers una variedad de componentes fascinantes.<\/p>\n<p>Debido al efecto estimulante de la droga, algunos consumidores finales disfrutan de la sensaci\u00f3n de comunidad de masas, mientras que otros la utilizan como combustible para las tertulias. Comprar Maybach El MDMA (\u00e9xtasis), tambi\u00e9n conocido como \"Happiness\" o XTC, suele ser consumido por j\u00f3venes y personas mayores en las grandes ciudades. Pueden producirse numerosos efectos adversos con la sobredosis, como sacudidas de mand\u00edbula, temblores musculares, n\u00e1useas\/v\u00f3mitos y un aumento del ritmo card\u00edaco. Venta de pastillas de MDMA<\/p>\n<p>Adem\u00e1s, cuando hay un exceso, el nivel de calor interno de una persona aumenta con m\u00e1s fuerza y pueden producirse viajes mentales. En consecuencia, es probable que los dentistas se enfrenten a personas que consumen felicidad. La raz\u00f3n de esto, seg\u00fan explican los expertos, es el aumento de las sinapsis en nuestro cerebro, aunque esto a\u00fan no se ha demostrado. Comprar MDMA Alemania<\/p>\n<h3><span class=\"ez-toc-section\" id=\"MDMA_PILLEN_ONLINE_KAUFEN\"><\/span>COMPRAR PASTILLAS MDMA ONLINE<span class=\"ez-toc-section-end\"><\/span><\/h3>\n<p>Tambi\u00e9n se ha descubierto que ciertas p\u00edldoras picantes inhiben el movimiento de la dopamina, una sustancia sint\u00e9tica del cerebro. Gru\u00f1ir de felicidad acelerar\u00e1 los resultados y conducir\u00e1 a un cl\u00edmax m\u00e1s limitado y mucho m\u00e1s completo. La forma de tomar una droga determina la velocidad a la que llega al cerebro, y gru\u00f1ir es una de las m\u00e1s r\u00e1pidas. Al d\u00eda siguiente, tras tomar dosis elevadas de MDMA Maybach, aument\u00f3 la depresi\u00f3n, as\u00ed como la falta de concentraci\u00f3n, los trastornos del sue\u00f1o y la disminuci\u00f3n del apetito por las limas. Comprar MDMA Maybach.<\/p>\n<p>Seg\u00fan los cient\u00edficos, funcionan observando el movimiento de las sinapsis en nuestro cerebro, aunque esto a\u00fan no se ha confirmado. La MDMA Maybach (alegr\u00eda) a menudo se fabrica mal, y la cantidad de MDMA Maybach en la pastilla\/caja puede variar incre\u00edblemente, incluso dentro del mismo paquete. El tiempo que transcurre entre que se recibe la droga y se experimenta un resultado parece variar en funci\u00f3n de la droga y de la persona. Comprar MDMA Maybach.<\/p>\n<p>El nombre real compuesto \"Mandy\" y el marco temporal estadounidense \"Molly\" casual con Maybach MDMA en una estructura de polvo transl\u00facido que se cree que est\u00e1 libre de impurezas. Maybach MDMA tambi\u00e9n se comercializa en forma de sales de hidrocloruro, ya sea como gemas disueltas o en c\u00e1psulas de gel. Tambi\u00e9n se ha aclarado que ciertas p\u00edldoras inteligentes inhiben la formaci\u00f3n de dopamina, una sustancia sint\u00e9tica que se encuentra en el cerebro. Comprar MDMA Maybach.<\/p>\n<h4><span class=\"ez-toc-section\" id=\"MDMA_ONLINE_KAUFEN\"><\/span>COMPRAR MDMA ONLINE<span class=\"ez-toc-section-end\"><\/span><\/h4>\n<p>La alegr\u00eda suele comercializarse en forma de comprimidos (comprimidos Purple Maybach), que algunos clientes granulan y gru\u00f1en. Gru\u00f1ir la alegr\u00eda puede hacer que las ramificaciones del cliente alcancen su punto m\u00e1ximo antes, pero tambi\u00e9n puede aumentar los riesgos asociados a la droga. La MDMA Maybach (euforia) a menudo se fabrica de forma reputada, y la cantidad de MDMA Maybach en la pastilla\/contenedor puede variar significativamente, incluso dentro del mismo paquete. Comprar MDMA Alemania<\/p>\n<p>El tiempo transcurrido entre la toma de la droga y la aparici\u00f3n de los efectos puede variar en funci\u00f3n de la droga y de la persona. Purple Maybach Maybach MDMA es una falsificaci\u00f3n con propiedades estimulantes casi id\u00e9nticas a las de la anfetamina y moderadamente estimulante. Maybach MDMA es el principal especialista psicoactivo en muchas p\u00edldoras de placer. Comprar Maybach MDMA.<\/p>\n<p>Sin embargo, los t\u00f3xicos rara vez son Maybach MDMA puro; en su lugar, la fabricaci\u00f3n il\u00edcita de p\u00edldoras de la felicidad suele consistir en combinar Maybach MDMA con otras drogas prescritas por profesionales, como cafe\u00edna, anfetaminas, coca\u00edna, ketamina o narc\u00f3ticos. \u00c9xtasis es otro nombre de la MDMA Maybach. MDMA (\u00e9xtasis) se produce generalmente muy fuerte, y la cantidad de Maybach MDMA en una p\u00edldora \/ c\u00e1scara puede ser partes agradables incluso dentro de un paquete similar. Comprar Maybach MDMA.<\/p>\n<h5><span class=\"ez-toc-section\" id=\"MDMA_PILLS_FOR_SALE_EUROPE\"><\/span>MDMA PILLS FOR SALE EUROPE<span class=\"ez-toc-section-end\"><\/span><\/h5>\n<p>Sin embargo, los narc\u00f3ticos rara vez son Maybach MDMA puro; en su lugar, la fabricaci\u00f3n il\u00edcita de p\u00edldoras de la felicidad suele consistir en combinar Maybach MDMA con otras drogas prescritas por profesionales, como cafe\u00edna, anfetaminas, coca\u00edna, ketamina o narc\u00f3ticos. \u00c9xtasis es otro nombre de la MDMA Maybach. La MDMA (\u00e9xtasis) suele producirse en grandes cantidades, y la cantidad de MDMA Maybach en una pastilla\/envase puede ser de partes agradables, incluso dentro de un paquete similar. Comprar MDMA EUROPA<\/p>\n<p>Independientemente de esto, no est\u00e1 claro c\u00f3mo influyen en nuestra cognici\u00f3n. Al d\u00eda siguiente, tras tomar altas dosis de MDMA Maybach, aument\u00f3 la depresi\u00f3n. Un trozo ins\u00edpido de \u0441\u043en\u0441\u0435ntr\u0430ti\u043en, un trastorno del sue\u00f1o y un \u043efile \u0430\u0440\u0440\u0435tt\u0435 en descomposici\u00f3n El examen de marquis es una prueba de disciplina reactiva en la que se gotea una gota de l\u00edquido reactivo sobre una peque\u00f1a muestra de la textura que se va a examinar. Comprar Maybach MDMA.<\/p>\n<p>En cada caso, las sustancias del reactivo reaccionan con distintas sustancias compuestas, lo que da lugar a unos tonos diferentes dependiendo de lo que haya en el material que se est\u00e1 descomponiendo. Una sobredosis puede provocar sacudidas de mand\u00edbula, temblores musculares, n\u00e1useas\/v\u00f3mitos y aumento de la tensi\u00f3n arterial. La temperatura corporal tambi\u00e9n aumenta dr\u00e1sticamente con una sobredosis y pueden producirse alucinaciones. Comprar MDMA Maybach.<\/p>\n<h5><span class=\"ez-toc-section\" id=\"MEHR\"><\/span>M\u00c1S<span class=\"ez-toc-section-end\"><\/span><\/h5>\n<p>La cantidad de MDMA Maybach en las c\u00e1psulas de \u00e9xtasis ha aumentado en Europa en los \u00faltimos a\u00f1os debido a las tiendas de \u00e9xtasis en l\u00ednea. La MDMA Maybach morada es un estimulante sint\u00e9tico con propiedades similares a las anfetaminas y un leve efecto alucin\u00f3geno. Muchas pastillas de \u00e9xtasis contienen Maybach MDMA como principal sustancia psicoactiva. Sin embargo, las pastillas de \u00e9xtasis rara vez son Maybach MDMA puro; en su lugar, la MDMA se mezcla a menudo con otras drogas de prescripci\u00f3n como cafe\u00edna, anfetaminas, coca\u00edna, ketamina u opi\u00e1ceos en la fabricaci\u00f3n il\u00edcita de pastillas de \u00e9xtasis. Comprar MDMA Alemania<\/p>\n<p>El MDMA de Maybach tambi\u00e9n se conoce como \u00e9xtasis. Una sociedad que cree en su difusi\u00f3n es alegre y ligera, y baila hasta que sale el sol. Intercambiamos regalos con los vecinos. Env\u00edame un mensaje privado si eres un cliente fiel que nos ha dejado una rese\u00f1a. Los compradores potenciales que reciban notificaciones cuando alcancemos hitos podr\u00e1n recibir hasta 50% de pedidos. En aaronay.com, puedes comprar MDMA p\u00farpura Maybach barato online y estar seguro de que es de la mejor calidad y est\u00e1 libre de impurezas farmac\u00e9uticas. Para m\u00e1s informaci\u00f3n, <a href=\"https:\/\/hoodpharma.com\/es\/pongase-en-contacto-con\/\">Contacto<\/a> por favor.<\/p>","protected":false},"excerpt":{"rendered":"<p>Maybach MDMA kaufen Zun\u00e4chst einmal, MDMA Deutschland kaufen zu sehr g\u00fcnstigen Preisen. Ganz zu schweigen davon, dass wir die besten<\/p>","protected":false},"featured_media":1575,"comment_status":"open","ping_status":"closed","template":"","meta":[],"product_brand":[],"product_cat":[297],"product_tag":[],"class_list":{"0":"post-1551","1":"product","2":"type-product","3":"status-publish","4":"has-post-thumbnail","6":"product_cat-psychedelika-kaufen","8":"first","9":"instock","10":"taxable","11":"shipping-taxable","12":"purchasable","13":"product-type-variable"},"_links":{"self":[{"href":"https:\/\/hoodpharma.com\/es\/wp-json\/wp\/v2\/product\/1551","targetHints":{"allow":["GET"]}}],"collection":[{"href":"https:\/\/hoodpharma.com\/es\/wp-json\/wp\/v2\/product"}],"about":[{"href":"https:\/\/hoodpharma.com\/es\/wp-json\/wp\/v2\/types\/product"}],"replies":[{"embeddable":true,"href":"https:\/\/hoodpharma.com\/es\/wp-json\/wp\/v2\/comments?post=1551"}],"version-history":[{"count":0,"href":"https:\/\/hoodpharma.com\/es\/wp-json\/wp\/v2\/product\/1551\/revisions"}],"wp:featuredmedia":[{"embeddable":true,"href":"https:\/\/hoodpharma.com\/es\/wp-json\/wp\/v2\/media\/1575"}],"wp:attachment":[{"href":"https:\/\/hoodpharma.com\/es\/wp-json\/wp\/v2\/media?parent=1551"}],"wp:term":[{"taxonomy":"product_brand","embeddable":true,"href":"https:\/\/hoodpharma.com\/es\/wp-json\/wp\/v2\/product_brand?post=1551"},{"taxonomy":"product_cat","embeddable":true,"href":"https:\/\/hoodpharma.com\/es\/wp-json\/wp\/v2\/product_cat?post=1551"},{"taxonomy":"product_tag","embeddable":true,"href":"https:\/\/hoodpharma.com\/es\/wp-json\/wp\/v2\/product_tag?post=1551"}],"curies":[{"name":"wp","href":"https:\/\/api.w.org\/{rel}","templated":true}]}}