{"id":1703,"date":"2023-06-27T19:20:33","date_gmt":"2023-06-27T18:20:33","guid":{"rendered":"https:\/\/hoodpharma.com\/?post_type=product&#038;p=1703"},"modified":"2025-11-15T20:16:01","modified_gmt":"2025-11-15T19:16:01","slug":"etizolam-kaufen-deutschland","status":"publish","type":"product","link":"https:\/\/hoodpharma.com\/es\/producto\/comprar-etizolam-alemania\/","title":{"rendered":"Etizolam"},"content":{"rendered":"<div id=\"ez-toc-container\" class=\"ez-toc-v2_0_80 counter-hierarchy ez-toc-counter ez-toc-grey ez-toc-container-direction\">\n<div class=\"ez-toc-title-container\">\n<p class=\"ez-toc-title\" style=\"cursor:inherit\">\u00cdndice<\/p>\n<span class=\"ez-toc-title-toggle\"><a href=\"#\" class=\"ez-toc-pull-right ez-toc-btn ez-toc-btn-xs ez-toc-btn-default ez-toc-toggle\" aria-label=\"Alternar tabla de contenidos\"><span class=\"ez-toc-js-icon-con\"><span class=\"\"><span class=\"eztoc-hide\" style=\"display:none;\">Toggle<\/span><span class=\"ez-toc-icon-toggle-span\"><svg style=\"fill: #999;color:#999\" xmlns=\"http:\/\/www.w3.org\/2000\/svg\" class=\"list-377408\" width=\"20px\" height=\"20px\" viewbox=\"0 0 24 24\" fill=\"none\"><path d=\"M6 6H4v2h2V6zm14 0H8v2h12V6zM4 11h2v2H4v-2zm16 0H8v2h12v-2zM4 16h2v2H4v-2zm16 0H8v2h12v-2z\" fill=\"currentColor\"><\/path><\/svg><svg style=\"fill: #999;color:#999\" class=\"arrow-unsorted-368013\" xmlns=\"http:\/\/www.w3.org\/2000\/svg\" width=\"10px\" height=\"10px\" viewbox=\"0 0 24 24\" version=\"1.2\" baseprofile=\"tiny\"><path d=\"M18.2 9.3l-6.2-6.3-6.2 6.3c-.2.2-.3.4-.3.7s.1.5.3.7c.2.2.4.3.7.3h11c.3 0 .5-.1.7-.3.2-.2.3-.5.3-.7s-.1-.5-.3-.7zM5.8 14.7l6.2 6.3 6.2-6.3c.2-.2.3-.5.3-.7s-.1-.5-.3-.7c-.2-.2-.4-.3-.7-.3h-11c-.3 0-.5.1-.7.3-.2.2-.3.5-.3.7s.1.5.3.7z\"\/><\/svg><\/span><\/span><\/span><\/a><\/span><\/div>\n<nav><ul class='ez-toc-list ez-toc-list-level-1' ><li class='ez-toc-page-1 ez-toc-heading-level-2'><a class=\"ez-toc-link ez-toc-heading-1\" href=\"https:\/\/hoodpharma.com\/es\/producto\/comprar-etizolam-alemania\/#Etizolam_Kaufen_Deutschland\" >Comprar Etizolam Alemania<\/a><ul class='ez-toc-list-level-4' ><li class='ez-toc-heading-level-4'><ul class='ez-toc-list-level-4' ><li class='ez-toc-heading-level-4'><a class=\"ez-toc-link ez-toc-heading-2\" href=\"https:\/\/hoodpharma.com\/es\/producto\/comprar-etizolam-alemania\/#ETIZOLAM_ONLINE_KAUFEN\" >COMPRAR ETIZOLAM ONLINE<\/a><\/li><li class='ez-toc-page-1 ez-toc-heading-level-4'><a class=\"ez-toc-link ez-toc-heading-3\" href=\"https:\/\/hoodpharma.com\/es\/producto\/comprar-etizolam-alemania\/#ETIZOLAM_ZUM_VERKAUF_ONLINE\" >ETIZOLAM VENTA ONLINE<\/a><ul class='ez-toc-list-level-5' ><li class='ez-toc-heading-level-5'><a class=\"ez-toc-link ez-toc-heading-4\" href=\"https:\/\/hoodpharma.com\/es\/producto\/comprar-etizolam-alemania\/#ZUSATZLICH\" >ADICIONAL<\/a><\/li><\/ul><\/li><\/ul><\/li><\/ul><\/li><\/ul><\/nav><\/div>\n<h2><span class=\"ez-toc-section\" id=\"Etizolam_Kaufen_Deutschland\"><\/span><span class=\"___SText_4qyg4-ko_\" data-ui-name=\"Link.Text\">Comprar Etizolam Alemania<\/span><span class=\"ez-toc-section-end\"><\/span><\/h2>\n<p>De Norteam\u00e9rica a Sudam\u00e9rica, de Europa a Asia, tenemos a la venta etizolam puro de gran calidad. <a href=\"https:\/\/rc-chems.org\/de\/home\/67-etizolam-1mg.html\" target=\"_blank\" rel=\"noopener\">Etizolam<\/a> se cree que lograr antidepresivo, anti-estr\u00e9s y anti-ansiedad, y el equilibrio general de los resultados en la organizaci\u00f3n y tambi\u00e9n ha sido aprobado para uso m\u00e9dico en esta situaci\u00f3n. Aunque el medicamento puede provocar una mejora del ansia, este efecto no aparece en todos los compradores.<\/p>\n<p>Cuando la gente anuncia la desintegraci\u00f3n del etizolam, no deber\u00eda ser ning\u00fan problema calentarlo para ayudar a romperlo, y poner el polvo en una cantidad percibida de l\u00edquido y agitarlo en\u00e9rgicamente deber\u00eda funcionar incre\u00edblemente despu\u00e9s de alg\u00fan tiempo. Un miligramo de etizolam tiene un efecto similar a diez miligramos de Valium (diazepam). El etizolam no puede considerarse una benzodiacepina, ya que tiene un sistema de sustancias caracterizado por un anillo de tiofeno en lugar de un anillo de benceno. Venta de Etizolam<\/p>\n<p>Como la mayor\u00eda de los pa\u00edses del mundo no proh\u00edben los an\u00e1logos de las benzodiacepinas, esta droga es legal en casi todos los pa\u00edses del mundo. \u00a1Es legal en todo el mundo! Tiene propiedades ansiol\u00edticas, sedantes, hipn\u00f3ticas, amn\u00e9sicas y relajantes, similares a las de su compuesto hermano el alprazolam y otras benzodiacepinas. Un estudio que utiliz\u00f3 etizolam descubri\u00f3 que eliminaba completamente los ensue\u00f1os audibles en esquizofr\u00e9nicos. Etizolam Comprar Alemania.<\/p>\n<h4><span class=\"ez-toc-section\" id=\"ETIZOLAM_ONLINE_KAUFEN\"><\/span>COMPRAR ETIZOLAM ONLINE<span class=\"ez-toc-section-end\"><\/span><\/h4>\n<p>De las consideraciones, Etizolam se percibe artificialmente con benzodiazepinas y capacidades a trav\u00e9s de un receptor GABA autoridad. Etizolam en polvo no se utiliza normalmente. El estr\u00e9s y el nerviosismo no suelen ser desagradables, pero hay una variedad de trastornos de ansiedad. Problemas de nerviosismo son un grupo de enfermedades mentales que causan confusi\u00f3n y sorprendente de la presi\u00f3n, la tensi\u00f3n y la ansiedad. Etizolam Comprar Alemania.<\/p>\n<p>El etizolam es el medicamento m\u00e1s peligroso contra el estr\u00e9s que puede convertirse en polvo. Es el mejor sistema para las convulsiones y la desesperanza, e inmediatamente comenzar\u00e1 a darle una sensaci\u00f3n de calma y serenidad. Tambi\u00e9n puede utilizarse para tratar el insomnio y otros trastornos del sue\u00f1o. Cuando te enfrentas a una situaci\u00f3n dif\u00edcil en el trabajo, te enfrentas a un examen o tienes que tomar una decisi\u00f3n cr\u00edtica, todo el mundo experimenta estr\u00e9s en alg\u00fan momento, y ah\u00ed es donde las pastillas de Etizolam pueden ayudar. Venta de Etizolam<\/p>\n<p>Las mezclas son una selecci\u00f3n de algunas mezclas sint\u00e9ticas en fase de investigaci\u00f3n mejor percibidas que existen desde hace algunos a\u00f1os. Debido a que han existido durante mucho tiempo, a menudo se asocian con los CR de la \"vieja escuela\". Tambi\u00e9n se dice que la gente usa la droga con fines recreativos porque tiene efectos como la autoexpansi\u00f3n interior, el camuflaje energ\u00e9tico y la sensaci\u00f3n de contenci\u00f3n. Etizolam Comprar Alemania.<\/p>\n<h4><span class=\"ez-toc-section\" id=\"ETIZOLAM_ZUM_VERKAUF_ONLINE\"><\/span>ETIZOLAM VENTA ONLINE<span class=\"ez-toc-section-end\"><\/span><\/h4>\n<p>Tambi\u00e9n se ha utilizado para actividades de ocio. Este art\u00edculo est\u00e1 destinado a programas de medici\u00f3n y ensayo. Est\u00e1 clasificado como una tienodiazepina y ha sido dise\u00f1ado espec\u00edficamente para eludir la legislaci\u00f3n sobre las benzodiazepinas. El etizolam tiene el mismo efecto que el alprazolam. La parte extendida puede causar una amplia gama de resultados, pero tambi\u00e9n puede tener efectos secundarios desfavorables que incluyen cosas como la travesura extrema o la muerte en condiciones reales. EEtizolam Comprar Alemania.<\/p>\n<p>El polvo de etizolam, tambi\u00e9n conocido como Etilaam o Etizest, es una tienodiazepina simple fabricada y es un compuesto depresor que causa efectos antiestr\u00e9s, ansiol\u00edticos y relajantes comparables a los de la benzodiazepina. Es una sustancia de investigaci\u00f3n bien conocido que viene en forma de p\u00edldoras, polvos u opciones. Venta de etizolam<\/p>\n<p>El polvo de etizolam consiste en 99,8% de etizolam puro. Es un compuesto v\u00edtreo inodoro que es insoluble en agua pero ligeramente soluble en etanol. Mientras tanto, sirve como disolvente en curas de cloroformo y metanol. A pesar de que todav\u00eda se considera un medicamento de venta con receta, la legalidad del Etizolam en los Estados Unidos no est\u00e1 controlada ni restringida, ya que debe ser recetado por un especialista autorizado. Etizolam comprar uk<\/p>\n<h5><span class=\"ez-toc-section\" id=\"ZUSATZLICH\"><\/span>ADICIONAL<span class=\"ez-toc-section-end\"><\/span><\/h5>\n<p>A menudo se recomienda que la dosis de Etizolam en polvo no supere 1mg por dosis. Funciona calmando la mente del individuo al actuar sobre el lado benzodiacep\u00ednico de los receptores GABA del cerebro. El etizolam se ha comparado con el alprazolam y el bromazepam en el tratamiento del trastorno de ansiedad generalizada. Venta de Etizolam<\/p>\n<p>En el estudio preliminar, el etizolam super\u00f3 en efecto estimulante a los otros dos medicamentos recomendados por los m\u00e9dicos. Cuando se disuelve en l\u00edquidos claros, adquiere un color azul. Sin embargo, el color azul puede difuminarse cuando se toma en l\u00edquidos de un color m\u00e1s oscuro. El color azul no estar\u00e1 disponible en las variantes no exclusivas de Rohypnol. Etizolam Comprar Alemania.<\/p>\n<p>Generalmente se refiere a la duraci\u00f3n total aportada por la acci\u00f3n de la sustancia, as\u00ed como a la cantidad total quemada en un periodo de tiempo determinado. Generalmente se cree que este medicamento se utiliza para aliviar el estr\u00e9s y ejercitar la memoria. La gente suele utilizar el medicamento con fines de relajaci\u00f3n, ya que puede causar efectos secundarios como hinchaz\u00f3n de la conciencia. Para m\u00e1s informaci\u00f3n<a href=\"https:\/\/hoodpharma.com\/es\/pongase-en-contacto-con\/\"> Contacto<\/a> por favor.<\/p>","protected":false},"excerpt":{"rendered":"<p>Etizolam Kaufen Deutschland Von Nord- bis S\u00fcdamerika, Europa bis Asien, haben wir wirklich hochwertige, reine Etizolam zum Verkauf. Etizolam ist<\/p>","protected":false},"featured_media":1896,"comment_status":"open","ping_status":"closed","template":"","meta":[],"product_brand":[],"product_cat":[296],"product_tag":[],"class_list":{"0":"post-1703","1":"product","2":"type-product","3":"status-publish","4":"has-post-thumbnail","6":"product_cat-benzodiazepine-kaufen","8":"first","9":"instock","10":"taxable","11":"shipping-taxable","12":"purchasable","13":"product-type-variable"},"_links":{"self":[{"href":"https:\/\/hoodpharma.com\/es\/wp-json\/wp\/v2\/product\/1703","targetHints":{"allow":["GET"]}}],"collection":[{"href":"https:\/\/hoodpharma.com\/es\/wp-json\/wp\/v2\/product"}],"about":[{"href":"https:\/\/hoodpharma.com\/es\/wp-json\/wp\/v2\/types\/product"}],"replies":[{"embeddable":true,"href":"https:\/\/hoodpharma.com\/es\/wp-json\/wp\/v2\/comments?post=1703"}],"version-history":[{"count":1,"href":"https:\/\/hoodpharma.com\/es\/wp-json\/wp\/v2\/product\/1703\/revisions"}],"predecessor-version":[{"id":2543,"href":"https:\/\/hoodpharma.com\/es\/wp-json\/wp\/v2\/product\/1703\/revisions\/2543"}],"wp:featuredmedia":[{"embeddable":true,"href":"https:\/\/hoodpharma.com\/es\/wp-json\/wp\/v2\/media\/1896"}],"wp:attachment":[{"href":"https:\/\/hoodpharma.com\/es\/wp-json\/wp\/v2\/media?parent=1703"}],"wp:term":[{"taxonomy":"product_brand","embeddable":true,"href":"https:\/\/hoodpharma.com\/es\/wp-json\/wp\/v2\/product_brand?post=1703"},{"taxonomy":"product_cat","embeddable":true,"href":"https:\/\/hoodpharma.com\/es\/wp-json\/wp\/v2\/product_cat?post=1703"},{"taxonomy":"product_tag","embeddable":true,"href":"https:\/\/hoodpharma.com\/es\/wp-json\/wp\/v2\/product_tag?post=1703"}],"curies":[{"name":"wp","href":"https:\/\/api.w.org\/{rel}","templated":true}]}}