{"id":2184,"date":"2024-08-28T15:13:37","date_gmt":"2024-08-28T13:13:37","guid":{"rendered":"https:\/\/hoodpharma.com\/?post_type=product&#038;p=2184"},"modified":"2024-09-29T20:45:37","modified_gmt":"2024-09-29T18:45:37","slug":"diazepam-kaufen","status":"publish","type":"product","link":"https:\/\/hoodpharma.com\/es\/producto\/comprar-diazepam\/","title":{"rendered":"Diazepam"},"content":{"rendered":"<div id=\"ez-toc-container\" class=\"ez-toc-v2_0_80 counter-hierarchy ez-toc-counter ez-toc-grey ez-toc-container-direction\">\n<div class=\"ez-toc-title-container\">\n<p class=\"ez-toc-title\" style=\"cursor:inherit\">\u00cdndice<\/p>\n<span class=\"ez-toc-title-toggle\"><a href=\"#\" class=\"ez-toc-pull-right ez-toc-btn ez-toc-btn-xs ez-toc-btn-default ez-toc-toggle\" aria-label=\"Alternar tabla de contenidos\"><span class=\"ez-toc-js-icon-con\"><span class=\"\"><span class=\"eztoc-hide\" style=\"display:none;\">Toggle<\/span><span class=\"ez-toc-icon-toggle-span\"><svg style=\"fill: #999;color:#999\" xmlns=\"http:\/\/www.w3.org\/2000\/svg\" class=\"list-377408\" width=\"20px\" height=\"20px\" viewbox=\"0 0 24 24\" fill=\"none\"><path d=\"M6 6H4v2h2V6zm14 0H8v2h12V6zM4 11h2v2H4v-2zm16 0H8v2h12v-2zM4 16h2v2H4v-2zm16 0H8v2h12v-2z\" fill=\"currentColor\"><\/path><\/svg><svg style=\"fill: #999;color:#999\" class=\"arrow-unsorted-368013\" xmlns=\"http:\/\/www.w3.org\/2000\/svg\" width=\"10px\" height=\"10px\" viewbox=\"0 0 24 24\" version=\"1.2\" baseprofile=\"tiny\"><path d=\"M18.2 9.3l-6.2-6.3-6.2 6.3c-.2.2-.3.4-.3.7s.1.5.3.7c.2.2.4.3.7.3h11c.3 0 .5-.1.7-.3.2-.2.3-.5.3-.7s-.1-.5-.3-.7zM5.8 14.7l6.2 6.3 6.2-6.3c.2-.2.3-.5.3-.7s-.1-.5-.3-.7c-.2-.2-.4-.3-.7-.3h-11c-.3 0-.5.1-.7.3-.2.2-.3.5-.3.7s.1.5.3.7z\"\/><\/svg><\/span><\/span><\/span><\/a><\/span><\/div>\n<nav><ul class='ez-toc-list ez-toc-list-level-1' ><li class='ez-toc-page-1 ez-toc-heading-level-2'><a class=\"ez-toc-link ez-toc-heading-1\" href=\"https:\/\/hoodpharma.com\/es\/producto\/comprar-diazepam\/#Diazepam_kaufen_Dein_Weg_zu_mehr_Entspannung\" >Comprar Diazepam: Su camino hacia una mayor relajaci\u00f3n<\/a><ul class='ez-toc-list-level-3' ><li class='ez-toc-heading-level-3'><a class=\"ez-toc-link ez-toc-heading-2\" href=\"https:\/\/hoodpharma.com\/es\/producto\/comprar-diazepam\/#Warum_Valium_kaufen\" >\u00bfPor qu\u00e9 comprar Valium?<\/a><\/li><li class='ez-toc-page-1 ez-toc-heading-level-3'><a class=\"ez-toc-link ez-toc-heading-3\" href=\"https:\/\/hoodpharma.com\/es\/producto\/comprar-diazepam\/#Diazepam_kaufen_Haufig_gestellte_Fragen_FAQs\" >Comprar Diazepam: Preguntas m\u00e1s frecuentes<\/a><\/li><li class='ez-toc-page-1 ez-toc-heading-level-3'><a class=\"ez-toc-link ez-toc-heading-4\" href=\"https:\/\/hoodpharma.com\/es\/producto\/comprar-diazepam\/#Tipps_zum_Valium_kaufen\" >Consejos para comprar Valium<\/a><\/li><\/ul><\/li><\/ul><\/nav><\/div>\n<h2><span class=\"ez-toc-section\" id=\"Diazepam_kaufen_Dein_Weg_zu_mehr_Entspannung\"><\/span>Comprar Diazepam: Su camino hacia una mayor relajaci\u00f3n<span class=\"ez-toc-section-end\"><\/span><\/h2>\n<p>Si desea comprar Diazepam, ha llegado al lugar adecuado.<\/p>\n<p>El diazepam es conocido por sus efectos calmantes y relajantes. Tanto si busca una soluci\u00f3n para el estr\u00e9s, la ansiedad o los problemas de sue\u00f1o, el diazepam puede ayudarle a sentirse m\u00e1s relajado y a afrontar mejor la vida cotidiana.<\/p>\n<h3><span class=\"ez-toc-section\" id=\"Warum_Valium_kaufen\"><\/span>\u00bfPor qu\u00e9 comprar Valium?<span class=\"ez-toc-section-end\"><\/span><\/h3>\n<p>Comprar Diazepam puede ayudarle en muchas situaciones. Estas son algunas de las razones por las que la gente elige Diazepam:<\/p>\n<ul>\n<li><strong>Reducci\u00f3n del estr\u00e9s:<\/strong> El diazepam puede ayudarle a relajarse y a reducir el estr\u00e9s.<\/li>\n<li><strong>Superar la ansiedad:<\/strong> Se utiliza a menudo para tratar los trastornos de ansiedad.<\/li>\n<li><strong>Mejora el sue\u00f1o:<\/strong> Muchas personas lo utilizan para ayudar con problemas de sue\u00f1o.<\/li>\n<\/ul>\n<h3><span class=\"ez-toc-section\" id=\"Diazepam_kaufen_Haufig_gestellte_Fragen_FAQs\"><\/span>Comprar Diazepam: Preguntas m\u00e1s frecuentes<span class=\"ez-toc-section-end\"><\/span><\/h3>\n<p><strong>\u00bfDiazepam s\u00f3lo se vende con receta m\u00e9dica?<\/strong><\/p>\n<p>S\u00ed, el diazepam se vende con receta en muchos pa\u00edses. Se necesita la receta de un m\u00e9dico para comprarlo legalmente.<\/p>\n<p><strong>\u00bfC\u00f3mo se dosifica el diazepam?<\/strong><\/p>\n<p>La dosis de diazepam depende de sus necesidades espec\u00edficas y de la recomendaci\u00f3n de su m\u00e9dico. Empiece siempre con la dosis m\u00e1s baja y aum\u00e9ntela seg\u00fan sea necesario.<\/p>\n<p><strong>\u00bfD\u00f3nde se puede comprar Valium?<\/strong><\/p>\n<p>Si desea comprar Diazepam, debe asegurarse de que lo compra en una farmacia de confianza o a un proveedor autorizado. F\u00edjese en:<\/p>\n<ul>\n<li><strong>Reputaci\u00f3n:<\/strong> Elija proveedores con buenas calificaciones y un historial fiable.<\/li>\n<li><strong>Calidad:<\/strong> Aseg\u00farese de que el producto es aut\u00e9ntico y seguro.<\/li>\n<li><strong>Atenci\u00f3n al cliente:<\/strong> Un buen proveedor deber\u00eda poder ayudarle con sus dudas sobre dosificaci\u00f3n o aplicaci\u00f3n.<\/li>\n<\/ul>\n<h3><span class=\"ez-toc-section\" id=\"Tipps_zum_Valium_kaufen\"><\/span>Consejos para comprar Valium<span class=\"ez-toc-section-end\"><\/span><\/h3>\n<ul>\n<li><strong>Visita al m\u00e9dico:<\/strong> Visite a su m\u00e9dico para que le indique la dosis y la aplicaci\u00f3n correctas.<\/li>\n<li><strong>Aspectos jur\u00eddicos:<\/strong> Aseg\u00farese de conocer los requisitos legales de su pa\u00eds.<\/li>\n<li><strong>Fuentes fiables:<\/strong> Compre s\u00f3lo a proveedores acreditados para asegurarse de obtener un producto seguro y eficaz.<\/li>\n<\/ul>\n<p>Comprar Diazepam puede ser una soluci\u00f3n \u00fatil para traer m\u00e1s relajaci\u00f3n y calma a su vida. Si ha decidido comprar Diazepam, aseg\u00farese de estar bien informado y elija un proveedor fiable. Esto garantizar\u00e1 que obtenga el mejor apoyo posible para sus necesidades.<\/p>\n<blockquote><p>D\u00eda 1: Diazepam (Valium) 5 mg, Diazepam (Valium) 10 mg<\/p><\/blockquote>","protected":false},"excerpt":{"rendered":"<p>Comprar Diazepam para controlar eficazmente el estr\u00e9s y aliviar la ansiedad. Encuentra proveedores seguros y obt\u00e9n respuestas a las preguntas m\u00e1s frecuentes sobre dosis y uso.<\/p>","protected":false},"featured_media":2213,"comment_status":"open","ping_status":"closed","template":"","meta":[],"product_brand":[],"product_cat":[296],"product_tag":[],"class_list":{"0":"post-2184","1":"product","2":"type-product","3":"status-publish","4":"has-post-thumbnail","6":"product_cat-benzodiazepine-kaufen","8":"first","9":"instock","10":"taxable","11":"shipping-taxable","12":"purchasable","13":"product-type-variable"},"_links":{"self":[{"href":"https:\/\/hoodpharma.com\/es\/wp-json\/wp\/v2\/product\/2184","targetHints":{"allow":["GET"]}}],"collection":[{"href":"https:\/\/hoodpharma.com\/es\/wp-json\/wp\/v2\/product"}],"about":[{"href":"https:\/\/hoodpharma.com\/es\/wp-json\/wp\/v2\/types\/product"}],"replies":[{"embeddable":true,"href":"https:\/\/hoodpharma.com\/es\/wp-json\/wp\/v2\/comments?post=2184"}],"version-history":[{"count":1,"href":"https:\/\/hoodpharma.com\/es\/wp-json\/wp\/v2\/product\/2184\/revisions"}],"predecessor-version":[{"id":2548,"href":"https:\/\/hoodpharma.com\/es\/wp-json\/wp\/v2\/product\/2184\/revisions\/2548"}],"wp:featuredmedia":[{"embeddable":true,"href":"https:\/\/hoodpharma.com\/es\/wp-json\/wp\/v2\/media\/2213"}],"wp:attachment":[{"href":"https:\/\/hoodpharma.com\/es\/wp-json\/wp\/v2\/media?parent=2184"}],"wp:term":[{"taxonomy":"product_brand","embeddable":true,"href":"https:\/\/hoodpharma.com\/es\/wp-json\/wp\/v2\/product_brand?post=2184"},{"taxonomy":"product_cat","embeddable":true,"href":"https:\/\/hoodpharma.com\/es\/wp-json\/wp\/v2\/product_cat?post=2184"},{"taxonomy":"product_tag","embeddable":true,"href":"https:\/\/hoodpharma.com\/es\/wp-json\/wp\/v2\/product_tag?post=2184"}],"curies":[{"name":"wp","href":"https:\/\/api.w.org\/{rel}","templated":true}]}}