{"id":2237,"date":"2024-09-19T03:52:21","date_gmt":"2024-09-19T01:52:21","guid":{"rendered":"https:\/\/hoodpharma.com\/?post_type=product&#038;p=2237"},"modified":"2024-09-29T20:45:54","modified_gmt":"2024-09-29T18:45:54","slug":"alprazolam-kaufen","status":"publish","type":"product","link":"https:\/\/hoodpharma.com\/es\/producto\/comprar-alprazolam\/","title":{"rendered":"Alprazolam"},"content":{"rendered":"<div id=\"ez-toc-container\" class=\"ez-toc-v2_0_80 counter-hierarchy ez-toc-counter ez-toc-grey ez-toc-container-direction\">\n<div class=\"ez-toc-title-container\">\n<p class=\"ez-toc-title\" style=\"cursor:inherit\">\u00cdndice<\/p>\n<span class=\"ez-toc-title-toggle\"><a href=\"#\" class=\"ez-toc-pull-right ez-toc-btn ez-toc-btn-xs ez-toc-btn-default ez-toc-toggle\" aria-label=\"Alternar tabla de contenidos\"><span class=\"ez-toc-js-icon-con\"><span class=\"\"><span class=\"eztoc-hide\" style=\"display:none;\">Toggle<\/span><span class=\"ez-toc-icon-toggle-span\"><svg style=\"fill: #999;color:#999\" xmlns=\"http:\/\/www.w3.org\/2000\/svg\" class=\"list-377408\" width=\"20px\" height=\"20px\" viewbox=\"0 0 24 24\" fill=\"none\"><path d=\"M6 6H4v2h2V6zm14 0H8v2h12V6zM4 11h2v2H4v-2zm16 0H8v2h12v-2zM4 16h2v2H4v-2zm16 0H8v2h12v-2z\" fill=\"currentColor\"><\/path><\/svg><svg style=\"fill: #999;color:#999\" class=\"arrow-unsorted-368013\" xmlns=\"http:\/\/www.w3.org\/2000\/svg\" width=\"10px\" height=\"10px\" viewbox=\"0 0 24 24\" version=\"1.2\" baseprofile=\"tiny\"><path d=\"M18.2 9.3l-6.2-6.3-6.2 6.3c-.2.2-.3.4-.3.7s.1.5.3.7c.2.2.4.3.7.3h11c.3 0 .5-.1.7-.3.2-.2.3-.5.3-.7s-.1-.5-.3-.7zM5.8 14.7l6.2 6.3 6.2-6.3c.2-.2.3-.5.3-.7s-.1-.5-.3-.7c-.2-.2-.4-.3-.7-.3h-11c-.3 0-.5.1-.7.3-.2.2-.3.5-.3.7s.1.5.3.7z\"\/><\/svg><\/span><\/span><\/span><\/a><\/span><\/div>\n<nav><ul class='ez-toc-list ez-toc-list-level-1' ><li class='ez-toc-page-1 ez-toc-heading-level-2'><a class=\"ez-toc-link ez-toc-heading-1\" href=\"https:\/\/hoodpharma.com\/es\/producto\/comprar-alprazolam\/#Alprazolam_kaufen_%E2%80%93_Xanax_Kaufen\" >Comprar Alprazolam - Comprar Xanax<\/a><ul class='ez-toc-list-level-3' ><li class='ez-toc-heading-level-3'><a class=\"ez-toc-link ez-toc-heading-2\" href=\"https:\/\/hoodpharma.com\/es\/producto\/comprar-alprazolam\/#Was_ist_Alprazolam_und_wie_wirkt_es\" >\u00bfQu\u00e9 es el alprazolam y c\u00f3mo act\u00faa?<\/a><\/li><li class='ez-toc-page-1 ez-toc-heading-level-3'><a class=\"ez-toc-link ez-toc-heading-3\" href=\"https:\/\/hoodpharma.com\/es\/producto\/comprar-alprazolam\/#Alprazolam_kaufen_%E2%80%93_Ist_es_sicher\" >Comprar Alprazolam - \u00bfEs seguro?<\/a><\/li><li class='ez-toc-page-1 ez-toc-heading-level-3'><a class=\"ez-toc-link ez-toc-heading-4\" href=\"https:\/\/hoodpharma.com\/es\/producto\/comprar-alprazolam\/#Warum_solltest_du_Alprazolam_nur_mit_Vorsicht_verwenden\" >\u00bfPor qu\u00e9 se debe utilizar el alprazolam con precauci\u00f3n?<\/a><\/li><li class='ez-toc-page-1 ez-toc-heading-level-3'><a class=\"ez-toc-link ez-toc-heading-5\" href=\"https:\/\/hoodpharma.com\/es\/producto\/comprar-alprazolam\/#Wie_kannst_du_Alprazolam_kaufen\" >\u00bfC\u00f3mo se puede comprar Alprazolam?<\/a><\/li><li class='ez-toc-page-1 ez-toc-heading-level-3'><a class=\"ez-toc-link ez-toc-heading-6\" href=\"https:\/\/hoodpharma.com\/es\/producto\/comprar-alprazolam\/#FAQs\" >Preguntas frecuentes<\/a><\/li><li class='ez-toc-page-1 ez-toc-heading-level-3'><a class=\"ez-toc-link ez-toc-heading-7\" href=\"https:\/\/hoodpharma.com\/es\/producto\/comprar-alprazolam\/#Fazit_Alprazolam_kaufen_%E2%80%93_Das_musst_du_wissen\" >Conclusi\u00f3n: Comprar Alprazolam - Lo que hay que saber<\/a><\/li><\/ul><\/li><\/ul><\/nav><\/div>\n<h2><span class=\"ez-toc-section\" id=\"Alprazolam_kaufen_%E2%80%93_Xanax_Kaufen\"><\/span><strong>Comprar Alprazolam - Comprar Xanax<\/strong><span class=\"ez-toc-section-end\"><\/span><\/h2>\n<p>\u00bfLe gustar\u00eda <strong>Comprar Alprazolam<\/strong>para aliviar su ansiedad o sus problemas de sue\u00f1o? En este art\u00edculo, aprender\u00e1s todo lo que necesitas saber sobre la compra de Alprazolam.<\/p>\n<h3><span class=\"ez-toc-section\" id=\"Was_ist_Alprazolam_und_wie_wirkt_es\"><\/span>\u00bfQu\u00e9 es el alprazolam y c\u00f3mo act\u00faa?<span class=\"ez-toc-section-end\"><\/span><\/h3>\n<p>Antes de <strong>Comprar Alprazolam<\/strong>es importante saber para qu\u00e9 sirve. El alprazolam es un potente tranquilizante que se utiliza para tratar la ansiedad y los trastornos de p\u00e1nico. Act\u00faa r\u00e1pidamente y puede ayudar a relajarse cuando el estr\u00e9s es abrumador.<\/p>\n<h3><span class=\"ez-toc-section\" id=\"Alprazolam_kaufen_%E2%80%93_Ist_es_sicher\"><\/span>Comprar Alprazolam - \u00bfEs seguro?<span class=\"ez-toc-section-end\"><\/span><\/h3>\n<p>Mucha gente se pregunta: <strong>\u00bfPuedo comprar Alprazolam de forma segura<\/strong>? Al comprar medicamentos por Internet, es fundamental elegir una farmacia de confianza. As\u00ed te asegurar\u00e1s de recibir un producto aut\u00e9ntico y evitar\u00e1s riesgos para la salud.<\/p>\n<h3><span class=\"ez-toc-section\" id=\"Warum_solltest_du_Alprazolam_nur_mit_Vorsicht_verwenden\"><\/span>\u00bfPor qu\u00e9 se debe utilizar el alprazolam con precauci\u00f3n?<span class=\"ez-toc-section-end\"><\/span><\/h3>\n<ul>\n<li><strong>Peligro de dependencia:<\/strong> El alprazolam puede provocar dependencia si se toma durante un periodo de tiempo prolongado.<\/li>\n<li><strong>Efectos secundarios:<\/strong> La somnolencia, los mareos y los problemas de memoria son efectos secundarios frecuentes.<\/li>\n<li><strong>Interacciones:<\/strong> Si est\u00e1 tomando otros medicamentos, informe a su m\u00e9dico antes de <strong>Comprar Alprazolam<\/strong>.<\/li>\n<\/ul>\n<h3><span class=\"ez-toc-section\" id=\"Wie_kannst_du_Alprazolam_kaufen\"><\/span>\u00bfC\u00f3mo se puede comprar Alprazolam?<span class=\"ez-toc-section-end\"><\/span><\/h3>\n<p>Cuando t\u00fa decidas, <strong>Alprazolam comprar<\/strong>debe asegurarse de que realiza el pedido a una fuente segura y legal. Las farmacias en l\u00ednea de confianza suelen ofrecer entregas discretas y cuentan con opiniones positivas de los clientes.<\/p>\n<h3><span class=\"ez-toc-section\" id=\"FAQs\"><\/span>Preguntas frecuentes<span class=\"ez-toc-section-end\"><\/span><\/h3>\n<p><strong>\u00bfPuedo comprar Alprazolam sin receta?<\/strong><br \/>\nEl alprazolam s\u00f3lo se vende con receta en muchos pa\u00edses. No se recomienda comprar medicamentos sin consejo m\u00e9dico.<\/p>\n<p><strong>\u00bfCu\u00e1nto dura el alprazolam?<\/strong><br \/>\nEl alprazolam suele hacer efecto en 1-2 horas y el efecto puede durar hasta 6 horas.<\/p>\n<p><strong>\u00bfQu\u00e9 alternativas existen al alprazolam?<\/strong><br \/>\nOtros tranquilizantes como el diazepam o el lorazepam podr\u00edan ser una opci\u00f3n para ti. Un m\u00e9dico puede ayudarte en este caso.<\/p>\n<h3><span class=\"ez-toc-section\" id=\"Fazit_Alprazolam_kaufen_%E2%80%93_Das_musst_du_wissen\"><\/span>Conclusi\u00f3n: Comprar Alprazolam - Lo que hay que saber<span class=\"ez-toc-section-end\"><\/span><\/h3>\n<p>Si est\u00e1 planeando, <strong>Alprazolam comprar<\/strong>aseg\u00farese de hacerlo a trav\u00e9s de una fuente acreditada. Tenga siempre en cuenta los posibles efectos secundarios y riesgos y consulte a un m\u00e9dico para asegurarse de que este medicamento es adecuado para usted.<\/p>\n<p>Recuerda: las decisiones seguras marcan la diferencia cuando <strong>Comprar Alprazolam<\/strong>!<\/p>","protected":false},"excerpt":{"rendered":"<p>Alprazolam kaufen \u2013 Xanax Kaufen M\u00f6chtest du Alprazolam kaufen, um deine Angstzust\u00e4nde oder Schlafprobleme zu lindern? In diesem Artikel erf\u00e4hrst<\/p>","protected":false},"featured_media":2256,"comment_status":"open","ping_status":"closed","template":"","meta":[],"product_brand":[],"product_cat":[296],"product_tag":[],"class_list":{"0":"post-2237","1":"product","2":"type-product","3":"status-publish","4":"has-post-thumbnail","6":"product_cat-benzodiazepine-kaufen","8":"first","9":"instock","10":"taxable","11":"shipping-taxable","12":"purchasable","13":"product-type-variable"},"_links":{"self":[{"href":"https:\/\/hoodpharma.com\/es\/wp-json\/wp\/v2\/product\/2237","targetHints":{"allow":["GET"]}}],"collection":[{"href":"https:\/\/hoodpharma.com\/es\/wp-json\/wp\/v2\/product"}],"about":[{"href":"https:\/\/hoodpharma.com\/es\/wp-json\/wp\/v2\/types\/product"}],"replies":[{"embeddable":true,"href":"https:\/\/hoodpharma.com\/es\/wp-json\/wp\/v2\/comments?post=2237"}],"version-history":[{"count":1,"href":"https:\/\/hoodpharma.com\/es\/wp-json\/wp\/v2\/product\/2237\/revisions"}],"predecessor-version":[{"id":2550,"href":"https:\/\/hoodpharma.com\/es\/wp-json\/wp\/v2\/product\/2237\/revisions\/2550"}],"wp:featuredmedia":[{"embeddable":true,"href":"https:\/\/hoodpharma.com\/es\/wp-json\/wp\/v2\/media\/2256"}],"wp:attachment":[{"href":"https:\/\/hoodpharma.com\/es\/wp-json\/wp\/v2\/media?parent=2237"}],"wp:term":[{"taxonomy":"product_brand","embeddable":true,"href":"https:\/\/hoodpharma.com\/es\/wp-json\/wp\/v2\/product_brand?post=2237"},{"taxonomy":"product_cat","embeddable":true,"href":"https:\/\/hoodpharma.com\/es\/wp-json\/wp\/v2\/product_cat?post=2237"},{"taxonomy":"product_tag","embeddable":true,"href":"https:\/\/hoodpharma.com\/es\/wp-json\/wp\/v2\/product_tag?post=2237"}],"curies":[{"name":"wp","href":"https:\/\/api.w.org\/{rel}","templated":true}]}}