{"id":2257,"date":"2024-09-19T04:36:37","date_gmt":"2024-09-19T02:36:37","guid":{"rendered":"https:\/\/hoodpharma.com\/?post_type=product&#038;p=2257"},"modified":"2024-09-29T20:46:00","modified_gmt":"2024-09-29T18:46:00","slug":"clonazepam","status":"publish","type":"product","link":"https:\/\/hoodpharma.com\/es\/producto\/clonazepam\/","title":{"rendered":"Clonazepam"},"content":{"rendered":"<div id=\"ez-toc-container\" class=\"ez-toc-v2_0_80 counter-hierarchy ez-toc-counter ez-toc-grey ez-toc-container-direction\">\n<div class=\"ez-toc-title-container\">\n<p class=\"ez-toc-title\" style=\"cursor:inherit\">\u00cdndice<\/p>\n<span class=\"ez-toc-title-toggle\"><a href=\"#\" class=\"ez-toc-pull-right ez-toc-btn ez-toc-btn-xs ez-toc-btn-default ez-toc-toggle\" aria-label=\"Alternar tabla de contenidos\"><span class=\"ez-toc-js-icon-con\"><span class=\"\"><span class=\"eztoc-hide\" style=\"display:none;\">Toggle<\/span><span class=\"ez-toc-icon-toggle-span\"><svg style=\"fill: #999;color:#999\" xmlns=\"http:\/\/www.w3.org\/2000\/svg\" class=\"list-377408\" width=\"20px\" height=\"20px\" viewbox=\"0 0 24 24\" fill=\"none\"><path d=\"M6 6H4v2h2V6zm14 0H8v2h12V6zM4 11h2v2H4v-2zm16 0H8v2h12v-2zM4 16h2v2H4v-2zm16 0H8v2h12v-2z\" fill=\"currentColor\"><\/path><\/svg><svg style=\"fill: #999;color:#999\" class=\"arrow-unsorted-368013\" xmlns=\"http:\/\/www.w3.org\/2000\/svg\" width=\"10px\" height=\"10px\" viewbox=\"0 0 24 24\" version=\"1.2\" baseprofile=\"tiny\"><path d=\"M18.2 9.3l-6.2-6.3-6.2 6.3c-.2.2-.3.4-.3.7s.1.5.3.7c.2.2.4.3.7.3h11c.3 0 .5-.1.7-.3.2-.2.3-.5.3-.7s-.1-.5-.3-.7zM5.8 14.7l6.2 6.3 6.2-6.3c.2-.2.3-.5.3-.7s-.1-.5-.3-.7c-.2-.2-.4-.3-.7-.3h-11c-.3 0-.5.1-.7.3-.2.2-.3.5-.3.7s.1.5.3.7z\"\/><\/svg><\/span><\/span><\/span><\/a><\/span><\/div>\n<nav><ul class='ez-toc-list ez-toc-list-level-1' ><li class='ez-toc-page-1 ez-toc-heading-level-2'><a class=\"ez-toc-link ez-toc-heading-1\" href=\"https:\/\/hoodpharma.com\/es\/producto\/clonazepam\/#Clonazepam_kaufen_%E2%80%93_Klonopin_kaufen_%E2%80%93_Was_du_wissen_solltest\" >Comprar Clonazepam - Comprar Klonopin - Lo que debe saber<\/a><ul class='ez-toc-list-level-3' ><li class='ez-toc-heading-level-3'><a class=\"ez-toc-link ez-toc-heading-2\" href=\"https:\/\/hoodpharma.com\/es\/producto\/clonazepam\/#Was_ist_Clonazepam_und_wofur_wird_es_verwendet\" >\u00bfQu\u00e9 es el clonazepam y para qu\u00e9 se utiliza?<\/a><\/li><li class='ez-toc-page-1 ez-toc-heading-level-3'><a class=\"ez-toc-link ez-toc-heading-3\" href=\"https:\/\/hoodpharma.com\/es\/producto\/clonazepam\/#Clonazepam_kaufen_%E2%80%93_Ist_das_sicher\" >Comprar Clonazepam - \u00bfEs seguro?<\/a><\/li><li class='ez-toc-page-1 ez-toc-heading-level-3'><a class=\"ez-toc-link ez-toc-heading-4\" href=\"https:\/\/hoodpharma.com\/es\/producto\/clonazepam\/#Vorteile_und_Risiken_von_Clonazepam\" >Beneficios y riesgos del clonazepam<\/a><\/li><li class='ez-toc-page-1 ez-toc-heading-level-3'><a class=\"ez-toc-link ez-toc-heading-5\" href=\"https:\/\/hoodpharma.com\/es\/producto\/clonazepam\/#Wie_kannst_du_Clonazepam_kaufen\" >\u00bfC\u00f3mo se puede comprar Clonazepam?<\/a><\/li><li class='ez-toc-page-1 ez-toc-heading-level-3'><a class=\"ez-toc-link ez-toc-heading-6\" href=\"https:\/\/hoodpharma.com\/es\/producto\/clonazepam\/#FAQs\" >Preguntas frecuentes<\/a><\/li><li class='ez-toc-page-1 ez-toc-heading-level-3'><a class=\"ez-toc-link ez-toc-heading-7\" href=\"https:\/\/hoodpharma.com\/es\/producto\/clonazepam\/#Fazit_Clonazepam_kaufen_%E2%80%93_Darauf_musst_du_achten\" >Conclusi\u00f3n: Comprar clonazepam: lo que debe tener en cuenta<\/a><\/li><\/ul><\/li><\/ul><\/nav><\/div>\n<h2><span class=\"ez-toc-section\" id=\"Clonazepam_kaufen_%E2%80%93_Klonopin_kaufen_%E2%80%93_Was_du_wissen_solltest\"><\/span>Comprar Clonazepam - Comprar Klonopin - Lo que debe saber<span class=\"ez-toc-section-end\"><\/span><\/h2>\n<p>\u00bfLe gustar\u00eda <strong>Comprar Clonazepam<\/strong>? Muchas personas buscan este medicamento para tratar los trastornos de ansiedad y la epilepsia. En este art\u00edculo usted aprender\u00e1 todo lo que necesita saber acerca de c\u00f3mo comprar clonazepam.<\/p>\n<h3><span class=\"ez-toc-section\" id=\"Was_ist_Clonazepam_und_wofur_wird_es_verwendet\"><\/span>\u00bfQu\u00e9 es el clonazepam y para qu\u00e9 se utiliza?<span class=\"ez-toc-section-end\"><\/span><\/h3>\n<p>Antes de <strong>Comprar Clonazepam<\/strong>es importante comprender su efecto. El clonazepam es un tranquilizante que suele utilizarse para tratar las convulsiones y los trastornos de p\u00e1nico. Calma el sistema nervioso central y ayuda a aliviar la tensi\u00f3n.<\/p>\n<h3><span class=\"ez-toc-section\" id=\"Clonazepam_kaufen_%E2%80%93_Ist_das_sicher\"><\/span>Comprar Clonazepam - \u00bfEs seguro?<span class=\"ez-toc-section-end\"><\/span><\/h3>\n<p>\u00bfSe pregunta si es seguro? <strong>Clonazepam comprar<\/strong>? Comprar medicamentos por Internet puede ser arriesgado si no se presta atenci\u00f3n a los proveedores de confianza. Aseg\u00farese de que la fuente es reputada para asegurarse de que est\u00e1 adquiriendo un producto seguro y eficaz.<\/p>\n<h3><span class=\"ez-toc-section\" id=\"Vorteile_und_Risiken_von_Clonazepam\"><\/span>Beneficios y riesgos del clonazepam<span class=\"ez-toc-section-end\"><\/span><\/h3>\n<ul>\n<li><strong>Ventajas:<\/strong> El clonazepam alivia eficazmente la ansiedad y las convulsiones.<\/li>\n<li><strong>Riesgos:<\/strong> Su uso prolongado puede provocar dependencia. Los efectos secundarios t\u00edpicos son somnolencia y confusi\u00f3n.<\/li>\n<\/ul>\n<h3><span class=\"ez-toc-section\" id=\"Wie_kannst_du_Clonazepam_kaufen\"><\/span>\u00bfC\u00f3mo se puede comprar Clonazepam?<span class=\"ez-toc-section-end\"><\/span><\/h3>\n<p>Si est\u00e1 planeando, <strong>Clonazepam comprar<\/strong>es importante asegurarse de que la farmacia es de confianza. Lea los comentarios de los clientes y aseg\u00farese de que la entrega es r\u00e1pida y discreta. As\u00ed evitar\u00e1 falsificaciones y productos de calidad inferior.<\/p>\n<h3><span class=\"ez-toc-section\" id=\"FAQs\"><\/span>Preguntas frecuentes<span class=\"ez-toc-section-end\"><\/span><\/h3>\n<p><strong>\u00bfPuedo comprar Clonazepam sin receta?<\/strong><br \/>\nEn la mayor\u00eda de los pa\u00edses, el clonazepam s\u00f3lo se vende con receta m\u00e9dica. Se recomienda consultar a un m\u00e9dico.<\/p>\n<p><strong>\u00bfC\u00f3mo act\u00faa el clonazepam?<\/strong><br \/>\nEl clonazepam calma el sistema nervioso central, lo que reduce las convulsiones y alivia los ataques de p\u00e1nico.<\/p>\n<p><strong>\u00bfCu\u00e1les son las alternativas al clonazepam?<\/strong><br \/>\nHay otros tranquilizantes como el lorazepam o el diazepam que pueden tener un efecto similar. Pregunte a su m\u00e9dico cu\u00e1les son las mejores opciones.<\/p>\n<h3><span class=\"ez-toc-section\" id=\"Fazit_Clonazepam_kaufen_%E2%80%93_Darauf_musst_du_achten\"><\/span>Conclusi\u00f3n: Comprar clonazepam: lo que debe tener en cuenta<span class=\"ez-toc-section-end\"><\/span><\/h3>\n<p>Si est\u00e1 planeando, <strong>Clonazepam comprar<\/strong>es importante hacerlo de forma responsable. Busque fuentes acreditadas y evite comprarlo sin receta m\u00e9dica. El clonazepam puede ayudar si se utiliza correctamente, pero requiere precauci\u00f3n al tomarlo.<\/p>\n<p>Recuerde: la seguridad es lo primero cuando <strong>Comprar Clonazepam<\/strong>!<\/p>","protected":false},"excerpt":{"rendered":"<p>Clonazepam kaufen \u2013 Klonopin kaufen \u2013 Was du wissen solltest M\u00f6chtest du Clonazepam kaufen? Viele Menschen suchen nach diesem Medikament<\/p>","protected":false},"featured_media":2270,"comment_status":"open","ping_status":"closed","template":"","meta":[],"product_brand":[],"product_cat":[296],"product_tag":[],"class_list":{"0":"post-2257","1":"product","2":"type-product","3":"status-publish","4":"has-post-thumbnail","6":"product_cat-benzodiazepine-kaufen","8":"first","9":"instock","10":"taxable","11":"shipping-taxable","12":"purchasable","13":"product-type-variable"},"_links":{"self":[{"href":"https:\/\/hoodpharma.com\/es\/wp-json\/wp\/v2\/product\/2257","targetHints":{"allow":["GET"]}}],"collection":[{"href":"https:\/\/hoodpharma.com\/es\/wp-json\/wp\/v2\/product"}],"about":[{"href":"https:\/\/hoodpharma.com\/es\/wp-json\/wp\/v2\/types\/product"}],"replies":[{"embeddable":true,"href":"https:\/\/hoodpharma.com\/es\/wp-json\/wp\/v2\/comments?post=2257"}],"version-history":[{"count":1,"href":"https:\/\/hoodpharma.com\/es\/wp-json\/wp\/v2\/product\/2257\/revisions"}],"predecessor-version":[{"id":2551,"href":"https:\/\/hoodpharma.com\/es\/wp-json\/wp\/v2\/product\/2257\/revisions\/2551"}],"wp:featuredmedia":[{"embeddable":true,"href":"https:\/\/hoodpharma.com\/es\/wp-json\/wp\/v2\/media\/2270"}],"wp:attachment":[{"href":"https:\/\/hoodpharma.com\/es\/wp-json\/wp\/v2\/media?parent=2257"}],"wp:term":[{"taxonomy":"product_brand","embeddable":true,"href":"https:\/\/hoodpharma.com\/es\/wp-json\/wp\/v2\/product_brand?post=2257"},{"taxonomy":"product_cat","embeddable":true,"href":"https:\/\/hoodpharma.com\/es\/wp-json\/wp\/v2\/product_cat?post=2257"},{"taxonomy":"product_tag","embeddable":true,"href":"https:\/\/hoodpharma.com\/es\/wp-json\/wp\/v2\/product_tag?post=2257"}],"curies":[{"name":"wp","href":"https:\/\/api.w.org\/{rel}","templated":true}]}}