{"id":2334,"date":"2024-09-22T23:40:31","date_gmt":"2024-09-22T21:40:31","guid":{"rendered":"https:\/\/hoodpharma.com\/?post_type=product&#038;p=2334"},"modified":"2024-09-29T20:46:39","modified_gmt":"2024-09-29T18:46:39","slug":"hydrocodon","status":"publish","type":"product","link":"https:\/\/hoodpharma.com\/es\/producto\/hidrocodona\/","title":{"rendered":"Hidrocodona"},"content":{"rendered":"<div id=\"ez-toc-container\" class=\"ez-toc-v2_0_80 counter-hierarchy ez-toc-counter ez-toc-grey ez-toc-container-direction\">\n<div class=\"ez-toc-title-container\">\n<p class=\"ez-toc-title\" style=\"cursor:inherit\">\u00cdndice<\/p>\n<span class=\"ez-toc-title-toggle\"><a href=\"#\" class=\"ez-toc-pull-right ez-toc-btn ez-toc-btn-xs ez-toc-btn-default ez-toc-toggle\" aria-label=\"Alternar tabla de contenidos\"><span class=\"ez-toc-js-icon-con\"><span class=\"\"><span class=\"eztoc-hide\" style=\"display:none;\">Toggle<\/span><span class=\"ez-toc-icon-toggle-span\"><svg style=\"fill: #999;color:#999\" xmlns=\"http:\/\/www.w3.org\/2000\/svg\" class=\"list-377408\" width=\"20px\" height=\"20px\" viewbox=\"0 0 24 24\" fill=\"none\"><path d=\"M6 6H4v2h2V6zm14 0H8v2h12V6zM4 11h2v2H4v-2zm16 0H8v2h12v-2zM4 16h2v2H4v-2zm16 0H8v2h12v-2z\" fill=\"currentColor\"><\/path><\/svg><svg style=\"fill: #999;color:#999\" class=\"arrow-unsorted-368013\" xmlns=\"http:\/\/www.w3.org\/2000\/svg\" width=\"10px\" height=\"10px\" viewbox=\"0 0 24 24\" version=\"1.2\" baseprofile=\"tiny\"><path d=\"M18.2 9.3l-6.2-6.3-6.2 6.3c-.2.2-.3.4-.3.7s.1.5.3.7c.2.2.4.3.7.3h11c.3 0 .5-.1.7-.3.2-.2.3-.5.3-.7s-.1-.5-.3-.7zM5.8 14.7l6.2 6.3 6.2-6.3c.2-.2.3-.5.3-.7s-.1-.5-.3-.7c-.2-.2-.4-.3-.7-.3h-11c-.3 0-.5.1-.7.3-.2.2-.3.5-.3.7s.1.5.3.7z\"\/><\/svg><\/span><\/span><\/span><\/a><\/span><\/div>\n<nav><ul class='ez-toc-list ez-toc-list-level-1' ><li class='ez-toc-page-1 ez-toc-heading-level-2'><a class=\"ez-toc-link ez-toc-heading-1\" href=\"https:\/\/hoodpharma.com\/es\/producto\/hidrocodona\/#Hydrocodon_kaufen_Was_du_wissen_musst\" >Comprar hidrocodona: Lo que debe saber<\/a><ul class='ez-toc-list-level-3' ><li class='ez-toc-heading-level-3'><a class=\"ez-toc-link ez-toc-heading-2\" href=\"https:\/\/hoodpharma.com\/es\/producto\/hidrocodona\/#Warum_Hydrocodon_kaufen\" >\u00bfPor qu\u00e9 comprar hidrocodona?<\/a><\/li><li class='ez-toc-page-1 ez-toc-heading-level-3'><a class=\"ez-toc-link ez-toc-heading-3\" href=\"https:\/\/hoodpharma.com\/es\/producto\/hidrocodona\/#Hydrocodon_kaufen_Was_du_beachten_solltest\" >Comprar hidrocodona: Lo que debe tener en cuenta<\/a><\/li><li class='ez-toc-page-1 ez-toc-heading-level-3'><a class=\"ez-toc-link ez-toc-heading-4\" href=\"https:\/\/hoodpharma.com\/es\/producto\/hidrocodona\/#Wo_kannst_du_Hydrocodon_kaufen\" >\u00bfD\u00f3nde se puede comprar hidrocodona?<\/a><\/li><li class='ez-toc-page-1 ez-toc-heading-level-3'><a class=\"ez-toc-link ez-toc-heading-5\" href=\"https:\/\/hoodpharma.com\/es\/producto\/hidrocodona\/#FAQs_Hydrocodon_kaufen\" >Preguntas frecuentes: Comprar hidrocodona<\/a><\/li><li class='ez-toc-page-1 ez-toc-heading-level-3'><a class=\"ez-toc-link ez-toc-heading-6\" href=\"https:\/\/hoodpharma.com\/es\/producto\/hidrocodona\/#Hydrocodon_kaufen_Fazit\" >Comprar Hidrocodona: Conclusi\u00f3n<\/a><\/li><\/ul><\/li><\/ul><\/nav><\/div>\n<h2><span class=\"ez-toc-section\" id=\"Hydrocodon_kaufen_Was_du_wissen_musst\"><\/span>Comprar hidrocodona: Lo que debe saber<span class=\"ez-toc-section-end\"><\/span><\/h2>\n<p>\u00bfEst\u00e1 pensando en comprar hidrocodona? No es usted el \u00fanico. Muchas personas buscan informaci\u00f3n fiable sobre este potente analg\u00e9sico, ya sea para el dolor cr\u00f3nico o tras una intervenci\u00f3n quir\u00fargica. Pero antes de comprar hidrocodona, hay algunas cosas importantes que debe tener en cuenta.<\/p>\n<h3><span class=\"ez-toc-section\" id=\"Warum_Hydrocodon_kaufen\"><\/span>\u00bfPor qu\u00e9 comprar hidrocodona?<span class=\"ez-toc-section-end\"><\/span><\/h3>\n<p>La hidrocodona es un analg\u00e9sico eficaz que se utiliza para el dolor de moderado a intenso. Ayuda a las personas que luchan contra el dolor a mejorar su calidad de vida. <strong>Si quiere comprar Hydrocodone<\/strong>Sin embargo, debe tener en cuenta que s\u00f3lo se vende con receta y que s\u00f3lo puede tomarse bajo supervisi\u00f3n m\u00e9dica.<\/p>\n<h3><span class=\"ez-toc-section\" id=\"Hydrocodon_kaufen_Was_du_beachten_solltest\"><\/span>Comprar hidrocodona: Lo que debe tener en cuenta<span class=\"ez-toc-section-end\"><\/span><\/h3>\n<p>Antes de comprar hidrocodona, hay algunas cosas que debes tener en cuenta:<\/p>\n<ul>\n<li><strong>S\u00f3lo con receta:<\/strong> La hidrocodona se vende con receta en la mayor\u00eda de los pa\u00edses. Es importante que hables con tu m\u00e9dico sobre tu dolor y te asegures de que este medicamento es adecuado para ti.<\/li>\n<li><strong>Efectos secundarios:<\/strong> Como cualquier medicamento, la hidrocodona puede tener efectos secundarios. Entre ellos se encuentran la somnolencia, el estre\u00f1imiento y, en algunos casos, incluso la adicci\u00f3n. <strong>Comprar s\u00f3lo Hidrocodona<\/strong>si lo utiliza de forma segura y bajo supervisi\u00f3n m\u00e9dica.<\/li>\n<li><strong>Fuentes fiables:<\/strong> Nunca compres hidrocodona a proveedores en l\u00ednea poco fiables. Aseg\u00farate de comprarla solo en farmacias autorizadas para estar seguro de que el producto es aut\u00e9ntico y seguro.<\/li>\n<\/ul>\n<h3><span class=\"ez-toc-section\" id=\"Wo_kannst_du_Hydrocodon_kaufen\"><\/span>\u00bfD\u00f3nde se puede comprar hidrocodona?<span class=\"ez-toc-section-end\"><\/span><\/h3>\n<p>La hidrocodona est\u00e1 disponible en farmacias, pero necesitar\u00e1 una receta m\u00e9dica. Tambi\u00e9n hay farmacias en l\u00ednea de confianza donde puedes <strong>Comprar hidrocodona<\/strong> siempre que presente su receta. Aseg\u00farese de que la farmacia es de confianza y tiene licencia.<\/p>\n<h3><span class=\"ez-toc-section\" id=\"FAQs_Hydrocodon_kaufen\"><\/span>Preguntas frecuentes: Comprar hidrocodona<span class=\"ez-toc-section-end\"><\/span><\/h3>\n<p><strong>1. \u00bfpuedo comprar hidrocodona sin receta?<\/strong><br \/>\nNo, la hidrocodona s\u00f3lo se vende con receta. Comprarla sin receta es ilegal y puede causar problemas legales y de salud.<\/p>\n<p><strong>2. \u00bfes segura la hidrocodona?<\/strong><br \/>\nLa hidrocodona es segura si se toma seg\u00fan lo prescrito. Sin embargo, hay que tener cuidado con los posibles efectos secundarios y evitar su uso prolongado sin supervisi\u00f3n m\u00e9dica.<\/p>\n<p><strong>3. \u00bfpuedo comprar hidrocodona por internet?<\/strong><br \/>\nS\u00ed, puede comprar hidrocodona en l\u00ednea, pero s\u00f3lo en farmacias en l\u00ednea autorizadas con una receta v\u00e1lida.<\/p>\n<h3><span class=\"ez-toc-section\" id=\"Hydrocodon_kaufen_Fazit\"><\/span>Comprar Hidrocodona: Conclusi\u00f3n<span class=\"ez-toc-section-end\"><\/span><\/h3>\n<p>Si quieres comprar hidrocodona, aseg\u00farate siempre de que lo haces de forma legal y segura. Obt\u00e9n previamente una receta m\u00e9dica y c\u00f3mprala s\u00f3lo en farmacias de confianza. La hidrocodona puede ser muy eficaz si se utiliza correctamente, pero tu salud es siempre lo primero.<\/p>","protected":false},"excerpt":{"rendered":"<p>Con seguridad comprar Hydrocodone en l\u00ednea sin receta. Medschemicalsuppliers fuentes de confianza para el tratamiento eficaz del dolor.<\/p>","protected":false},"featured_media":2363,"comment_status":"open","ping_status":"closed","template":"","meta":[],"product_brand":[],"product_cat":[294],"product_tag":[],"class_list":{"0":"post-2334","1":"product","2":"type-product","3":"status-publish","4":"has-post-thumbnail","6":"product_cat-opioide-kaufen","8":"first","9":"instock","10":"taxable","11":"shipping-taxable","12":"purchasable","13":"product-type-variable"},"_links":{"self":[{"href":"https:\/\/hoodpharma.com\/es\/wp-json\/wp\/v2\/product\/2334","targetHints":{"allow":["GET"]}}],"collection":[{"href":"https:\/\/hoodpharma.com\/es\/wp-json\/wp\/v2\/product"}],"about":[{"href":"https:\/\/hoodpharma.com\/es\/wp-json\/wp\/v2\/types\/product"}],"replies":[{"embeddable":true,"href":"https:\/\/hoodpharma.com\/es\/wp-json\/wp\/v2\/comments?post=2334"}],"version-history":[{"count":1,"href":"https:\/\/hoodpharma.com\/es\/wp-json\/wp\/v2\/product\/2334\/revisions"}],"predecessor-version":[{"id":2555,"href":"https:\/\/hoodpharma.com\/es\/wp-json\/wp\/v2\/product\/2334\/revisions\/2555"}],"wp:featuredmedia":[{"embeddable":true,"href":"https:\/\/hoodpharma.com\/es\/wp-json\/wp\/v2\/media\/2363"}],"wp:attachment":[{"href":"https:\/\/hoodpharma.com\/es\/wp-json\/wp\/v2\/media?parent=2334"}],"wp:term":[{"taxonomy":"product_brand","embeddable":true,"href":"https:\/\/hoodpharma.com\/es\/wp-json\/wp\/v2\/product_brand?post=2334"},{"taxonomy":"product_cat","embeddable":true,"href":"https:\/\/hoodpharma.com\/es\/wp-json\/wp\/v2\/product_cat?post=2334"},{"taxonomy":"product_tag","embeddable":true,"href":"https:\/\/hoodpharma.com\/es\/wp-json\/wp\/v2\/product_tag?post=2334"}],"curies":[{"name":"wp","href":"https:\/\/api.w.org\/{rel}","templated":true}]}}