{"id":2386,"date":"2024-09-23T03:18:43","date_gmt":"2024-09-23T01:18:43","guid":{"rendered":"https:\/\/hoodpharma.com\/?post_type=product&#038;p=2386"},"modified":"2024-09-29T20:49:17","modified_gmt":"2024-09-29T18:49:17","slug":"fentanyl-kaufen","status":"publish","type":"product","link":"https:\/\/hoodpharma.com\/es\/producto\/comprar-fentanilo\/","title":{"rendered":"Fentanilo"},"content":{"rendered":"<div id=\"ez-toc-container\" class=\"ez-toc-v2_0_80 counter-hierarchy ez-toc-counter ez-toc-grey ez-toc-container-direction\">\n<div class=\"ez-toc-title-container\">\n<p class=\"ez-toc-title\" style=\"cursor:inherit\">\u00cdndice<\/p>\n<span class=\"ez-toc-title-toggle\"><a href=\"#\" class=\"ez-toc-pull-right ez-toc-btn ez-toc-btn-xs ez-toc-btn-default ez-toc-toggle\" aria-label=\"Alternar tabla de contenidos\"><span class=\"ez-toc-js-icon-con\"><span class=\"\"><span class=\"eztoc-hide\" style=\"display:none;\">Toggle<\/span><span class=\"ez-toc-icon-toggle-span\"><svg style=\"fill: #999;color:#999\" xmlns=\"http:\/\/www.w3.org\/2000\/svg\" class=\"list-377408\" width=\"20px\" height=\"20px\" viewbox=\"0 0 24 24\" fill=\"none\"><path d=\"M6 6H4v2h2V6zm14 0H8v2h12V6zM4 11h2v2H4v-2zm16 0H8v2h12v-2zM4 16h2v2H4v-2zm16 0H8v2h12v-2z\" fill=\"currentColor\"><\/path><\/svg><svg style=\"fill: #999;color:#999\" class=\"arrow-unsorted-368013\" xmlns=\"http:\/\/www.w3.org\/2000\/svg\" width=\"10px\" height=\"10px\" viewbox=\"0 0 24 24\" version=\"1.2\" baseprofile=\"tiny\"><path d=\"M18.2 9.3l-6.2-6.3-6.2 6.3c-.2.2-.3.4-.3.7s.1.5.3.7c.2.2.4.3.7.3h11c.3 0 .5-.1.7-.3.2-.2.3-.5.3-.7s-.1-.5-.3-.7zM5.8 14.7l6.2 6.3 6.2-6.3c.2-.2.3-.5.3-.7s-.1-.5-.3-.7c-.2-.2-.4-.3-.7-.3h-11c-.3 0-.5.1-.7.3-.2.2-.3.5-.3.7s.1.5.3.7z\"\/><\/svg><\/span><\/span><\/span><\/a><\/span><\/div>\n<nav><ul class='ez-toc-list ez-toc-list-level-1' ><li class='ez-toc-page-1 ez-toc-heading-level-2'><a class=\"ez-toc-link ez-toc-heading-1\" href=\"https:\/\/hoodpharma.com\/es\/producto\/comprar-fentanilo\/#Fentanyl_kaufen_Was_du_wissen_musst\" >Comprar fentanilo: Lo que debe saber<\/a><ul class='ez-toc-list-level-3' ><li class='ez-toc-heading-level-3'><a class=\"ez-toc-link ez-toc-heading-2\" href=\"https:\/\/hoodpharma.com\/es\/producto\/comprar-fentanilo\/#Warum_solltest_du_Fentanyl_kaufen\" >\u00bfPor qu\u00e9 comprar Fentanyl?<\/a><\/li><li class='ez-toc-page-1 ez-toc-heading-level-3'><a class=\"ez-toc-link ez-toc-heading-3\" href=\"https:\/\/hoodpharma.com\/es\/producto\/comprar-fentanilo\/#Fentanyl_kaufen_Worauf_du_achten_solltest\" >Comprar fentanilo: Lo que debe tener en cuenta<\/a><\/li><li class='ez-toc-page-1 ez-toc-heading-level-3'><a class=\"ez-toc-link ez-toc-heading-4\" href=\"https:\/\/hoodpharma.com\/es\/producto\/comprar-fentanilo\/#Wo_kannst_du_Fentanyl_kaufen\" >\u00bfD\u00f3nde se puede comprar Fentanyl?<\/a><\/li><li class='ez-toc-page-1 ez-toc-heading-level-3'><a class=\"ez-toc-link ez-toc-heading-5\" href=\"https:\/\/hoodpharma.com\/es\/producto\/comprar-fentanilo\/#FAQs_Fentanyl_kaufen\" >Preguntas frecuentes: Comprar fentanilo<\/a><\/li><li class='ez-toc-page-1 ez-toc-heading-level-3'><a class=\"ez-toc-link ez-toc-heading-6\" href=\"https:\/\/hoodpharma.com\/es\/producto\/comprar-fentanilo\/#Fentanyl_kaufen_Fazit\" >Comprar Fentanilo: Conclusi\u00f3n<\/a><\/li><\/ul><\/li><\/ul><\/nav><\/div>\n<h2><span class=\"ez-toc-section\" id=\"Fentanyl_kaufen_Was_du_wissen_musst\"><\/span>Comprar fentanilo: Lo que debe saber<span class=\"ez-toc-section-end\"><\/span><\/h2>\n<p>\u00bfEst\u00e1 pensando en comprar fentanilo? Es comprensible, porque mucha gente tiene dudas sobre este potente analg\u00e9sico. Puede ser una soluci\u00f3n para el dolor agudo o cr\u00f3nico, pero hay que tener en cuenta algunas cosas. Repasemos los puntos m\u00e1s importantes.<\/p>\n<h3><span class=\"ez-toc-section\" id=\"Warum_solltest_du_Fentanyl_kaufen\"><\/span>\u00bfPor qu\u00e9 comprar Fentanyl?<span class=\"ez-toc-section-end\"><\/span><\/h3>\n<p>El fentanilo es un analg\u00e9sico extremadamente fuerte que suele utilizarse para el dolor intenso, sobre todo despu\u00e9s de operaciones o en determinadas enfermedades. <strong>Si quieres comprar Fentanyl<\/strong>es importante utilizar el medicamento de forma responsable y bajo supervisi\u00f3n m\u00e9dica. Act\u00faa con rapidez y eficacia, pero tambi\u00e9n es arriesgado si no se utiliza correctamente.<\/p>\n<h3><span class=\"ez-toc-section\" id=\"Fentanyl_kaufen_Worauf_du_achten_solltest\"><\/span>Comprar fentanilo: Lo que debe tener en cuenta<span class=\"ez-toc-section-end\"><\/span><\/h3>\n<p>Antes de comprar Fentanyl, hay que tener en cuenta algunos aspectos importantes:<\/p>\n<ul>\n<li><strong>S\u00f3lo con receta:<\/strong> El fentanilo s\u00f3lo se vende con receta en la mayor\u00eda de los pa\u00edses. Por lo tanto, necesitas una receta m\u00e9dica para obtenerlo legalmente.<\/li>\n<li><strong>Efectos secundarios:<\/strong> El fentanilo puede tener efectos secundarios graves, como somnolencia, n\u00e1useas o problemas respiratorios. Inf\u00f3rmate bien de antemano y habla con tu m\u00e9dico sobre los posibles riesgos.<\/li>\n<li><strong>Fuentes de suministro reputadas:<\/strong> Nunca compres fentanilo a proveedores en l\u00ednea poco fiables. Aseg\u00farate de comprarlo solo en farmacias autorizadas para garantizar tu seguridad.<\/li>\n<\/ul>\n<h3><span class=\"ez-toc-section\" id=\"Wo_kannst_du_Fentanyl_kaufen\"><\/span>\u00bfD\u00f3nde se puede comprar Fentanyl?<span class=\"ez-toc-section-end\"><\/span><\/h3>\n<p>El fentanilo est\u00e1 disponible en farmacias, pero necesitar\u00e1 receta m\u00e9dica. Tambi\u00e9n puedes pedirlo en farmacias en l\u00ednea de confianza cuando presentes tu receta. Aseg\u00farate de que la farmacia es de confianza y cumple los requisitos legales.<\/p>\n<h3><span class=\"ez-toc-section\" id=\"FAQs_Fentanyl_kaufen\"><\/span>Preguntas frecuentes: Comprar fentanilo<span class=\"ez-toc-section-end\"><\/span><\/h3>\n<p><strong>1. \u00bfpuedo comprar fentanilo sin receta?<\/strong><br \/>\nNo, el fentanilo s\u00f3lo se vende con receta. Comprarlo sin receta es ilegal y puede tener graves consecuencias legales y para la salud.<\/p>\n<p><strong>2 \u00bfC\u00f3mo act\u00faa el fentanilo?<\/strong><br \/>\nEl fentanilo bloquea las se\u00f1ales de dolor en el cerebro y puede ser muy eficaz, pero s\u00f3lo debe tomarse bajo supervisi\u00f3n m\u00e9dica.<\/p>\n<p><strong>3. \u00bfexisten alternativas al fentanilo?<\/strong><br \/>\nS\u00ed, existen analg\u00e9sicos menos fuertes y con menor riesgo de efectos secundarios. Habla con tu m\u00e9dico sobre las mejores opciones para ti.<\/p>\n<p><strong>4. \u00bfpuedo comprar fentanilo por internet?<\/strong><br \/>\nS\u00ed, puedes comprar fentanilo online, pero <strong>s\u00f3lo en farmacias en l\u00ednea autorizadas<\/strong> con una receta v\u00e1lida.<\/p>\n<h3><span class=\"ez-toc-section\" id=\"Fentanyl_kaufen_Fazit\"><\/span>Comprar Fentanilo: Conclusi\u00f3n<span class=\"ez-toc-section-end\"><\/span><\/h3>\n<p>Si quieres comprar fentanilo, aseg\u00farate de hacerlo de forma segura y legal: siempre con receta. Inf\u00f3rmate bien, habla con tu m\u00e9dico y compra s\u00f3lo en fuentes de confianza. El fentanilo puede ser muy eficaz si se utiliza correctamente, pero tu salud es lo primero.<\/p>","protected":false},"excerpt":{"rendered":"<p>Comprar Fentanilo sin receta. Inf\u00f3rmate sobre los requisitos de prescripci\u00f3n, uso y posibles efectos secundarios.<\/p>","protected":false},"featured_media":2407,"comment_status":"open","ping_status":"closed","template":"","meta":[],"product_brand":[],"product_cat":[294],"product_tag":[],"class_list":{"0":"post-2386","1":"product","2":"type-product","3":"status-publish","4":"has-post-thumbnail","6":"product_cat-opioide-kaufen","8":"first","9":"instock","10":"taxable","11":"shipping-taxable","12":"purchasable","13":"product-type-variable"},"_links":{"self":[{"href":"https:\/\/hoodpharma.com\/es\/wp-json\/wp\/v2\/product\/2386","targetHints":{"allow":["GET"]}}],"collection":[{"href":"https:\/\/hoodpharma.com\/es\/wp-json\/wp\/v2\/product"}],"about":[{"href":"https:\/\/hoodpharma.com\/es\/wp-json\/wp\/v2\/types\/product"}],"replies":[{"embeddable":true,"href":"https:\/\/hoodpharma.com\/es\/wp-json\/wp\/v2\/comments?post=2386"}],"version-history":[{"count":1,"href":"https:\/\/hoodpharma.com\/es\/wp-json\/wp\/v2\/product\/2386\/revisions"}],"predecessor-version":[{"id":2557,"href":"https:\/\/hoodpharma.com\/es\/wp-json\/wp\/v2\/product\/2386\/revisions\/2557"}],"wp:featuredmedia":[{"embeddable":true,"href":"https:\/\/hoodpharma.com\/es\/wp-json\/wp\/v2\/media\/2407"}],"wp:attachment":[{"href":"https:\/\/hoodpharma.com\/es\/wp-json\/wp\/v2\/media?parent=2386"}],"wp:term":[{"taxonomy":"product_brand","embeddable":true,"href":"https:\/\/hoodpharma.com\/es\/wp-json\/wp\/v2\/product_brand?post=2386"},{"taxonomy":"product_cat","embeddable":true,"href":"https:\/\/hoodpharma.com\/es\/wp-json\/wp\/v2\/product_cat?post=2386"},{"taxonomy":"product_tag","embeddable":true,"href":"https:\/\/hoodpharma.com\/es\/wp-json\/wp\/v2\/product_tag?post=2386"}],"curies":[{"name":"wp","href":"https:\/\/api.w.org\/{rel}","templated":true}]}}