{"id":2423,"date":"2024-09-27T12:36:14","date_gmt":"2024-09-27T10:36:14","guid":{"rendered":"https:\/\/hoodpharma.com\/?post_type=product&#038;p=2423"},"modified":"2024-09-29T20:49:31","modified_gmt":"2024-09-29T18:49:31","slug":"methadon-kaufen","status":"publish","type":"product","link":"https:\/\/hoodpharma.com\/es\/producto\/comprar-metadona\/","title":{"rendered":"Metadona"},"content":{"rendered":"<div id=\"ez-toc-container\" class=\"ez-toc-v2_0_80 counter-hierarchy ez-toc-counter ez-toc-grey ez-toc-container-direction\">\n<div class=\"ez-toc-title-container\">\n<p class=\"ez-toc-title\" style=\"cursor:inherit\">\u00cdndice<\/p>\n<span class=\"ez-toc-title-toggle\"><a href=\"#\" class=\"ez-toc-pull-right ez-toc-btn ez-toc-btn-xs ez-toc-btn-default ez-toc-toggle\" aria-label=\"Alternar tabla de contenidos\"><span class=\"ez-toc-js-icon-con\"><span class=\"\"><span class=\"eztoc-hide\" style=\"display:none;\">Toggle<\/span><span class=\"ez-toc-icon-toggle-span\"><svg style=\"fill: #999;color:#999\" xmlns=\"http:\/\/www.w3.org\/2000\/svg\" class=\"list-377408\" width=\"20px\" height=\"20px\" viewbox=\"0 0 24 24\" fill=\"none\"><path d=\"M6 6H4v2h2V6zm14 0H8v2h12V6zM4 11h2v2H4v-2zm16 0H8v2h12v-2zM4 16h2v2H4v-2zm16 0H8v2h12v-2z\" fill=\"currentColor\"><\/path><\/svg><svg style=\"fill: #999;color:#999\" class=\"arrow-unsorted-368013\" xmlns=\"http:\/\/www.w3.org\/2000\/svg\" width=\"10px\" height=\"10px\" viewbox=\"0 0 24 24\" version=\"1.2\" baseprofile=\"tiny\"><path d=\"M18.2 9.3l-6.2-6.3-6.2 6.3c-.2.2-.3.4-.3.7s.1.5.3.7c.2.2.4.3.7.3h11c.3 0 .5-.1.7-.3.2-.2.3-.5.3-.7s-.1-.5-.3-.7zM5.8 14.7l6.2 6.3 6.2-6.3c.2-.2.3-.5.3-.7s-.1-.5-.3-.7c-.2-.2-.4-.3-.7-.3h-11c-.3 0-.5.1-.7.3-.2.2-.3.5-.3.7s.1.5.3.7z\"\/><\/svg><\/span><\/span><\/span><\/a><\/span><\/div>\n<nav><ul class='ez-toc-list ez-toc-list-level-1' ><li class='ez-toc-page-1 ez-toc-heading-level-2'><a class=\"ez-toc-link ez-toc-heading-1\" href=\"https:\/\/hoodpharma.com\/es\/producto\/comprar-metadona\/#Methadon_kaufen_Was_du_wissen_musst\" >Comprar metadona: Lo que debe saber<\/a><ul class='ez-toc-list-level-3' ><li class='ez-toc-heading-level-3'><a class=\"ez-toc-link ez-toc-heading-2\" href=\"https:\/\/hoodpharma.com\/es\/producto\/comprar-metadona\/#Warum_mochtest_du_Methadon_kaufen\" >\u00bfPor qu\u00e9 quieres comprar metadona?<\/a><\/li><li class='ez-toc-page-1 ez-toc-heading-level-3'><a class=\"ez-toc-link ez-toc-heading-3\" href=\"https:\/\/hoodpharma.com\/es\/producto\/comprar-metadona\/#Methadon_kaufen_Darauf_musst_du_achten\" >Comprar metadona: Lo que debe tener en cuenta<\/a><\/li><li class='ez-toc-page-1 ez-toc-heading-level-3'><a class=\"ez-toc-link ez-toc-heading-4\" href=\"https:\/\/hoodpharma.com\/es\/producto\/comprar-metadona\/#Kann_ich_Methadon_online_kaufen\" >\u00bfPuedo comprar metadona por Internet?<\/a><\/li><li class='ez-toc-page-1 ez-toc-heading-level-3'><a class=\"ez-toc-link ez-toc-heading-5\" href=\"https:\/\/hoodpharma.com\/es\/producto\/comprar-metadona\/#Welche_Risiken_gibt_es_wenn_du_Methadon_kaufen_willst\" >\u00bfCu\u00e1les son los riesgos de comprar metadona?<\/a><\/li><li class='ez-toc-page-1 ez-toc-heading-level-3'><a class=\"ez-toc-link ez-toc-heading-6\" href=\"https:\/\/hoodpharma.com\/es\/producto\/comprar-metadona\/#FAQs_Methadon_kaufen\" >Preguntas frecuentes: Comprar metadona<\/a><\/li><li class='ez-toc-page-1 ez-toc-heading-level-3'><a class=\"ez-toc-link ez-toc-heading-7\" href=\"https:\/\/hoodpharma.com\/es\/producto\/comprar-metadona\/#Methadon_kaufen_Schlusswort\" >Comprar metadona: Conclusi\u00f3n<\/a><\/li><\/ul><\/li><\/ul><\/nav><\/div>\n<h2><span class=\"ez-toc-section\" id=\"Methadon_kaufen_Was_du_wissen_musst\"><\/span>Comprar metadona: Lo que debe saber<span class=\"ez-toc-section-end\"><\/span><\/h2>\n<p>\u00bfEst\u00e1s pensando en comprar metadona pero no sabes qu\u00e9 buscar? Es completamente normal. La metadona es un potente medicamento que suele utilizarse para tratar el dolor o como parte de la terapia de sustituci\u00f3n de la adicci\u00f3n a los opi\u00e1ceos. Pero antes de querer comprar metadona, hay algunas cosas que deber\u00edas saber.<\/p>\n<h3><span class=\"ez-toc-section\" id=\"Warum_mochtest_du_Methadon_kaufen\"><\/span>\u00bfPor qu\u00e9 quieres comprar metadona?<span class=\"ez-toc-section-end\"><\/span><\/h3>\n<p>A menudo surge la pregunta: <em>\u00bfPor qu\u00e9 metadona y no otro analg\u00e9sico o medicamento?<\/em> Tal vez hayas probado diferentes f\u00e1rmacos que no te han ayudado, o necesites ayuda para tratar una adicci\u00f3n a los opi\u00e1ceos. La metadona se suele recetar porque es eficaz, pero como con cualquier medicamento, se recomienda precauci\u00f3n.<\/p>\n<h3><span class=\"ez-toc-section\" id=\"Methadon_kaufen_Darauf_musst_du_achten\"><\/span>Comprar metadona: Lo que debe tener en cuenta<span class=\"ez-toc-section-end\"><\/span><\/h3>\n<p>Si quieres comprar metadona, hay algunos puntos importantes que debes tener en cuenta:<\/p>\n<ul>\n<li><strong>S\u00f3lo disponible con receta<\/strong>La metadona requiere receta m\u00e9dica en la mayor\u00eda de los pa\u00edses. Si alguien te ofrece metadona sin receta, ten cuidado.<\/li>\n<li><strong>Observar la dosis<\/strong>La dosis correcta es crucial. Muy poca metadona no tiene ning\u00fan efecto, demasiada puede ser peligrosa.<\/li>\n<li><strong>Experiencia con metadona<\/strong>Muchas personas informan de buenos resultados, pero cada cuerpo reacciona de forma diferente.<\/li>\n<\/ul>\n<h3><span class=\"ez-toc-section\" id=\"Kann_ich_Methadon_online_kaufen\"><\/span>\u00bfPuedo comprar metadona por Internet?<span class=\"ez-toc-section-end\"><\/span><\/h3>\n<p>Esta pregunta se plantea a menudo: <em>\u00bfPuedo comprar metadona por Internet sin m\u00e1s?<\/em> La respuesta es s\u00ed y no. <strong>Farmacias en l\u00ednea<\/strong> suelen ofrecer medicamentos, pero siempre debe asegurarse de que tiene un <strong>serio<\/strong> y <strong>farmacia autorizada<\/strong> elegir.<\/p>\n<p>Consejo:<\/p>\n<ul>\n<li>Preste atenci\u00f3n a <strong>Certificados<\/strong> y <strong>Valoraciones<\/strong> la farmacia.<\/li>\n<li>Averig\u00fce si un <strong>Entrevista de asesoramiento<\/strong> con un m\u00e9dico.<\/li>\n<\/ul>\n<h3><span class=\"ez-toc-section\" id=\"Welche_Risiken_gibt_es_wenn_du_Methadon_kaufen_willst\"><\/span>\u00bfCu\u00e1les son los riesgos de comprar metadona?<span class=\"ez-toc-section-end\"><\/span><\/h3>\n<p>Como cualquier medicamento, la metadona tambi\u00e9n tiene efectos secundarios y riesgos. Por eso deber\u00edas:<\/p>\n<ul>\n<li><strong>No automedicarse nunca<\/strong>S\u00f3lo tome metadona bajo supervisi\u00f3n m\u00e9dica.<\/li>\n<li><strong>Conocer los posibles efectos secundarios<\/strong>Entre ellos se incluyen mareos, n\u00e1useas y, en raras ocasiones, problemas respiratorios.<\/li>\n<li><strong>Visitas regulares al m\u00e9dico<\/strong> plan: Especialmente para uso prolongado.<\/li>\n<\/ul>\n<h3><span class=\"ez-toc-section\" id=\"FAQs_Methadon_kaufen\"><\/span>Preguntas frecuentes: Comprar metadona<span class=\"ez-toc-section-end\"><\/span><\/h3>\n<p><strong>1. \u00bfpuedo comprar metadona sin receta?<\/strong><br \/>\nNo, la metadona s\u00f3lo se vende con receta y s\u00f3lo debe tomarse bajo supervisi\u00f3n m\u00e9dica.<\/p>\n<p><strong>2 \u00bfCu\u00e1nto tarda en hacer efecto la metadona?<\/strong><br \/>\nLa metadona suele empezar a hacer efecto en 30 minutos, pero el efecto dura m\u00e1s que con otros analg\u00e9sicos.<\/p>\n<p><strong>3. \u00bfexisten alternativas a la metadona?<\/strong><br \/>\nS\u00ed, dependiendo de su estado de salud, otros medicamentos como la buprenorfina pueden ser una opci\u00f3n.<\/p>\n<h3><span class=\"ez-toc-section\" id=\"Methadon_kaufen_Schlusswort\"><\/span>Comprar metadona: Conclusi\u00f3n<span class=\"ez-toc-section-end\"><\/span><\/h3>\n<p>Si quieres comprar metadona, aseg\u00farate de hablar con tu m\u00e9dico. Ellos pueden recetarte la dosis adecuada e indicarte si la metadona es apropiada para tu situaci\u00f3n. La seguridad y el control son cruciales con esta medicaci\u00f3n: tu bienestar es lo primero.<\/p>\n<p>En conclusi\u00f3n: <strong>Comprar metadona<\/strong> es una decisi\u00f3n seria que requiere una cuidadosa consideraci\u00f3n.<\/p>","protected":false},"excerpt":{"rendered":"<p>Compre metadona en l\u00ednea de forma segura y discreta en las dosis de 5 mg, 10 mg y 40 mg.<\/p>","protected":false},"featured_media":2437,"comment_status":"open","ping_status":"closed","template":"","meta":[],"product_brand":[],"product_cat":[294],"product_tag":[],"class_list":{"0":"post-2423","1":"product","2":"type-product","3":"status-publish","4":"has-post-thumbnail","6":"product_cat-opioide-kaufen","8":"first","9":"instock","10":"taxable","11":"shipping-taxable","12":"purchasable","13":"product-type-variable"},"_links":{"self":[{"href":"https:\/\/hoodpharma.com\/es\/wp-json\/wp\/v2\/product\/2423","targetHints":{"allow":["GET"]}}],"collection":[{"href":"https:\/\/hoodpharma.com\/es\/wp-json\/wp\/v2\/product"}],"about":[{"href":"https:\/\/hoodpharma.com\/es\/wp-json\/wp\/v2\/types\/product"}],"replies":[{"embeddable":true,"href":"https:\/\/hoodpharma.com\/es\/wp-json\/wp\/v2\/comments?post=2423"}],"version-history":[{"count":1,"href":"https:\/\/hoodpharma.com\/es\/wp-json\/wp\/v2\/product\/2423\/revisions"}],"predecessor-version":[{"id":2559,"href":"https:\/\/hoodpharma.com\/es\/wp-json\/wp\/v2\/product\/2423\/revisions\/2559"}],"wp:featuredmedia":[{"embeddable":true,"href":"https:\/\/hoodpharma.com\/es\/wp-json\/wp\/v2\/media\/2437"}],"wp:attachment":[{"href":"https:\/\/hoodpharma.com\/es\/wp-json\/wp\/v2\/media?parent=2423"}],"wp:term":[{"taxonomy":"product_brand","embeddable":true,"href":"https:\/\/hoodpharma.com\/es\/wp-json\/wp\/v2\/product_brand?post=2423"},{"taxonomy":"product_cat","embeddable":true,"href":"https:\/\/hoodpharma.com\/es\/wp-json\/wp\/v2\/product_cat?post=2423"},{"taxonomy":"product_tag","embeddable":true,"href":"https:\/\/hoodpharma.com\/es\/wp-json\/wp\/v2\/product_tag?post=2423"}],"curies":[{"name":"wp","href":"https:\/\/api.w.org\/{rel}","templated":true}]}}