{"id":1625,"date":"2023-06-27T19:20:11","date_gmt":"2023-06-27T18:20:11","guid":{"rendered":"https:\/\/hoodpharma.com\/?post_type=product&#038;p=1625"},"modified":"2024-08-28T00:35:15","modified_gmt":"2024-08-27T22:35:15","slug":"ab-fubinaca-kaufen","status":"publish","type":"product","link":"https:\/\/hoodpharma.com\/fr\/produit\/acheter-ab-fubinaca\/","title":{"rendered":"Achetez AB Fubinaca"},"content":{"rendered":"<div id=\"ez-toc-container\" class=\"ez-toc-v2_0_80 counter-hierarchy ez-toc-counter ez-toc-grey ez-toc-container-direction\">\n<div class=\"ez-toc-title-container\">\n<p class=\"ez-toc-title\" style=\"cursor:inherit\">Aper\u00e7u du contenu<\/p>\n<span class=\"ez-toc-title-toggle\"><a href=\"#\" class=\"ez-toc-pull-right ez-toc-btn ez-toc-btn-xs ez-toc-btn-default ez-toc-toggle\" aria-label=\"Toggle Table of Content\"><span class=\"ez-toc-js-icon-con\"><span class=\"\"><span class=\"eztoc-hide\" style=\"display:none;\">Toggle<\/span><span class=\"ez-toc-icon-toggle-span\"><svg style=\"fill: #999;color:#999\" xmlns=\"http:\/\/www.w3.org\/2000\/svg\" class=\"list-377408\" width=\"20px\" height=\"20px\" viewbox=\"0 0 24 24\" fill=\"none\"><path d=\"M6 6H4v2h2V6zm14 0H8v2h12V6zM4 11h2v2H4v-2zm16 0H8v2h12v-2zM4 16h2v2H4v-2zm16 0H8v2h12v-2z\" fill=\"currentColor\"><\/path><\/svg><svg style=\"fill: #999;color:#999\" class=\"arrow-unsorted-368013\" xmlns=\"http:\/\/www.w3.org\/2000\/svg\" width=\"10px\" height=\"10px\" viewbox=\"0 0 24 24\" version=\"1.2\" baseprofile=\"tiny\"><path d=\"M18.2 9.3l-6.2-6.3-6.2 6.3c-.2.2-.3.4-.3.7s.1.5.3.7c.2.2.4.3.7.3h11c.3 0 .5-.1.7-.3.2-.2.3-.5.3-.7s-.1-.5-.3-.7zM5.8 14.7l6.2 6.3 6.2-6.3c.2-.2.3-.5.3-.7s-.1-.5-.3-.7c-.2-.2-.4-.3-.7-.3h-11c-.3 0-.5.1-.7.3-.2.2-.3.5-.3.7s.1.5.3.7z\"\/><\/svg><\/span><\/span><\/span><\/a><\/span><\/div>\n<nav><ul class='ez-toc-list ez-toc-list-level-1' ><li class='ez-toc-page-1 ez-toc-heading-level-2'><a class=\"ez-toc-link ez-toc-heading-1\" href=\"https:\/\/hoodpharma.com\/fr\/produit\/acheter-ab-fubinaca\/#AB_Fubinaca_kaufen\" >Acheter AB Fubinaca<\/a><ul class='ez-toc-list-level-3' ><li class='ez-toc-heading-level-3'><a class=\"ez-toc-link ez-toc-heading-2\" href=\"https:\/\/hoodpharma.com\/fr\/produit\/acheter-ab-fubinaca\/#AB-FUBINACA_ONLINE_KAUFEN\" >ACHETER AB-FUBINACA EN LIGNE :<\/a><ul class='ez-toc-list-level-4' ><li class='ez-toc-heading-level-4'><a class=\"ez-toc-link ez-toc-heading-3\" href=\"https:\/\/hoodpharma.com\/fr\/produit\/acheter-ab-fubinaca\/#AB-FUBINACA_ZUM_VERKAUF_ONLINE\" >AB-FUBINACA \u00c0 VENDRE EN LIGNE :<\/a><ul class='ez-toc-list-level-5' ><li class='ez-toc-heading-level-5'><a class=\"ez-toc-link ez-toc-heading-4\" href=\"https:\/\/hoodpharma.com\/fr\/produit\/acheter-ab-fubinaca\/#ZUSATZLICH\" >SUPPL\u00c9MENTAIRE :<\/a><\/li><\/ul><\/li><\/ul><\/li><\/ul><\/li><\/ul><\/nav><\/div>\n<h2><span class=\"ez-toc-section\" id=\"AB_Fubinaca_kaufen\"><\/span><span class=\"___SText_4qyg4-ko_\" data-ui-name=\"Link.Text\">Acheter AB Fubinaca<\/span><span class=\"ez-toc-section-end\"><\/span><\/h2>\n<p>Nous avons AB-FUBINACA \u00c0 VENDRE, la toute derni\u00e8re drogue synth\u00e9tique qui peut servir d'alternative autoris\u00e9e et vraiment efficace au cannabis. Alors que la production et la vente de cannabis sont ill\u00e9gales dans la plupart des pays du monde, AB-FUBINACA n'est pas soumis \u00e0 ces restrictions. La drogue de synth\u00e8se AB-FUBINACA est l\u00e9gale et on peut l'acheter directement sur Internet.<\/p>\n<p>RC Chemicals a \u00e9t\u00e9 fond\u00e9e en Chine, o\u00f9 nous disposons d'une installation de synth\u00e8se ultramoderne. Nous \u00e9tions capables de synth\u00e9tiser n'importe quel compos\u00e9 chimique et nos experts ont mis au point une m\u00e9thode permettant d'obtenir l'AB-FUBINACA avec un degr\u00e9 de puret\u00e9 d'environ 100 %. L'AB-FUBINACA, quant \u00e0 lui, peut \u00eatre poss\u00e9d\u00e9 l\u00e9galement, c'est pourquoi il est utilis\u00e9 depuis longtemps. AB-FUBINACA EN VENTE<\/p>\n<p>Occasionnellement, comme une drogue de synth\u00e8se. Il est \u00e9videmment extr\u00eamement puissant, et d'autres personnes pr\u00e9f\u00e9rant les drogues de synth\u00e8se en ont consomm\u00e9 r\u00e9cemment. Il n'a pas \u00e9t\u00e9 \u00e9tabli qu'AB-FUBINACA reprenne les effets secondaires g\u00e9n\u00e9raux de la m\u00e9decine traditionnelle. AB-FUBINACA n'est pratiquement pas adapt\u00e9 \u00e0 la consommation humaine. Il n'est commercialis\u00e9 d'aucune mani\u00e8re et ne doit pas \u00eatre utilis\u00e9 in vivo. Il s'agit d'un produit chimique d'exploration qui ne devrait \u00eatre utilis\u00e9 que par des professionnels de l'industrie dans un environnement m\u00e9dico-l\u00e9gal ou de laboratoire. Acheter AB Fubinaca.<\/p>\n<p>Nous fournissons des produits chimiques d'exploration de haute qualit\u00e9 dans le monde entier. Nos produits sont achet\u00e9s aupr\u00e8s de laboratoires de premier plan aux \u00c9tats-Unis, de sorte que vous pouvez \u00eatre s\u00fbr que les produits chimiques que vous achetez sont dans leur forme la plus pure et sont capables d'obtenir les meilleurs r\u00e9sultats. Nous utilisons les derni\u00e8res connaissances scientifiques pour offrir le prix le plus bas du secteur des \u00e9tudes chimiques. Acheter AB Fubinaca.<\/p>\n<h3><span class=\"ez-toc-section\" id=\"AB-FUBINACA_ONLINE_KAUFEN\"><\/span>ACHETER AB-FUBINACA EN LIGNE :<span class=\"ez-toc-section-end\"><\/span><\/h3>\n<p>La collaboration avec des fournisseurs s\u00e9rieux de substances d'\u00e9tude garantit d'excellents r\u00e9sultats pour vos exp\u00e9riences et \u00e9tudes. L'\u00e9valuation d'une action en cha\u00eene significative et r\u00e9elle (PCR) a \u00e9t\u00e9 r\u00e9alis\u00e9e \u00e0 cinq reprises dans des c\u0153urs et des foies de rats. nj\u0435\u0441t\u043ern \u0435\u043e-nfl\u0430mm\u0430t\u043ern \u0435\u0435 h\u0435v\u0435r \u0430nd \u0440r\u043e-nfl\u0430mm\u0430t\u043ern \u0435 \u0435 nfl\u0430mm\u0430t\u043ern En \u043en\u0435 tud\u0443, AB FUBINACA aigu \u0440r\u043edu\u0441\u0435d n\u0435ur\u043el\u043eg\u0441\u0430l dans n m\u0430l\u0435 souris ICR comme \u0440\u043ent\u0430n\u0435\u043eu et traitement induisent convulsion, hyperr\u00e9flexie, myoclonus, en\u043erm\u043et\u043er modifi\u00e9 \u0435ff\u0435\u0441t, et agressivit\u00e9. AB-FUBINACA \u00c0 VENDRE<\/p>\n<p>AB-FUBINACA n'a pas \u00e9t\u00e9 test\u00e9 pour sa capacit\u00e9 \u00e0 provoquer un avortement spontan\u00e9 chez les animaux et n'a pas non plus \u00e9t\u00e9 test\u00e9 chez l'homme. Le muscle gastrique CHMINACA est similaire \u00e0 AB-FUBINACA, dans lequel un groupe cyclohexyle a \u00e9t\u00e9 remplac\u00e9 par un groupe quadruple fluoroph\u00e9nyle. Les propri\u00e9t\u00e9s physiques et toxicologiques du compos\u00e9 ne sont pas encore connues. AB-FUBINACA EN VENTE<\/p>\n<p>L'article a \u00e9t\u00e9 fourni \u00e0 des fins de recherche et scientifiques. La pr\u00e9paration originale AB-FUBINACA est autoris\u00e9e et vous pouvez l'acheter directement sur Internet. Les substances RC Chemical sont \u00e9tablies en Chine, o\u00f9 nous pouvons trouver notre condition de bureau de combinaison artisanale. Nous pouvons combiner n'importe quel compos\u00e9 de substance, et nos experts ont imagin\u00e9 une m\u00e9thode pour obtenir AB-FUBINACA avec un niveau d'immaculateness de presque 100%. Acheter AB Fubinaca<\/p>\n<h4><span class=\"ez-toc-section\" id=\"AB-FUBINACA_ZUM_VERKAUF_ONLINE\"><\/span>AB-FUBINACA \u00c0 VENDRE EN LIGNE :<span class=\"ez-toc-section-end\"><\/span><\/h4>\n<p>En outre, les SC ont \u00e9t\u00e9 efficacement confisqu\u00e9s lorsqu'ils ont \u00e9t\u00e9 contr\u00f4l\u00e9s par la vapeur ou la perfusion intrap\u00e9riton\u00e9ale, comme confirm\u00e9 au sein des \u00eatres vivants par l'observation de la vitesse, de la temp\u00e9rature du cadre et de la pharmacocin\u00e9tique. Gr\u00e2ce \u00e0 une approche de m\u00e9lange d'anticorps, nous avons \u00e9galement enseign\u00e9 des r\u00e9sultats synergiques simultan\u00e9ment unpolished deux cours de m\u00e9dicaments. Acheter AB Fubinaca.<\/p>\n<p>Les dangers et les avantages \u00e0 long terme de l'utilisation sportive d'AB-FUBINACA ne semblent pas avoir \u00e9t\u00e9 \u00e9tudi\u00e9s dans chaque attitude logique, et l'effet nocif exact est nouveau. Cela est d\u00fb au fait qu'il n'y a pratiquement aucune exp\u00e9rience d'utilisation chez l'homme pour AB-FUBINACA. La confirmation narrative des individus qui ont essay\u00e9 AB-FUBINACA dans le groupe local de personnes sugg\u00e8re qu'il ne semble jamais \u00eatre n'importe quels r\u00e9sultats n\u00e9gatifs de bien-\u00eatre et de bien-\u00eatre cr\u00e9dit\u00e9s \u00e0 simplement chercher ce m\u00e9dicament dans les petites portions aux seules directes et \u00e0 l'employer avec parcimonie (toutefois rien \u00e0 tout n'est habituellement compl\u00e8tement assur\u00e9). AB-FUBINACA \u00c0 VENDRE<\/p>\n<p>Dans l'ensemble, notre enqu\u00eate fournit une large base pour l'opportunit\u00e9 des vaccinations SC. L'interaction et l'orientation sexuelle ont une influence consid\u00e9rable sur les r\u00e9sultats \u00e9motionnels et les r\u00e9actions pharmaco-toxicologiques aux prescriptions. Les hommes sont plus susceptibles que les femmes de consommer pratiquement tout type de m\u00e9dicaments ill\u00e9gaux et de se pr\u00e9senter dans des services de crise choquants en raison d'une ivresse critique ou mortelle. AB-FUBINACA \u00c0 VENDRE Chez les filles, en revanche, la probabilit\u00e9 de d\u00e9velopper un trouble li\u00e9 \u00e0 la consommation de substances est aussi \u00e9lev\u00e9e que chez les hommes, et elles peuvent \u00eatre plus vuln\u00e9rables aux envies et aux rechutes. Des \u00e9tudes cliniques et pr\u00e9cliniques ont montr\u00e9 que les hommes et les femmes diff\u00e8rent de mani\u00e8re d\u00e9cisive peu apr\u00e8s l'administration de prescriptions \"conventionnelles\" pour l'abus de drogues. AB-FUBINACA EN VENTE<\/p>\n<p>Cette situation s'est \u00e9norm\u00e9ment affin\u00e9e ces derniers temps, avec l'apparition de la tentation visuelle tyrannique des nouvelles substances psychoactives (NPS) comme alternatives aux m\u00e9dicaments contr\u00f4l\u00e9s. N\u00e9anmoins, en raison du d\u00e9veloppement de nouvelles substances, la liste des m\u00e9dicaments contr\u00f4l\u00e9s recommand\u00e9s par les m\u00e9decins est constamment mise \u00e0 jour. AB-FUBINACA \u00c0 VENDRE<\/p>\n<p>On sait peu de choses sur le mode d'action de ces substances et sur leurs effets nocifs sur l'homme et les objets comparables, qui peuvent varier non seulement en termes de quantit\u00e9, mais aussi de type de mat\u00e9riel ajout\u00e9. R\u00e9cemment, les cannabino\u00efdes contrefaits ont \u00e9t\u00e9 associ\u00e9s \u00e0 des \u00e9tats d'ivresse volatils et graves en Europe, et malgr\u00e9 l'ampleur des nouvelles mesures dans ce domaine, en avant pour d\u00e9crire un probl\u00e8me pour introduire des \u00e9l\u00e9ments de strat\u00e9gie de drogue. AB-FUBINACA \u00c0 VENDRE<\/p>\n<p>Abdominaux FUBINACA a \u00e9t\u00e9 r\u00e9cemment d\u00e9couvert, et c'est un compos\u00e9 synth\u00e9tique qui pourrait remplir positivement comme un substitut standard pour divers cannabis non falsifi\u00e9. Cependant, comme mentionn\u00e9 pr\u00e9c\u00e9demment, le cannabis standard est g\u00e9n\u00e9ralement ill\u00e9gal dans un incroyable arrangement de pays \u00e0 travers le monde, o\u00f9 que ce soit dans le monde. AB-FUBINACA \u00c0 VENDRE<\/p>\n<p>En juin 2018, un \"compos\u00e9 d'investigation\" appel\u00e9 \"ABFUB7AICA\" a \u00e9t\u00e9 d\u00e9couvert sur Internet et identifi\u00e9 comme \u00e9tant le 5FABP7AICA, le simple 7-azaindole de 5FABPINACA. Nous pr\u00e9sentons des donn\u00e9es sur la repr\u00e9sentation sous-jacente, les marqueurs optimaux pour l'utilisation dans l'urine et les subtilit\u00e9s pharmacocin\u00e9tiques naissantes en dessous. En raison de la grande puret\u00e9 du m\u00e9dicament, l'acheteur ne devrait le prendre qu'en doses infimes. Acheter AB Fubinaca<\/p>\n<h5><span class=\"ez-toc-section\" id=\"ZUSATZLICH\"><\/span>SUPPL\u00c9MENTAIRE :<span class=\"ez-toc-section-end\"><\/span><\/h5>\n<p>La mesure moyenne d'AB-FUBINACA est en milligrammes, et une touche de 20 milligrammes d'AB-FUBINACA offrira une sensation globale visible et audible. La spectroscopie acoustique atomique, la spectrom\u00e9trie de masse par chromatographie sur combustible, la spectroscopie infrarouge et la spectroscopie Raman ont \u00e9t\u00e9 utilis\u00e9es pour repr\u00e9senter la composition. Acheter AB Fubinaca.<\/p>\n<p>Ces substances synth\u00e9tiques sont nettement plus puissantes que le cannabis pur et se sont av\u00e9r\u00e9es \u00eatre des agonistes plus larges des r\u00e9cepteurs cannabino\u00efdes. Il est possible que certaines d'entre elles soient non seulement incroyablement puissantes, mais qu'elles aient \u00e9galement une dur\u00e9e de vie prolong\u00e9e de 50 %, ce qui permet un effet psychoactif continu. L'effet du cannabis est produit par le muscle abdominal CHMINACA. AB-FUBINACA \u00c0 VENDRE<\/p>\n<p>Pfizer a d\u00e9velopp\u00e9 ce m\u00e9dicament en 2009 comme un puissant analg\u00e9sique, mais il n'a jamais \u00e9t\u00e9 utilis\u00e9 chez l'homme. Il s'agit d'un programme I substance actuellement en cours aux \u00c9tats-Unis et qui fournit une \u00e9valuation des lettres actuelles sur la promotion des cannabino\u00efdes contrefaits comme substances d'abus, des exemples tardifs de mauvais traitements, ainsi que leur position juridique, et l'ordre de connexion. Pour plus d'informations <a href=\"https:\/\/hoodpharma.com\/fr\/contact\/\">contactez-nous<\/a> s'il vous pla\u00eet.<\/p>\n<p>&nbsp;<\/p>","protected":false},"excerpt":{"rendered":"<p>AB Fubinaca kaufen Wir haben AB-FUBINACA ZU VERKAUFEN, die neueste synthetische Droge, die als zugelassene und wirklich erfolgreiche Alternative zu<\/p>","protected":false},"featured_media":1824,"comment_status":"open","ping_status":"closed","template":"","meta":[],"product_brand":[],"product_cat":[258,163],"product_tag":[],"class_list":{"0":"post-1625","1":"product","2":"type-product","3":"status-publish","4":"has-post-thumbnail","6":"product_cat-cannabinoid-kaufen","7":"product_cat-forschungschemikalien","9":"first","10":"instock","11":"taxable","12":"shipping-taxable","13":"purchasable","14":"product-type-variable"},"_links":{"self":[{"href":"https:\/\/hoodpharma.com\/fr\/wp-json\/wp\/v2\/product\/1625","targetHints":{"allow":["GET"]}}],"collection":[{"href":"https:\/\/hoodpharma.com\/fr\/wp-json\/wp\/v2\/product"}],"about":[{"href":"https:\/\/hoodpharma.com\/fr\/wp-json\/wp\/v2\/types\/product"}],"replies":[{"embeddable":true,"href":"https:\/\/hoodpharma.com\/fr\/wp-json\/wp\/v2\/comments?post=1625"}],"version-history":[{"count":0,"href":"https:\/\/hoodpharma.com\/fr\/wp-json\/wp\/v2\/product\/1625\/revisions"}],"wp:featuredmedia":[{"embeddable":true,"href":"https:\/\/hoodpharma.com\/fr\/wp-json\/wp\/v2\/media\/1824"}],"wp:attachment":[{"href":"https:\/\/hoodpharma.com\/fr\/wp-json\/wp\/v2\/media?parent=1625"}],"wp:term":[{"taxonomy":"product_brand","embeddable":true,"href":"https:\/\/hoodpharma.com\/fr\/wp-json\/wp\/v2\/product_brand?post=1625"},{"taxonomy":"product_cat","embeddable":true,"href":"https:\/\/hoodpharma.com\/fr\/wp-json\/wp\/v2\/product_cat?post=1625"},{"taxonomy":"product_tag","embeddable":true,"href":"https:\/\/hoodpharma.com\/fr\/wp-json\/wp\/v2\/product_tag?post=1625"}],"curies":[{"name":"wp","href":"https:\/\/api.w.org\/{rel}","templated":true}]}}