{"id":2364,"date":"2024-09-23T02:22:21","date_gmt":"2024-09-23T00:22:21","guid":{"rendered":"https:\/\/hoodpharma.com\/?post_type=product&#038;p=2364"},"modified":"2024-09-29T20:46:50","modified_gmt":"2024-09-29T18:46:50","slug":"oxycodon-kaufen","status":"publish","type":"product","link":"https:\/\/hoodpharma.com\/it\/prodotto\/acquistare-ossicodone\/","title":{"rendered":"Ossicodone"},"content":{"rendered":"<div id=\"ez-toc-container\" class=\"ez-toc-v2_0_80 counter-hierarchy ez-toc-counter ez-toc-grey ez-toc-container-direction\">\n<div class=\"ez-toc-title-container\">\n<p class=\"ez-toc-title\" style=\"cursor:inherit\">Indice dei contenuti<\/p>\n<span class=\"ez-toc-title-toggle\"><a href=\"#\" class=\"ez-toc-pull-right ez-toc-btn ez-toc-btn-xs ez-toc-btn-default ez-toc-toggle\" aria-label=\"Allinea la tabella dei contenuti\"><span class=\"ez-toc-js-icon-con\"><span class=\"\"><span class=\"eztoc-hide\" style=\"display:none;\">Toggle<\/span><span class=\"ez-toc-icon-toggle-span\"><svg style=\"fill: #999;color:#999\" xmlns=\"http:\/\/www.w3.org\/2000\/svg\" class=\"list-377408\" width=\"20px\" height=\"20px\" viewbox=\"0 0 24 24\" fill=\"none\"><path d=\"M6 6H4v2h2V6zm14 0H8v2h12V6zM4 11h2v2H4v-2zm16 0H8v2h12v-2zM4 16h2v2H4v-2zm16 0H8v2h12v-2z\" fill=\"currentColor\"><\/path><\/svg><svg style=\"fill: #999;color:#999\" class=\"arrow-unsorted-368013\" xmlns=\"http:\/\/www.w3.org\/2000\/svg\" width=\"10px\" height=\"10px\" viewbox=\"0 0 24 24\" version=\"1.2\" baseprofile=\"tiny\"><path d=\"M18.2 9.3l-6.2-6.3-6.2 6.3c-.2.2-.3.4-.3.7s.1.5.3.7c.2.2.4.3.7.3h11c.3 0 .5-.1.7-.3.2-.2.3-.5.3-.7s-.1-.5-.3-.7zM5.8 14.7l6.2 6.3 6.2-6.3c.2-.2.3-.5.3-.7s-.1-.5-.3-.7c-.2-.2-.4-.3-.7-.3h-11c-.3 0-.5.1-.7.3-.2.2-.3.5-.3.7s.1.5.3.7z\"\/><\/svg><\/span><\/span><\/span><\/a><\/span><\/div>\n<nav><ul class='ez-toc-list ez-toc-list-level-1' ><li class='ez-toc-page-1 ez-toc-heading-level-2'><a class=\"ez-toc-link ez-toc-heading-1\" href=\"https:\/\/hoodpharma.com\/it\/prodotto\/acquistare-ossicodone\/#Oxycodon_kaufen_Alles_was_du_wissen_musst\" >Acquistare ossicodone: Tutto quello che c'\u00e8 da sapere<\/a><ul class='ez-toc-list-level-3' ><li class='ez-toc-heading-level-3'><a class=\"ez-toc-link ez-toc-heading-2\" href=\"https:\/\/hoodpharma.com\/it\/prodotto\/acquistare-ossicodone\/#Warum_solltest_du_Oxycodon_kaufen\" >Perch\u00e9 acquistare l'ossicodone?<\/a><\/li><li class='ez-toc-page-1 ez-toc-heading-level-3'><a class=\"ez-toc-link ez-toc-heading-3\" href=\"https:\/\/hoodpharma.com\/it\/prodotto\/acquistare-ossicodone\/#Oxycodon_kaufen_Worauf_du_achten_solltest\" >Acquistare ossicodone: A cosa bisogna prestare attenzione<\/a><\/li><li class='ez-toc-page-1 ez-toc-heading-level-3'><a class=\"ez-toc-link ez-toc-heading-4\" href=\"https:\/\/hoodpharma.com\/it\/prodotto\/acquistare-ossicodone\/#Wo_kannst_du_Oxycodon_kaufen\" >Dove si pu\u00f2 acquistare l'ossicodone?<\/a><\/li><li class='ez-toc-page-1 ez-toc-heading-level-3'><a class=\"ez-toc-link ez-toc-heading-5\" href=\"https:\/\/hoodpharma.com\/it\/prodotto\/acquistare-ossicodone\/#FAQs_Oxycodon_kaufen\" >FAQ: Acquisto di ossicodone<\/a><\/li><li class='ez-toc-page-1 ez-toc-heading-level-3'><a class=\"ez-toc-link ez-toc-heading-6\" href=\"https:\/\/hoodpharma.com\/it\/prodotto\/acquistare-ossicodone\/#Oxycodon_kaufen_Fazit\" >Acquistare ossicodone: Conclusione<\/a><\/li><\/ul><\/li><\/ul><\/nav><\/div>\n<h2><span class=\"ez-toc-section\" id=\"Oxycodon_kaufen_Alles_was_du_wissen_musst\"><\/span>Acquistare ossicodone: Tutto quello che c'\u00e8 da sapere<span class=\"ez-toc-section-end\"><\/span><\/h2>\n<p>Volete acquistare ossicodone ma non sapete esattamente a cosa fare attenzione? Non preoccupatevi, non siete soli. Molte persone si chiedono se possono usare questo antidolorifico in modo sicuro, dove possono acquistarlo e quali sono i rischi ad esso associati. Questo articolo vi dir\u00e0 tutto quello che c'\u00e8 da sapere.<\/p>\n<h3><span class=\"ez-toc-section\" id=\"Warum_solltest_du_Oxycodon_kaufen\"><\/span>Perch\u00e9 acquistare l'ossicodone?<span class=\"ez-toc-section-end\"><\/span><\/h3>\n<p>L'ossicodone viene spesso prescritto per alleviare il dolore intenso, ad esempio dopo un'operazione o in caso di malattie croniche. <strong>Se si desidera acquistare Oxycodone<\/strong>\u00e8 necessario assicurarsi che venga utilizzato solo dopo aver consultato il proprio medico, poich\u00e9 si tratta di un potente farmaco da prescrizione. \u00c8 efficace, ma comporta anche rischi come la dipendenza se usato in modo scorretto.<\/p>\n<h3><span class=\"ez-toc-section\" id=\"Oxycodon_kaufen_Worauf_du_achten_solltest\"><\/span>Acquistare ossicodone: A cosa bisogna prestare attenzione<span class=\"ez-toc-section-end\"><\/span><\/h3>\n<p>Prima di decidere di acquistare ossicodone, \u00e8 bene considerare i seguenti punti:<\/p>\n<ul>\n<li><strong>Solo su prescrizione medica<\/strong>In Germania l'ossicodone \u00e8 un farmaco soggetto a prescrizione medica. Assicuratevi di procurarvelo in modo legale e sicuro solo dietro prescrizione medica.<\/li>\n<li><strong>Consumo responsabile<\/strong>L'ossicodone pu\u00f2 avere effetti collaterali come nausea, sonnolenza o costipazione. Se si assume per un periodo di tempo prolungato, si pu\u00f2 sviluppare una dipendenza.<\/li>\n<li><strong>Fonti di approvvigionamento affidabili<\/strong>Non acquistare mai ossicodone da fornitori online sconosciuti. Sono in circolazione molti prodotti contraffatti che possono essere pericolosi.<\/li>\n<\/ul>\n<h3><span class=\"ez-toc-section\" id=\"Wo_kannst_du_Oxycodon_kaufen\"><\/span>Dove si pu\u00f2 acquistare l'ossicodone?<span class=\"ez-toc-section-end\"><\/span><\/h3>\n<p>In farmacia \u00e8 possibile <strong>Comprare Oxycodone<\/strong>ma solo dietro prescrizione medica. In alternativa, \u00e8 possibile ordinarlo presso le farmacie online autorizzate. Assicuratevi che la farmacia sia affidabile e legalmente autorizzata per evitare rischi.<\/p>\n<h3><span class=\"ez-toc-section\" id=\"FAQs_Oxycodon_kaufen\"><\/span>FAQ: Acquisto di ossicodone<span class=\"ez-toc-section-end\"><\/span><\/h3>\n<p><strong>1. Posso acquistare l'ossicodone senza prescrizione medica?<\/strong><br \/>\nNo, l'ossicodone richiede una prescrizione medica. L'acquisto senza prescrizione \u00e8 illegale e pu\u00f2 comportare gravi rischi per la salute e conseguenze legali.<\/p>\n<p><strong>2 Come funziona l'ossicodone?<\/strong><br \/>\nL'ossicodone agisce bloccando i segnali di dolore inviati al cervello. Pu\u00f2 essere molto efficace per il dolore grave, ma deve essere assunto solo sotto controllo medico.<\/p>\n<p><strong>3. esistono alternative all'ossicodone?<\/strong><br \/>\nS\u00ec, esistono diversi antidolorifici meno forti e con un minor rischio di dipendenza, come l'ibuprofene o il paracetamolo. Il medico pu\u00f2 aiutarvi a trovare l'opzione migliore.<\/p>\n<p><strong>4. posso acquistare ossicodone online?<\/strong><br \/>\nS\u00ec, \u00e8 possibile acquistare ossicodone online, ma <strong>solo con farmacie online affidabili<\/strong> con una prescrizione valida. Assicuratevi sempre di procurarvelo da una fonte autorizzata.<\/p>\n<h3><span class=\"ez-toc-section\" id=\"Oxycodon_kaufen_Fazit\"><\/span>Acquistare ossicodone: Conclusione<span class=\"ez-toc-section-end\"><\/span><\/h3>\n<p><strong>Se si desidera acquistare Oxycodone<\/strong>\u00e8 importante farlo in modo legale e sicuro, sempre dietro prescrizione del medico. Evitate di acquistare da fonti poco affidabili e siate consapevoli dei rischi. L'ossicodone pu\u00f2 essere molto efficace se usato correttamente, ma la vostra sicurezza \u00e8 fondamentale.<\/p>","protected":false},"excerpt":{"rendered":"<p>Acquistare ossicodone online senza ricetta. Medschemicalsuppliers \u00e8 il vostro fornitore affidabile di antidolorifici.<\/p>","protected":false},"featured_media":2385,"comment_status":"open","ping_status":"closed","template":"","meta":[],"product_brand":[],"product_cat":[294],"product_tag":[],"class_list":{"0":"post-2364","1":"product","2":"type-product","3":"status-publish","4":"has-post-thumbnail","6":"product_cat-opioide-kaufen","8":"first","9":"instock","10":"taxable","11":"shipping-taxable","12":"purchasable","13":"product-type-variable"},"_links":{"self":[{"href":"https:\/\/hoodpharma.com\/it\/wp-json\/wp\/v2\/product\/2364","targetHints":{"allow":["GET"]}}],"collection":[{"href":"https:\/\/hoodpharma.com\/it\/wp-json\/wp\/v2\/product"}],"about":[{"href":"https:\/\/hoodpharma.com\/it\/wp-json\/wp\/v2\/types\/product"}],"replies":[{"embeddable":true,"href":"https:\/\/hoodpharma.com\/it\/wp-json\/wp\/v2\/comments?post=2364"}],"version-history":[{"count":1,"href":"https:\/\/hoodpharma.com\/it\/wp-json\/wp\/v2\/product\/2364\/revisions"}],"predecessor-version":[{"id":2556,"href":"https:\/\/hoodpharma.com\/it\/wp-json\/wp\/v2\/product\/2364\/revisions\/2556"}],"wp:featuredmedia":[{"embeddable":true,"href":"https:\/\/hoodpharma.com\/it\/wp-json\/wp\/v2\/media\/2385"}],"wp:attachment":[{"href":"https:\/\/hoodpharma.com\/it\/wp-json\/wp\/v2\/media?parent=2364"}],"wp:term":[{"taxonomy":"product_brand","embeddable":true,"href":"https:\/\/hoodpharma.com\/it\/wp-json\/wp\/v2\/product_brand?post=2364"},{"taxonomy":"product_cat","embeddable":true,"href":"https:\/\/hoodpharma.com\/it\/wp-json\/wp\/v2\/product_cat?post=2364"},{"taxonomy":"product_tag","embeddable":true,"href":"https:\/\/hoodpharma.com\/it\/wp-json\/wp\/v2\/product_tag?post=2364"}],"curies":[{"name":"wp","href":"https:\/\/api.w.org\/{rel}","templated":true}]}}