{"id":2237,"date":"2024-09-19T03:52:21","date_gmt":"2024-09-19T01:52:21","guid":{"rendered":"https:\/\/hoodpharma.com\/?post_type=product&#038;p=2237"},"modified":"2024-09-29T20:45:54","modified_gmt":"2024-09-29T18:45:54","slug":"alprazolam-kaufen","status":"publish","type":"product","link":"https:\/\/hoodpharma.com\/nl\/product\/alprazolam-kopen\/","title":{"rendered":"Alprazolam"},"content":{"rendered":"<div id=\"ez-toc-container\" class=\"ez-toc-v2_0_80 counter-hierarchy ez-toc-counter ez-toc-grey ez-toc-container-direction\">\n<div class=\"ez-toc-title-container\">\n<p class=\"ez-toc-title\" style=\"cursor:inherit\">Inhoudsopgave<\/p>\n<span class=\"ez-toc-title-toggle\"><a href=\"#\" class=\"ez-toc-pull-right ez-toc-btn ez-toc-btn-xs ez-toc-btn-default ez-toc-toggle\" aria-label=\"Toggle tabel met inhoud\"><span class=\"ez-toc-js-icon-con\"><span class=\"\"><span class=\"eztoc-hide\" style=\"display:none;\">Schakel<\/span><span class=\"ez-toc-icon-toggle-span\"><svg style=\"fill: #999;color:#999\" xmlns=\"http:\/\/www.w3.org\/2000\/svg\" class=\"list-377408\" width=\"20px\" height=\"20px\" viewbox=\"0 0 24 24\" fill=\"none\"><path d=\"M6 6H4v2h2V6zm14 0H8v2h12V6zM4 11h2v2H4v-2zm16 0H8v2h12v-2zM4 16h2v2H4v-2zm16 0H8v2h12v-2z\" fill=\"currentColor\"><\/path><\/svg><svg style=\"fill: #999;color:#999\" class=\"arrow-unsorted-368013\" xmlns=\"http:\/\/www.w3.org\/2000\/svg\" width=\"10px\" height=\"10px\" viewbox=\"0 0 24 24\" version=\"1.2\" baseprofile=\"tiny\"><path d=\"M18.2 9.3l-6.2-6.3-6.2 6.3c-.2.2-.3.4-.3.7s.1.5.3.7c.2.2.4.3.7.3h11c.3 0 .5-.1.7-.3.2-.2.3-.5.3-.7s-.1-.5-.3-.7zM5.8 14.7l6.2 6.3 6.2-6.3c.2-.2.3-.5.3-.7s-.1-.5-.3-.7c-.2-.2-.4-.3-.7-.3h-11c-.3 0-.5.1-.7.3-.2.2-.3.5-.3.7s.1.5.3.7z\"\/><\/svg><\/span><\/span><\/span><\/a><\/span><\/div>\n<nav><ul class='ez-toc-list ez-toc-list-level-1' ><li class='ez-toc-page-1 ez-toc-heading-level-2'><a class=\"ez-toc-link ez-toc-heading-1\" href=\"https:\/\/hoodpharma.com\/nl\/product\/alprazolam-kopen\/#Alprazolam_kaufen_%E2%80%93_Xanax_Kaufen\" >Alprazolam kopen - Xanax kopen<\/a><ul class='ez-toc-list-level-3' ><li class='ez-toc-heading-level-3'><a class=\"ez-toc-link ez-toc-heading-2\" href=\"https:\/\/hoodpharma.com\/nl\/product\/alprazolam-kopen\/#Was_ist_Alprazolam_und_wie_wirkt_es\" >Wat is alprazolam en hoe werkt het?<\/a><\/li><li class='ez-toc-page-1 ez-toc-heading-level-3'><a class=\"ez-toc-link ez-toc-heading-3\" href=\"https:\/\/hoodpharma.com\/nl\/product\/alprazolam-kopen\/#Alprazolam_kaufen_%E2%80%93_Ist_es_sicher\" >Alprazolam kopen - Is het veilig?<\/a><\/li><li class='ez-toc-page-1 ez-toc-heading-level-3'><a class=\"ez-toc-link ez-toc-heading-4\" href=\"https:\/\/hoodpharma.com\/nl\/product\/alprazolam-kopen\/#Warum_solltest_du_Alprazolam_nur_mit_Vorsicht_verwenden\" >Waarom moet je alprazolam met voorzichtigheid gebruiken?<\/a><\/li><li class='ez-toc-page-1 ez-toc-heading-level-3'><a class=\"ez-toc-link ez-toc-heading-5\" href=\"https:\/\/hoodpharma.com\/nl\/product\/alprazolam-kopen\/#Wie_kannst_du_Alprazolam_kaufen\" >Hoe kun je Alprazolam kopen?<\/a><\/li><li class='ez-toc-page-1 ez-toc-heading-level-3'><a class=\"ez-toc-link ez-toc-heading-6\" href=\"https:\/\/hoodpharma.com\/nl\/product\/alprazolam-kopen\/#FAQs\" >FAQs<\/a><\/li><li class='ez-toc-page-1 ez-toc-heading-level-3'><a class=\"ez-toc-link ez-toc-heading-7\" href=\"https:\/\/hoodpharma.com\/nl\/product\/alprazolam-kopen\/#Fazit_Alprazolam_kaufen_%E2%80%93_Das_musst_du_wissen\" >Conclusie: Alprazolam kopen - wat je moet weten<\/a><\/li><\/ul><\/li><\/ul><\/nav><\/div>\n<h2><span class=\"ez-toc-section\" id=\"Alprazolam_kaufen_%E2%80%93_Xanax_Kaufen\"><\/span><strong>Alprazolam kopen - Xanax kopen<\/strong><span class=\"ez-toc-section-end\"><\/span><\/h2>\n<p>Wil je <strong>Alprazolam kopen<\/strong>om je angst- of slaapproblemen te verlichten? In dit artikel lees je alles wat je moet weten over het kopen van Alprazolam.<\/p>\n<h3><span class=\"ez-toc-section\" id=\"Was_ist_Alprazolam_und_wie_wirkt_es\"><\/span>Wat is alprazolam en hoe werkt het?<span class=\"ez-toc-section-end\"><\/span><\/h3>\n<p>Voordat u <strong>Alprazolam kopen<\/strong>is het belangrijk om te begrijpen wat het doet. Alprazolam is een krachtig kalmeringsmiddel dat wordt gebruikt bij angst- en paniekstoornissen. Het werkt snel en kan je helpen ontspannen als de stress overweldigend wordt.<\/p>\n<h3><span class=\"ez-toc-section\" id=\"Alprazolam_kaufen_%E2%80%93_Ist_es_sicher\"><\/span>Alprazolam kopen - Is het veilig?<span class=\"ez-toc-section-end\"><\/span><\/h3>\n<p>Veel mensen vragen zich af: <strong>Kan ik veilig alprazolam kopen?<\/strong>? Als je online geneesmiddelen koopt, is het cruciaal om een betrouwbare apotheek te kiezen. Zo weet je zeker dat je een echt product krijgt en vermijd je gezondheidsrisico's.<\/p>\n<h3><span class=\"ez-toc-section\" id=\"Warum_solltest_du_Alprazolam_nur_mit_Vorsicht_verwenden\"><\/span>Waarom moet je alprazolam met voorzichtigheid gebruiken?<span class=\"ez-toc-section-end\"><\/span><\/h3>\n<ul>\n<li><strong>Gevaar van afhankelijkheid:<\/strong> Alprazolam kan leiden tot afhankelijkheid bij langdurig gebruik.<\/li>\n<li><strong>Bijwerkingen:<\/strong> Sufheid, duizeligheid en geheugenproblemen zijn veel voorkomende bijwerkingen.<\/li>\n<li><strong>Interacties:<\/strong> Als u andere geneesmiddelen gebruikt, informeer dan uw arts voordat u <strong>Alprazolam kopen<\/strong>.<\/li>\n<\/ul>\n<h3><span class=\"ez-toc-section\" id=\"Wie_kannst_du_Alprazolam_kaufen\"><\/span>Hoe kun je Alprazolam kopen?<span class=\"ez-toc-section-end\"><\/span><\/h3>\n<p>Wanneer je beslist, <strong>Alprazolam kopen<\/strong>moet je ervoor zorgen dat je bij een veilige en legale bron bestelt. Online apotheken met een goede reputatie bieden vaak discrete leveringen en hebben positieve beoordelingen van klanten.<\/p>\n<h3><span class=\"ez-toc-section\" id=\"FAQs\"><\/span>FAQs<span class=\"ez-toc-section-end\"><\/span><\/h3>\n<p><strong>Kan ik Alprazolam kopen zonder recept?<\/strong><br \/>\nAlprazolam is in veel landen alleen op recept verkrijgbaar. Het is niet aan te raden om medicatie te kopen zonder medisch advies.<\/p>\n<p><strong>Hoe lang werkt alprazolam?<\/strong><br \/>\nAlprazolam werkt meestal binnen 1-2 uur en het effect kan tot 6 uur aanhouden.<\/p>\n<p><strong>Welke alternatieven zijn er voor alprazolam?<\/strong><br \/>\nAndere kalmerende middelen zoals diazepam of lorazepam kunnen een optie voor je zijn. Een arts kan je hierbij helpen.<\/p>\n<h3><span class=\"ez-toc-section\" id=\"Fazit_Alprazolam_kaufen_%E2%80%93_Das_musst_du_wissen\"><\/span>Conclusie: Alprazolam kopen - wat je moet weten<span class=\"ez-toc-section-end\"><\/span><\/h3>\n<p>Als je van plan bent, <strong>Alprazolam kopen<\/strong>Zorg ervoor dat je dit doet via een gerenommeerde bron. Houd altijd rekening met de mogelijke bijwerkingen en risico's en raadpleeg een arts om er zeker van te zijn dat deze medicatie geschikt voor je is.<\/p>\n<p>Onthoud: zelfverzekerde beslissingen maken het verschil wanneer je <strong>Alprazolam kopen<\/strong>!<\/p>","protected":false},"excerpt":{"rendered":"<p>Alprazolam kaufen \u2013 Xanax Kaufen M\u00f6chtest du Alprazolam kaufen, um deine Angstzust\u00e4nde oder Schlafprobleme zu lindern? In diesem Artikel erf\u00e4hrst<\/p>","protected":false},"featured_media":2256,"comment_status":"open","ping_status":"closed","template":"","meta":[],"product_brand":[],"product_cat":[296],"product_tag":[],"class_list":{"0":"post-2237","1":"product","2":"type-product","3":"status-publish","4":"has-post-thumbnail","6":"product_cat-benzodiazepine-kaufen","8":"first","9":"instock","10":"taxable","11":"shipping-taxable","12":"purchasable","13":"product-type-variable"},"_links":{"self":[{"href":"https:\/\/hoodpharma.com\/nl\/wp-json\/wp\/v2\/product\/2237","targetHints":{"allow":["GET"]}}],"collection":[{"href":"https:\/\/hoodpharma.com\/nl\/wp-json\/wp\/v2\/product"}],"about":[{"href":"https:\/\/hoodpharma.com\/nl\/wp-json\/wp\/v2\/types\/product"}],"replies":[{"embeddable":true,"href":"https:\/\/hoodpharma.com\/nl\/wp-json\/wp\/v2\/comments?post=2237"}],"version-history":[{"count":1,"href":"https:\/\/hoodpharma.com\/nl\/wp-json\/wp\/v2\/product\/2237\/revisions"}],"predecessor-version":[{"id":2550,"href":"https:\/\/hoodpharma.com\/nl\/wp-json\/wp\/v2\/product\/2237\/revisions\/2550"}],"wp:featuredmedia":[{"embeddable":true,"href":"https:\/\/hoodpharma.com\/nl\/wp-json\/wp\/v2\/media\/2256"}],"wp:attachment":[{"href":"https:\/\/hoodpharma.com\/nl\/wp-json\/wp\/v2\/media?parent=2237"}],"wp:term":[{"taxonomy":"product_brand","embeddable":true,"href":"https:\/\/hoodpharma.com\/nl\/wp-json\/wp\/v2\/product_brand?post=2237"},{"taxonomy":"product_cat","embeddable":true,"href":"https:\/\/hoodpharma.com\/nl\/wp-json\/wp\/v2\/product_cat?post=2237"},{"taxonomy":"product_tag","embeddable":true,"href":"https:\/\/hoodpharma.com\/nl\/wp-json\/wp\/v2\/product_tag?post=2237"}],"curies":[{"name":"wp","href":"https:\/\/api.w.org\/{rel}","templated":true}]}}