{"id":1443,"date":"2023-06-27T19:19:16","date_gmt":"2023-06-27T18:19:16","guid":{"rendered":"https:\/\/hoodpharma.com\/?post_type=product&#038;p=1443"},"modified":"2024-09-28T04:57:53","modified_gmt":"2024-09-28T02:57:53","slug":"pink-kokain","status":"publish","type":"product","link":"https:\/\/hoodpharma.com\/pt\/produto\/cocaina-cor-de-rosa\/","title":{"rendered":"Coca\u00edna cor-de-rosa"},"content":{"rendered":"<div id=\"ez-toc-container\" class=\"ez-toc-v2_0_80 counter-hierarchy ez-toc-counter ez-toc-grey ez-toc-container-direction\">\n<div class=\"ez-toc-title-container\">\n<p class=\"ez-toc-title\" style=\"cursor:inherit\">\u00cdndice<\/p>\n<span class=\"ez-toc-title-toggle\"><a href=\"#\" class=\"ez-toc-pull-right ez-toc-btn ez-toc-btn-xs ez-toc-btn-default ez-toc-toggle\" aria-label=\"Alternar o \u00edndice\"><span class=\"ez-toc-js-icon-con\"><span class=\"\"><span class=\"eztoc-hide\" style=\"display:none;\">Alternar<\/span><span class=\"ez-toc-icon-toggle-span\"><svg style=\"fill: #999;color:#999\" xmlns=\"http:\/\/www.w3.org\/2000\/svg\" class=\"list-377408\" width=\"20px\" height=\"20px\" viewbox=\"0 0 24 24\" fill=\"none\"><path d=\"M6 6H4v2h2V6zm14 0H8v2h12V6zM4 11h2v2H4v-2zm16 0H8v2h12v-2zM4 16h2v2H4v-2zm16 0H8v2h12v-2z\" fill=\"currentColor\"><\/path><\/svg><svg style=\"fill: #999;color:#999\" class=\"arrow-unsorted-368013\" xmlns=\"http:\/\/www.w3.org\/2000\/svg\" width=\"10px\" height=\"10px\" viewbox=\"0 0 24 24\" version=\"1.2\" baseprofile=\"tiny\"><path d=\"M18.2 9.3l-6.2-6.3-6.2 6.3c-.2.2-.3.4-.3.7s.1.5.3.7c.2.2.4.3.7.3h11c.3 0 .5-.1.7-.3.2-.2.3-.5.3-.7s-.1-.5-.3-.7zM5.8 14.7l6.2 6.3 6.2-6.3c.2-.2.3-.5.3-.7s-.1-.5-.3-.7c-.2-.2-.4-.3-.7-.3h-11c-.3 0-.5.1-.7.3-.2.2-.3.5-.3.7s.1.5.3.7z\"\/><\/svg><\/span><\/span><\/span><\/a><\/span><\/div>\n<nav><ul class='ez-toc-list ez-toc-list-level-1' ><li class='ez-toc-page-1 ez-toc-heading-level-1'><a class=\"ez-toc-link ez-toc-heading-1\" href=\"https:\/\/hoodpharma.com\/pt\/produto\/cocaina-cor-de-rosa\/#Pink_Kokain\" >Coca\u00edna cor-de-rosa<\/a><ul class='ez-toc-list-level-3' ><li class='ez-toc-heading-level-3'><ul class='ez-toc-list-level-3' ><li class='ez-toc-heading-level-3'><a class=\"ez-toc-link ez-toc-heading-2\" href=\"https:\/\/hoodpharma.com\/pt\/produto\/cocaina-cor-de-rosa\/#2C-ROSA_KOKAIN_ONLINE_KAUFEN\" >COMPRAR 2C-ROSA COCAINE ONLINE<\/a><ul class='ez-toc-list-level-4' ><li class='ez-toc-heading-level-4'><a class=\"ez-toc-link ez-toc-heading-3\" href=\"https:\/\/hoodpharma.com\/pt\/produto\/cocaina-cor-de-rosa\/#2C-ROSA_KOKAIN_ZU_VERKAUFEN\" >VENDA DE COCA\u00cdNA 2C-ROSA<\/a><\/li><li class='ez-toc-page-1 ez-toc-heading-level-4'><a class=\"ez-toc-link ez-toc-heading-4\" href=\"https:\/\/hoodpharma.com\/pt\/produto\/cocaina-cor-de-rosa\/#2C-ROSA_KOKAIN\" >2C-ROSA KOKAIN<\/a><\/li><li class='ez-toc-page-1 ez-toc-heading-level-4'><a class=\"ez-toc-link ez-toc-heading-5\" href=\"https:\/\/hoodpharma.com\/pt\/produto\/cocaina-cor-de-rosa\/#KOKAIN_ZU_VERKAUFEN\" >COCA\u00cdNA PARA VENDA<\/a><\/li><li class='ez-toc-page-1 ez-toc-heading-level-4'><a class=\"ez-toc-link ez-toc-heading-6\" href=\"https:\/\/hoodpharma.com\/pt\/produto\/cocaina-cor-de-rosa\/#ZUSATZLICH\" >ADICIONAIS<\/a><\/li><\/ul><\/li><\/ul><\/li><\/ul><\/li><\/ul><\/nav><\/div>\n<h1><span class=\"ez-toc-section\" id=\"Pink_Kokain\"><\/span>Coca\u00edna cor-de-rosa<span class=\"ez-toc-section-end\"><\/span><\/h1>\n<p>Em resumo, temos p\u00f3 de coca\u00edna rosa 2C para venda em todo o mundo. O p\u00f3 de coca\u00edna rosa 2C \u00e9 geralmente uma casca ou p\u00f3 de cor rosa que \u00e9 tomado por via oral ou grunhido por via intranasal. N\u00e3o deve ser confundido com o cloridrato de coca\u00edna em p\u00f3 rosa 2C, o energ\u00e9tico \u00e0 base de plantas que se parece com um p\u00f3 grande e branco. O p\u00f3 de coca\u00edna rosa 2C \u00e9 um tipo de medicamento 2C que \u00e9 prescrito profissionalmente e conhecido como medicamento planejador de feniletilamina. 2C p\u00f3 de coca\u00edna rosa para venda<\/p>\n<p>Os efeitos da coca\u00edna em p\u00f3 rosa 2K s\u00e3o geralmente determinados pelos tipos de prescri\u00e7\u00f5es ou subst\u00e2ncias adicionais que j\u00e1 est\u00e3o presentes para comprar a droga num determinado grupo. As feniletilaminas s\u00e3o uma classe de drogas com efeitos estimulantes e psicoactivos. Estes sedativos recomendados pelos m\u00e9dicos incluem tamb\u00e9m as anfetaminas, as metanfetaminas e a MDMA. Nos \u00faltimos dez anos <a href=\"https:\/\/www.arkbh.com\/blog\/pink-cocaine\/\" target=\"_blank\" rel=\"noopener\">Feniletilamina 2C p\u00f3 de coca\u00edna cor-de-rosa<\/a> experimentou um ressurgimento como droga desportiva que come\u00e7ou na cena dos clubes do Sul e Centro dos EUA, onde ficou conhecida como Pink Cocaine ou Bromo. P\u00f3 de coca\u00edna rosa 2C para venda<\/p>\n<p>A coca\u00edna em p\u00f3 rosa 2C \u00e9 uma droga do sistema nervoso central que altera os receptores de dopamina no c\u00e9rebro. Embora a coca\u00edna rosa possa afetar os receptores de dopamina, o maior estudo concluiu que afecta os receptores de serotonina. O p\u00f3 de coca\u00edna rosa 2C \u00e9 um estimulante do sistema nervoso central que afecta os receptores de dopamina no c\u00e9rebro. Embora a coca\u00edna em p\u00f3 rosa 2C possa afetar os receptores de dopamina, a maioria dos estudos sugere que afecta os receptores de serotonina. Overdose com p\u00f3 de coca\u00edna rosa 2C. Venda de p\u00f3 de coca\u00edna 2C-rosa<\/p>\n<h3><span class=\"ez-toc-section\" id=\"2C-ROSA_KOKAIN_ONLINE_KAUFEN\"><\/span>COMPRAR 2C-ROSA COCAINE ONLINE<span class=\"ez-toc-section-end\"><\/span><\/h3>\n<p>Ambos os tipos de sal devem ser brancos no seu estado natural, mas as tonalidades podem variar entre o branco e o castanho. O p\u00f3 de coca\u00edna rosa 2K branco n\u00e3o mostra imediatamente que se trata de um produto puro, enquanto o p\u00f3 de coca\u00edna rosa 2K castanho \u00e9 indistingu\u00edvel e pode ser muito impressionante. Quase nunca se escolhe o p\u00f3 pela sua cor. Num \"slam pack\" ou \"banana separate\", a coca\u00edna em p\u00f3 rosa 2C \u00e9 combinada com bliss ou LSD para aumentar o efeito. Venda de p\u00f3 de coca\u00edna 2C-rosa<\/p>\n<p>\"A combina\u00e7\u00e3o destas drogas aumenta o risco de efeitos antag\u00f3nicos e de sobredosagem. O p\u00f3 de coca\u00edna rosa 2C \u00e9 a g\u00edria comum para a feniletilamina 2C-B, produzida tecnicamente. Trata-se de uma droga arquitet\u00f3nica popular, frequentemente utilizada em discotecas e eventos devido \u00e0s suas propriedades estimulantes e psicoactivas. Venda de p\u00f3 de coca\u00edna 2C-rosa<\/p>\n<p>Os resultados s\u00e3o combinados utilizando uma t\u00e9cnica que indica a quantidade da sua dose. Em doses mais pequenas, a droga pode tamb\u00e9m provocar um aumento do ritmo card\u00edaco, um aumento da pung\u00eancia excitante e uma experi\u00eancia de intoxica\u00e7\u00e3o sensual. Os efeitos da coca\u00edna em p\u00f3 rosa 2C s\u00e3o mais duradouros do que os de outras drogas, incluindo a euforia. Venda de p\u00f3 de coca\u00edna rosa 2C<\/p>\n<h4><span class=\"ez-toc-section\" id=\"2C-ROSA_KOKAIN_ZU_VERKAUFEN\"><\/span>VENDA DE COCA\u00cdNA 2C-ROSA<span class=\"ez-toc-section-end\"><\/span><\/h4>\n<p>Normalmente, a medica\u00e7\u00e3o demora uma a duas horas a chegar ao c\u00e9rebro ap\u00f3s a ingest\u00e3o. O seu efeito dura entre quatro e oito horas. Coca\u00edna em p\u00f3 rosa 2C No ar frio, o HCl hidrolisa-se e separa-se do seu esqueleto de tropano para formar o composto acima referido, o benzoato de metilo. Al\u00e9m disso, os cientistas apoiaram procedimentos combinat\u00f3rios para explicar os an\u00e1logos mais encorajadores no momento e mistur\u00e1-los ao extremo para explorar misturas novas e vi\u00e1veis para melhorar seu uso por raz\u00f5es particulares espec\u00edficas contrastantes. 2C p\u00f3 de coca\u00edna rosa para venda<\/p>\n<p>Este \u00e9 um p\u00f3 proibido que \u00e9 usado em todo o mundo para o bem-estar. \u00c9 apenas um medicamento individual que vem em algumas formas como p\u00edlula, recipiente ou forma em p\u00f3. N\u00f3s fornecemos-lhe comprimidos que s\u00e3o o m\u00e9todo comum e comprovado de administrar este medicamento. O p\u00f3 de coca\u00edna rosa 2C n\u00e3o \u00e9 o mesmo que 2C-B e n\u00e3o tem nada a ver com o cloridrato de p\u00f3 de coca\u00edna rosa 2C. 2C p\u00f3 de coca\u00edna rosa para venda<\/p>\n<p>Na Am\u00e9rica do Sul, o p\u00f3 de coca\u00edna rosa 2C e outras drogas manufacturadas foram registadas como medicamentos de uso t\u00f3pico, prescritos por profissionais. O efeito estimulante \u00e9 insignificante, enquanto os efeitos psicad\u00e9licos s\u00f3 ocorrem ap\u00f3s o consumo de grandes quantidades da subst\u00e2ncia. O tempo para o in\u00edcio destes efeitos \u00e9 de 4 a 8 horas. Tendo isto em conta, \u00e9 intrigante que assuma o car\u00e1cter de p\u00f3 de coca\u00edna rosa 2C, uma vez que as consequ\u00eancias da ingest\u00e3o desta droga s\u00e3o insignificantes em compara\u00e7\u00e3o com o cloridrato de p\u00f3 de coca\u00edna rosa 2C. Coca\u00edna cor-de-rosa.<\/p>\n<h4><span class=\"ez-toc-section\" id=\"2C-ROSA_KOKAIN\"><\/span>2C-ROSA KOKAIN<span class=\"ez-toc-section-end\"><\/span><\/h4>\n<p>O p\u00f3 de coca\u00edna rosa 2C pode ser comprado na Internet a pre\u00e7os razo\u00e1veis. Compreendemos que muitos de v\u00f3s precisam de compreender como \u00e9 conveniente vender p\u00f3 de coca\u00edna 2C-rosa ao ar livre como este na pesquisa. Queremos que compreendam que, antes de mais, tom\u00e1mos todas as medidas de seguran\u00e7a relativamente a dados e realidades, bem como \u00e0 seguran\u00e7a dos nossos clientes. Venda de p\u00f3 de coca\u00edna 2C-rosa<\/p>\n<p>O p\u00f3 de coca\u00edna 2C-rosa \u00e9 um tipo de comprimido 2C conhecido como comprimidos de corte do tipo feniletilamina. As feniletilaminas s\u00e3o uma classe de drogas com efeitos estimulantes e psicoactivos. As anfetaminas, as metanfetaminas e o MDMA tamb\u00e9m se encontram entre estes estimulantes. Em termos de efeitos sedativos, a dimeticona \u00e9 equivalente \u00e0 coca\u00edna. O \"resgate\" intralip\u00eddico continua a ser utilizado para reverter os efeitos cardiot\u00f3xicos dos bloqueadores dos canais de s\u00f3dio e, aparentemente, estes resultados tamb\u00e9m. P\u00f3 de coca\u00edna 2C-rosa para venda<\/p>\n<p>Hallucinogenics Items \u00e9 um fornecedor mundial pioneiro na web de bem-estar e bem-estar completos e arranjos padr\u00e3o de cura alucin\u00f3gena e cannabis. Escrevemos este artigo para lhe oferecer produtos da melhor qualidade. 2C-Pnk C\u043e\u0441\u0430n\u0435 P\u043ewd\u0435r \u00e9 um recipiente de cor rosa com mais informa\u00e7\u00f5es ou p\u00f3 que \u00e9 absolutamente usado por via oral ou intranasal. N\u00e3o deve ser combinado com o cloridrato de coca\u00edna em p\u00f3 2C-rosa, um medicamento \u00e0 base de plantas que tem a apar\u00eancia de um p\u00f3 branco elegante. Coca\u00edna cor-de-rosa.<\/p>\n<h4><span class=\"ez-toc-section\" id=\"KOKAIN_ZU_VERKAUFEN\"><\/span>COCA\u00cdNA PARA VENDA<span class=\"ez-toc-section-end\"><\/span><\/h4>\n<p>O aumento da contrafa\u00e7\u00e3o de drogas na Argentina e no Uruguai \u00e9 um exemplo de como as organiza\u00e7\u00f5es criminosas se est\u00e3o a adaptar \u00e0 procura crescente destas drogas. A coca\u00edna em p\u00f3 rosa 2C \u00e9 uma droga que s\u00f3 recentemente ganhou popularidade. No entanto, o consumo de drogas n\u00e3o \u00e9 um fen\u00f3meno novo, mas tem uma longa hist\u00f3ria. Por exemplo, as tribos ind\u00edgenas costumavam consumir folhas de coca ou peiote como parte dos seus costumes. Venda de coca\u00edna em p\u00f3 2C-rosa<\/p>\n<p>Embora a Argentina n\u00e3o seja um ponto de refer\u00eancia para o consumo de coca\u00edna, o centro comercial de drogas na prov\u00edncia est\u00e1 pr\u00f3ximo do elemento de movimento local. Quando tomada em doses extremamente baixas, pode produzir resultados revigorantes fr\u00e1geis; no entanto, quando tomada em grandes quantidades, pode produzir respostas enormes, bem como fantasias alucinantes. 2C p\u00f3 de coca\u00edna rosa para venda<\/p>\n<p>Os efeitos da coca\u00edna em p\u00f3 rosa 2C atingem normalmente o seu pico em duas horas, mas podem durar at\u00e9 oito horas. O p\u00f3 de coca\u00edna rosa 2C \u00e9 uma droga de intera\u00e7\u00e3o prim\u00e1ria que altera os receptores de dopamina como parte da cogni\u00e7\u00e3o. Embora a coca\u00edna rosa possa afetar os receptores de dopamina, a maioria das pesquisas descobriu que ela afeta os receptores de serotonina. P\u00f3 de coca\u00edna rosa 2C para venda<\/p>\n<h4><span class=\"ez-toc-section\" id=\"ZUSATZLICH\"><\/span>ADICIONAIS<span class=\"ez-toc-section-end\"><\/span><\/h4>\n<p>Este \u00e9 um aviso para o grande n\u00famero de pessoas que consomem este produto. Mant\u00e9m-te atento e controla as tuas drogas! Para tua pr\u00f3pria seguran\u00e7a, manda testar as tuas subst\u00e2ncias num centro de testes ou, pelo menos, testa o teu p\u00f3 de coca\u00edna rosa 2C com os reagentes importantes, que podem ser o reagente Marquis e o reagente Mecke. Coca\u00edna cor-de-rosa.<\/p>\n<p>A \u00fanica semelhan\u00e7a entre as duas drogas \u00e9 o seu aspeto f\u00edsico, nomeadamente a sua apresenta\u00e7\u00e3o em p\u00f3. No entanto, o p\u00f3 de coca\u00edna rosa 2C cont\u00e9m uma pot\u00eancia el\u00e9ctrica mais elevada, semelhante \u00e0 de outras subst\u00e2ncias psicoactivas como a metanfetamina. No entanto, n\u00e3o existem estudos suficientes sobre os efeitos a longo prazo. Por outro lado, o consumo a longo prazo tem sido associado a verdadeiros sentimentos de ansiedade, desespero e ins\u00f3nia. \u00c9 dif\u00edcil dizer at\u00e9 que ponto esta droga cria h\u00e1bitos. Para mais informa\u00e7\u00f5es, contactar <a href=\"https:\/\/hoodpharma.com\/pt\/contacto\/\">Contacto connosco<\/a> sobre.<\/p>\n<p>Tag: comprar 2c b, comprar 2c-b, comprar 2c b fly, comprar 2c b fly alemanha, comprar 2c-b-fly<\/p>","protected":false},"excerpt":{"rendered":"<p>Pink Kokain Zusammenfassend l\u00e4sst sich sagen, dass wir 2C-rosa Kokainpulver auf der ganzen Welt zum Verkauf anbieten. 2C-Pink-Kokainpulver ist in<\/p>","protected":false},"featured_media":1816,"comment_status":"open","ping_status":"closed","template":"","meta":[],"product_brand":[],"product_cat":[295],"product_tag":[],"class_list":{"0":"post-1443","1":"product","2":"type-product","3":"status-publish","4":"has-post-thumbnail","6":"product_cat-stimulanzien-kaufen","8":"first","9":"instock","10":"taxable","11":"shipping-taxable","12":"purchasable","13":"product-type-variable"},"_links":{"self":[{"href":"https:\/\/hoodpharma.com\/pt\/wp-json\/wp\/v2\/product\/1443","targetHints":{"allow":["GET"]}}],"collection":[{"href":"https:\/\/hoodpharma.com\/pt\/wp-json\/wp\/v2\/product"}],"about":[{"href":"https:\/\/hoodpharma.com\/pt\/wp-json\/wp\/v2\/types\/product"}],"replies":[{"embeddable":true,"href":"https:\/\/hoodpharma.com\/pt\/wp-json\/wp\/v2\/comments?post=1443"}],"version-history":[{"count":0,"href":"https:\/\/hoodpharma.com\/pt\/wp-json\/wp\/v2\/product\/1443\/revisions"}],"wp:featuredmedia":[{"embeddable":true,"href":"https:\/\/hoodpharma.com\/pt\/wp-json\/wp\/v2\/media\/1816"}],"wp:attachment":[{"href":"https:\/\/hoodpharma.com\/pt\/wp-json\/wp\/v2\/media?parent=1443"}],"wp:term":[{"taxonomy":"product_brand","embeddable":true,"href":"https:\/\/hoodpharma.com\/pt\/wp-json\/wp\/v2\/product_brand?post=1443"},{"taxonomy":"product_cat","embeddable":true,"href":"https:\/\/hoodpharma.com\/pt\/wp-json\/wp\/v2\/product_cat?post=1443"},{"taxonomy":"product_tag","embeddable":true,"href":"https:\/\/hoodpharma.com\/pt\/wp-json\/wp\/v2\/product_tag?post=1443"}],"curies":[{"name":"wp","href":"https:\/\/api.w.org\/{rel}","templated":true}]}}