{"id":1452,"date":"2023-06-27T19:19:16","date_gmt":"2023-06-27T18:19:16","guid":{"rendered":"https:\/\/hoodpharma.com\/?post_type=product&#038;p=1452"},"modified":"2024-09-28T05:00:24","modified_gmt":"2024-09-28T03:00:24","slug":"kokain-bestellen","status":"publish","type":"product","link":"https:\/\/hoodpharma.com\/pt\/produto\/encomendar-cocaina\/","title":{"rendered":"Coca\u00edna boliviana"},"content":{"rendered":"<div id=\"ez-toc-container\" class=\"ez-toc-v2_0_80 counter-hierarchy ez-toc-counter ez-toc-grey ez-toc-container-direction\">\n<div class=\"ez-toc-title-container\">\n<p class=\"ez-toc-title\" style=\"cursor:inherit\">\u00cdndice<\/p>\n<span class=\"ez-toc-title-toggle\"><a href=\"#\" class=\"ez-toc-pull-right ez-toc-btn ez-toc-btn-xs ez-toc-btn-default ez-toc-toggle\" aria-label=\"Alternar o \u00edndice\"><span class=\"ez-toc-js-icon-con\"><span class=\"\"><span class=\"eztoc-hide\" style=\"display:none;\">Alternar<\/span><span class=\"ez-toc-icon-toggle-span\"><svg style=\"fill: #999;color:#999\" xmlns=\"http:\/\/www.w3.org\/2000\/svg\" class=\"list-377408\" width=\"20px\" height=\"20px\" viewbox=\"0 0 24 24\" fill=\"none\"><path d=\"M6 6H4v2h2V6zm14 0H8v2h12V6zM4 11h2v2H4v-2zm16 0H8v2h12v-2zM4 16h2v2H4v-2zm16 0H8v2h12v-2z\" fill=\"currentColor\"><\/path><\/svg><svg style=\"fill: #999;color:#999\" class=\"arrow-unsorted-368013\" xmlns=\"http:\/\/www.w3.org\/2000\/svg\" width=\"10px\" height=\"10px\" viewbox=\"0 0 24 24\" version=\"1.2\" baseprofile=\"tiny\"><path d=\"M18.2 9.3l-6.2-6.3-6.2 6.3c-.2.2-.3.4-.3.7s.1.5.3.7c.2.2.4.3.7.3h11c.3 0 .5-.1.7-.3.2-.2.3-.5.3-.7s-.1-.5-.3-.7zM5.8 14.7l6.2 6.3 6.2-6.3c.2-.2.3-.5.3-.7s-.1-.5-.3-.7c-.2-.2-.4-.3-.7-.3h-11c-.3 0-.5.1-.7.3-.2.2-.3.5-.3.7s.1.5.3.7z\"\/><\/svg><\/span><\/span><\/span><\/a><\/span><\/div>\n<nav><ul class='ez-toc-list ez-toc-list-level-1' ><li class='ez-toc-page-1 ez-toc-heading-level-2'><a class=\"ez-toc-link ez-toc-heading-1\" href=\"https:\/\/hoodpharma.com\/pt\/produto\/encomendar-cocaina\/#Kokain_bestellen\" >Encomendar coca\u00edna<\/a><ul class='ez-toc-list-level-3' ><li class='ez-toc-heading-level-3'><a class=\"ez-toc-link ez-toc-heading-2\" href=\"https:\/\/hoodpharma.com\/pt\/produto\/encomendar-cocaina\/#KOKAIN_ZU_VERKAUFEN\" >COCA\u00cdNA PARA VENDA:<\/a><ul class='ez-toc-list-level-4' ><li class='ez-toc-heading-level-4'><a class=\"ez-toc-link ez-toc-heading-3\" href=\"https:\/\/hoodpharma.com\/pt\/produto\/encomendar-cocaina\/#KOKAIN_ZUM_VERKAUF_USA\" >COCA\u00cdNA PARA VENDA NOS EUA:<\/a><\/li><li class='ez-toc-page-1 ez-toc-heading-level-4'><a class=\"ez-toc-link ez-toc-heading-4\" href=\"https:\/\/hoodpharma.com\/pt\/produto\/encomendar-cocaina\/#KOKAIN_ONLINE_KAUFEN\" >COMPRAR COCA\u00cdNA ONLINE:<\/a><ul class='ez-toc-list-level-5' ><li class='ez-toc-heading-level-5'><a class=\"ez-toc-link ez-toc-heading-5\" href=\"https:\/\/hoodpharma.com\/pt\/produto\/encomendar-cocaina\/#KOKAIN_ZUM_VERKAUF_IN_AUSTRALIEN\" >COCA\u00cdNA PARA VENDA NA AUSTR\u00c1LIA:<\/a><\/li><li class='ez-toc-page-1 ez-toc-heading-level-5'><a class=\"ez-toc-link ez-toc-heading-6\" href=\"https:\/\/hoodpharma.com\/pt\/produto\/encomendar-cocaina\/#ZUSATZLICH\" >ADICIONAL:<\/a><\/li><\/ul><\/li><\/ul><\/li><\/ul><\/li><\/ul><\/nav><\/div>\n<h2><span class=\"ez-toc-section\" id=\"Kokain_bestellen\"><\/span>Encomendar coca\u00edna<span class=\"ez-toc-section-end\"><\/span><\/h2>\n<p>Sem demora, temos coca\u00edna para venda online. Um parceiro boliviano cr\u00edtico na tomada de medicamentos proclamou que as \u00faltimas mudan\u00e7as poss\u00edveis aumentando a medida de coca permitida no novo decreto rec\u00e9m-sa\u00eddo da caixa significavam que a coaliz\u00e3o iria \"realinhar\" seus empreendimentos enquanto continuava a trabalhar com a Bol\u00edvia. No caso de ser um cliente que est\u00e1 a tentar descobrir produtos de topo de gama, o seu primeiro arranjo absoluto n\u00e3o deve definitivamente ser recordar alguma coca\u00edna boliviana no aaronay.<\/p>\n<p>Ter uma tonelada de qualidades b\u00e1sicas. Ajuda. A coca\u00edna boliviana seria o tipo mais perfeito de coca\u00edna boliviana que voc\u00ea pode descobrir no planeta. As pessoas o utilizam para ser um energizador para trabalhar na cria\u00e7\u00e3o de produtos qu\u00edmicos expl\u00edcitos do c\u00e9rebro, al\u00e9m de obter ajuda da condi\u00e7\u00e3o necess\u00e1ria. Com a abertura que oferecemos, voc\u00ea n\u00e3o precisa ficar parado e pensar sobre onde comprar coca\u00edna boliviana. Encomendar coca\u00edna<\/p>\n<p>Isto est\u00e1 excecionalmente relacionado com indiv\u00edduos que vivem muito longe das verdadeiras farm\u00e1cias. A Informandote, distribuidora de dados sobre a coca\u00edna boliviana, tamb\u00e9m publicou fotos do ex-chefe do tr\u00e1fico trabalhando com moradores locais que ele convidou para almo\u00e7ar no domingo. A coca\u00edna boliviana tem v\u00e1rios ingredientes do mundo da medicina. Por esta raz\u00e3o, \u00e9 utilizada por muitos medicamentos, juntamente com recomenda\u00e7\u00f5es de especialistas, para tratar v\u00e1rias doen\u00e7as. Encomendar coca\u00edna.<\/p>\n<p>Eu tinha material de coca\u00edna boliviana quando e era item colorido e um bom suave consideravelmente ao contr\u00e1rio do que eu por e grande obter, que eu presumo \u00e9 colombiano. A coca\u00edna boliviana cont\u00e9m in\u00fameras qualidades dentro do clima cl\u00ednico. A coca\u00edna boliviana cont\u00e9m numerosas qualidades dentro do clima cl\u00ednico. A coca\u00edna boliviana \u00e9 utilizada por diferentes medicamentos e \u00e9 recomendada por m\u00e9dicos especialistas para lidar com diferentes problemas. Encomendar Coca\u00edna.<\/p>\n<h3><span class=\"ez-toc-section\" id=\"KOKAIN_ZU_VERKAUFEN\"><\/span>COCA\u00cdNA PARA VENDA:<span class=\"ez-toc-section-end\"><\/span><\/h3>\n<p>Os especialistas cl\u00ednicos utilizam este medicamento ou medicamentos no tratamento de pessoas que se debatem com o desespero e outros problemas. N\u00e3o \u00e9, de modo algum, utilizada apenas por profissionais de sa\u00fade, mas tamb\u00e9m por pessoas que se divertem em clubes de dan\u00e7a e bares. Os \u00edndios da Bol\u00edvia mordiscam desde h\u00e1 muito tempo folhas de coca misturadas com pellets de calc\u00e1rio ou com fuligem de plantas, por prazer ou para vencer a doen\u00e7a, a saudade e a sede. Encomendar coca\u00edna.<\/p>\n<p>Em diferentes ordens sociais, o alcaloide \u00fanico \u00e9 artificialmente retirado das folhas de coca e adicionalmente transformado no sal de coca\u00edna. Os profissionais de sa\u00fade utilizam esta droga ou drogas para tratar v\u00edtimas que se debatem com a mis\u00e9ria e diferentes tipos de ansiedade. N\u00e3o \u00e9 utilizada apenas por profissionais, mas tamb\u00e9m por pessoas comuns em clubes de dan\u00e7a e bares. Coca\u00edna \u00e0 venda online<\/p>\n<p>Uma associa\u00e7\u00e3o com o tr\u00e1fico de drogas tamb\u00e9m pode ter efeitos fundamentais sobre a subst\u00e2ncia. A coca\u00edna boliviana \u00e9 um forte energizador de estrat\u00e9gia ansiosa focal que constr\u00f3i n\u00edveis de dopamina sin\u00e1ptica em circuitos mentais que gerenciam alegria e movimento. Apenas um pioneiro da associa\u00e7\u00e3o descreveu como a organiza\u00e7\u00e3o da administra\u00e7\u00e3o da cidade governada por cultivadores de coca expor\u00e1 compromissos financeiros de capacidade local a cada \u00e1rea local pr\u00f3xima associada \u00e0 ocupa\u00e7\u00e3o com a produ\u00e7\u00e3o de cola de coca\u00edna. Encomendar coca\u00edna.<\/p>\n<h4><span class=\"ez-toc-section\" id=\"KOKAIN_ZUM_VERKAUF_USA\"><\/span>COCA\u00cdNA PARA VENDA NOS EUA:<span class=\"ez-toc-section-end\"><\/span><\/h4>\n<p>A coca\u00edna boliviana est\u00e1 a moldar a afinidade e, al\u00e9m disso, ser\u00e1 avassaladora. A coca\u00edna boliviana tamb\u00e9m \u00e9 implantada no plano ou fumada em uma melhoria cultivada artificialmente chamada base livre; as duas estrat\u00e9gias semelhantes est\u00e3o levando a um n\u00famero notavelmente crescente de uso rotineiro pela comunidade m\u00e9dica. A coca\u00edna boliviana \u00e9 vendida online a custos excecionalmente moderados. Coca\u00edna para venda online<\/p>\n<p>A coca\u00edna boliviana est\u00e1 entre os melhores tipos de coca\u00edna que podem ser vistos inegavelmente em todo o mundo. \u00c9 utilizado por indiv\u00edduos hoje para a maior parte de um energizador para fazer o desenvolvimento de subst\u00e2ncias sint\u00e9ticas surpreendentes dentro dos pensamentos e para encontrar o apoio dentro da tens\u00e3o problem\u00e1tica. A coca\u00edna boliviana tem v\u00e1rias capacidades em todo o mundo do bem-estar. A pe\u00e7a de coca\u00edna boliviana, como resultado de sua casa para transmitir descanso ao quadro humano, \u00e9 realmente utilizada pelos jovens em uma escala gigantesca para descansar. Encomendar coca\u00edna.<\/p>\n<p>Como resultado, a coca\u00edna boliviana \u00e9 usada em alguns medicamentos e recomendada por especialistas m\u00e9dicos para controlar certas doen\u00e7as. Os profissionais m\u00e9dicos usaram este medicamento ou medicamento ao trabalhar com pacientes que combatem o desespero e diferentes tipos de sensibilidade. Coca\u00edna para venda online<\/p>\n<p>A coca\u00edna boliviana n\u00e3o \u00e9 apenas utilizada por m\u00e9dicos especialistas, mas tamb\u00e9m por muitas pessoas em clubes de dan\u00e7a e bares. A coca\u00edna boliviana \u00e9 um dos tipos mais perfeitos de coca\u00edna dispon\u00edveis no mundo. \u00c9 usada pelas pessoas como um energizante para expandir a cria\u00e7\u00e3o de subst\u00e2ncias qu\u00edmicas distintas na mente e para obter ajuda em condi\u00e7\u00f5es de stress. Coca\u00edna para venda online<\/p>\n<h4><span class=\"ez-toc-section\" id=\"KOKAIN_ONLINE_KAUFEN\"><\/span>COMPRAR COCA\u00cdNA ONLINE:<span class=\"ez-toc-section-end\"><\/span><\/h4>\n<p>Este fabuloso p\u00f3 branco \u00e9 cheirado com uma c\u00e2mara vazia, que \u00e9 rapidamente considerada no seu ciclo de curso atrav\u00e9s das pel\u00edculas da mucosa nasal. A coca\u00edna boliviana \u00e9 um agravante, no entanto, e tem a capacidade de fixar as veias, causando um corrimento nasal constante ou, em situa\u00e7\u00f5es realmente genu\u00ednas, ulcera\u00e7\u00e3o na cavidade nasal. O efeito euf\u00f3rico de snifar coca\u00edna boliviana \u00e9 frequentemente de curta dura\u00e7\u00e3o e desaparece ao fim de cerca de meia hora. Coca\u00edna para venda online<\/p>\n<p>Tomar energ\u00e9ticos \u00e9 arriscado porque os efeitos sedativos do CSF s\u00e3o reduzidos. S\u00e3o eles que o corpo humano utiliza para medir a \"moca\". Isto leva normalmente a um consumo elevado com op\u00e7\u00f5es severamente limitadas, um risco elevado de danos no f\u00edgado e uma parqued\u00f3nia ainda mais desenvolvida. Isso significa que, quando as medi\u00e7\u00f5es indicadas, a coca\u00edna boliviana se torna intensa ou muito dif\u00edcil de ajudar de qualquer maneira, como a mand\u00edbula segurando, automaticamente tremores significativos e vibra\u00e7\u00f5es acabam sendo atuais, causando tremores severos de todo o corpo humano, tremendo com os bra\u00e7os e um incr\u00edvel motor geral inadequado regular. Coca\u00edna para venda online<\/p>\n<p>Este efeito \u00e9 deslocado com sonol\u00eancia moderada e fadiga m\u00e9dia pelo deslocamento de sua perce\u00e7\u00e3o. A coca\u00edna boliviana tem uma propens\u00e3o n\u00e3o negligenci\u00e1vel para desencadear psicose n\u00e3o persistente, com muito mais de 50% das v\u00edtimas de coca\u00edna boliviana exibindo essencialmente alguns sinais loucos. Sinais comuns de v\u00edtimas incluem coisas como sonhos err\u00e1ticos que eles t\u00eam, seguidos por seu uso de drogas atualmente sendo observado, juntamente com v\u00f4os de pensamento que ajudam as cren\u00e7as alucinantes. Encomendar coca\u00edna.<\/p>\n<p>A parasitose escorb\u00farea com formica\u00e7\u00e3o (\"insectos da coca\u00edna boliviana\") \u00e9 adicionalmente um efeito secund\u00e1rio muito prevalente. A coca\u00edna boliviana decomp\u00f5e-se quando \u00e9 definitivamente aquecida. Por isso, os sais de base livre e de bicarbonato da coca\u00edna boliviana, que t\u00eam limites significativamente mais baixos em compara\u00e7\u00e3o com o sal de cloridrato, s\u00e3o normalmente usados assim que o material se decomp\u00f5e e s\u00e3o, portanto, conhecidos como coca\u00edna boliviana, que \u00e9 criada e se decomp\u00f5e individualmente. Encomendar coca\u00edna.<\/p>\n<h5><span class=\"ez-toc-section\" id=\"KOKAIN_ZUM_VERKAUF_IN_AUSTRALIEN\"><\/span>COCA\u00cdNA PARA VENDA NA AUSTR\u00c1LIA:<span class=\"ez-toc-section-end\"><\/span><\/h5>\n<p>As tentativas de erradica\u00e7\u00e3o dos campos de coca atrav\u00e9s da utiliza\u00e7\u00e3o de desfolhantes destru\u00edram componentes da cultura rentabilizada em certas zonas de cultivo de coca na Col\u00f4mbia, e parecem ter sido produzidas estirpes mais seguras ou menos sens\u00edveis \u00e0 sua utiliza\u00e7\u00e3o. N\u00e3o \u00e9 claro se estas estirpes s\u00e3o modifica\u00e7\u00f5es regulares ou o resultado da interven\u00e7\u00e3o humana. Para al\u00e9m dos efeitos destrutivos da coca\u00edna boliviana. Coca\u00edna para venda online<\/p>\n<p>Com as subst\u00e2ncias insol\u00faveis que podem ser utilizadas para minimizar a droga, existe um risco adicional de embolia circulat\u00f3ria. Tal como acontece com todas as subst\u00e2ncias ilegais que s\u00e3o infundidas, \u00e9 poss\u00edvel que o cliente seja contaminado pelo sangue se n\u00e3o for utilizado equipamento de infus\u00e3o esterilizado. Coca\u00edna para venda em linha<\/p>\n<p>Uma vez que a coca\u00edna boliviana \u00e9 geralmente um vasoconstritor e os clientes recebem normalmente numerosas infus\u00f5es em poucas horas ou menos, as infus\u00f5es resultantes s\u00e3o cada vez mais dif\u00edceis de monitorizar, o que pode levar a tentativas de infus\u00e3o adicionais e a um n\u00famero significativamente maior de efeitos secund\u00e1rios de infus\u00f5es incorretamente efectuadas. Coca\u00edna para venda online<\/p>\n<p>A insufla\u00e7\u00e3o nasal (informalmente referida como \"grunhir\", \"cheirar\" ou \"soprar\") \u00e9 o m\u00e9todo mais conhecido de ingest\u00e3o de coca\u00edna boliviana em p\u00f3 no mundo ocidental. A droga cobre, que fica presa com as camadas de muco que revestem os seios nasais. Quando a coca\u00edna \u00e9 insuflada, a absor\u00e7\u00e3o atrav\u00e9s das membranas mucosas nasais \u00e9 de cerca de trinta a sessenta por cento, sendo que doses maiores causam o aumento da taxa de assimila\u00e7\u00e3o. Coca\u00edna para venda online<\/p>\n<h5><span class=\"ez-toc-section\" id=\"ZUSATZLICH\"><\/span>ADICIONAL:<span class=\"ez-toc-section-end\"><\/span><\/h5>\n<p>Qualquer subst\u00e2ncia ingerida voluntariamente atrav\u00e9s das mucosas \u00e9 recolhida no fluido corporal e engolida (este \"gotejamento\" \u00e9 sentido como agrad\u00e1vel por alguns e desagrad\u00e1vel por outros). Isto implica que, em certas doses, se torna inc\u00f3modo ou imposs\u00edvel segurar em qualquer caso, uma vez que, ao segurar o maxilar, se produzem automaticamente verdadeiros tremores e vibra\u00e7\u00f5es, provocando um tremor excessivo de todo o corpo e uma instabilidade das palmas das m\u00e3os, para al\u00e9m de uma insufici\u00eancia t\u00edpica do controlo motor fenomenal. Este resultado \u00e9 substitu\u00eddo por uma ligeira fadiga e um cansa\u00e7o normal durante toda a experi\u00eancia de consumo. Para mais informa\u00e7\u00f5es <a href=\"https:\/\/hoodpharma.com\/pt\/contacto\/\">contactar-nos<\/a> por favor.<\/p>\n<p>&nbsp;<\/p>","protected":false},"excerpt":{"rendered":"<p>Kokain bestellen Ohne Verz\u00f6gerung haben wir Kokain zum Verkauf online. Ein kritischer bolivianischer Partner bei der Einnahme von Medikamenten verk\u00fcndete,<\/p>","protected":false},"featured_media":2421,"comment_status":"open","ping_status":"closed","template":"","meta":[],"product_brand":[],"product_cat":[295],"product_tag":[],"class_list":{"0":"post-1452","1":"product","2":"type-product","3":"status-publish","4":"has-post-thumbnail","6":"product_cat-stimulanzien-kaufen","8":"first","9":"instock","10":"taxable","11":"shipping-taxable","12":"purchasable","13":"product-type-variable"},"_links":{"self":[{"href":"https:\/\/hoodpharma.com\/pt\/wp-json\/wp\/v2\/product\/1452","targetHints":{"allow":["GET"]}}],"collection":[{"href":"https:\/\/hoodpharma.com\/pt\/wp-json\/wp\/v2\/product"}],"about":[{"href":"https:\/\/hoodpharma.com\/pt\/wp-json\/wp\/v2\/types\/product"}],"replies":[{"embeddable":true,"href":"https:\/\/hoodpharma.com\/pt\/wp-json\/wp\/v2\/comments?post=1452"}],"version-history":[{"count":0,"href":"https:\/\/hoodpharma.com\/pt\/wp-json\/wp\/v2\/product\/1452\/revisions"}],"wp:featuredmedia":[{"embeddable":true,"href":"https:\/\/hoodpharma.com\/pt\/wp-json\/wp\/v2\/media\/2421"}],"wp:attachment":[{"href":"https:\/\/hoodpharma.com\/pt\/wp-json\/wp\/v2\/media?parent=1452"}],"wp:term":[{"taxonomy":"product_brand","embeddable":true,"href":"https:\/\/hoodpharma.com\/pt\/wp-json\/wp\/v2\/product_brand?post=1452"},{"taxonomy":"product_cat","embeddable":true,"href":"https:\/\/hoodpharma.com\/pt\/wp-json\/wp\/v2\/product_cat?post=1452"},{"taxonomy":"product_tag","embeddable":true,"href":"https:\/\/hoodpharma.com\/pt\/wp-json\/wp\/v2\/product_tag?post=1452"}],"curies":[{"name":"wp","href":"https:\/\/api.w.org\/{rel}","templated":true}]}}