{"id":1460,"date":"2023-06-27T19:19:17","date_gmt":"2023-06-27T18:19:17","guid":{"rendered":"https:\/\/hoodpharma.com\/?post_type=product&#038;p=1460"},"modified":"2025-07-15T03:38:13","modified_gmt":"2025-07-15T01:38:13","slug":"peruanisches-kokain","status":"publish","type":"product","link":"https:\/\/hoodpharma.com\/pt\/produto\/cocaina-peruana\/","title":{"rendered":"Coca\u00edna peruana"},"content":{"rendered":"<div id=\"ez-toc-container\" class=\"ez-toc-v2_0_80 counter-hierarchy ez-toc-counter ez-toc-grey ez-toc-container-direction\">\n<div class=\"ez-toc-title-container\">\n<p class=\"ez-toc-title\" style=\"cursor:inherit\">\u00cdndice<\/p>\n<span class=\"ez-toc-title-toggle\"><a href=\"#\" class=\"ez-toc-pull-right ez-toc-btn ez-toc-btn-xs ez-toc-btn-default ez-toc-toggle\" aria-label=\"Alternar o \u00edndice\"><span class=\"ez-toc-js-icon-con\"><span class=\"\"><span class=\"eztoc-hide\" style=\"display:none;\">Alternar<\/span><span class=\"ez-toc-icon-toggle-span\"><svg style=\"fill: #999;color:#999\" xmlns=\"http:\/\/www.w3.org\/2000\/svg\" class=\"list-377408\" width=\"20px\" height=\"20px\" viewbox=\"0 0 24 24\" fill=\"none\"><path d=\"M6 6H4v2h2V6zm14 0H8v2h12V6zM4 11h2v2H4v-2zm16 0H8v2h12v-2zM4 16h2v2H4v-2zm16 0H8v2h12v-2z\" fill=\"currentColor\"><\/path><\/svg><svg style=\"fill: #999;color:#999\" class=\"arrow-unsorted-368013\" xmlns=\"http:\/\/www.w3.org\/2000\/svg\" width=\"10px\" height=\"10px\" viewbox=\"0 0 24 24\" version=\"1.2\" baseprofile=\"tiny\"><path d=\"M18.2 9.3l-6.2-6.3-6.2 6.3c-.2.2-.3.4-.3.7s.1.5.3.7c.2.2.4.3.7.3h11c.3 0 .5-.1.7-.3.2-.2.3-.5.3-.7s-.1-.5-.3-.7zM5.8 14.7l6.2 6.3 6.2-6.3c.2-.2.3-.5.3-.7s-.1-.5-.3-.7c-.2-.2-.4-.3-.7-.3h-11c-.3 0-.5.1-.7.3-.2.2-.3.5-.3.7s.1.5.3.7z\"\/><\/svg><\/span><\/span><\/span><\/a><\/span><\/div>\n<nav><ul class='ez-toc-list ez-toc-list-level-1' ><li class='ez-toc-page-1 ez-toc-heading-level-1'><a class=\"ez-toc-link ez-toc-heading-1\" href=\"https:\/\/hoodpharma.com\/pt\/produto\/cocaina-peruana\/#Peruanisches_Kokain\" >Coca\u00edna peruana<\/a><ul class='ez-toc-list-level-3' ><li class='ez-toc-heading-level-3'><ul class='ez-toc-list-level-3' ><li class='ez-toc-heading-level-3'><a class=\"ez-toc-link ez-toc-heading-2\" href=\"https:\/\/hoodpharma.com\/pt\/produto\/cocaina-peruana\/#KOKAIN_ZU_VERKAUFEN\" >COCA\u00cdNA PARA VENDA<\/a><ul class='ez-toc-list-level-4' ><li class='ez-toc-heading-level-4'><a class=\"ez-toc-link ez-toc-heading-3\" href=\"https:\/\/hoodpharma.com\/pt\/produto\/cocaina-peruana\/#KOKAIN_ONLINE_IN_KANADA_KAUFEN\" >BUY COCAINE ONLINE IN CANADA<\/a><\/li><li class='ez-toc-page-1 ez-toc-heading-level-4'><a class=\"ez-toc-link ez-toc-heading-4\" href=\"https:\/\/hoodpharma.com\/pt\/produto\/cocaina-peruana\/#BUY_COCAINE_ONLINE_USA_ZU_SEHR_MODERATEN_PREISEN\" >BUY COCAINE ONLINE USA AT VERY MODERATE PRICES<\/a><\/li><li class='ez-toc-page-1 ez-toc-heading-level-4'><a class=\"ez-toc-link ez-toc-heading-5\" href=\"https:\/\/hoodpharma.com\/pt\/produto\/cocaina-peruana\/#KOKAIN_ONLINE_ZU_VERKAUFEN\" >COCA\u00cdNA PARA VENDA ONLINE<\/a><ul class='ez-toc-list-level-5' ><li class='ez-toc-heading-level-5'><a class=\"ez-toc-link ez-toc-heading-6\" href=\"https:\/\/hoodpharma.com\/pt\/produto\/cocaina-peruana\/#ARZNEIMITTEL\" >MEDICAMENTOS<\/a><\/li><\/ul><\/li><\/ul><\/li><\/ul><\/li><\/ul><\/li><\/ul><\/nav><\/div>\n<h1><span class=\"ez-toc-section\" id=\"Peruanisches_Kokain\"><\/span>Coca\u00edna peruana<span class=\"ez-toc-section-end\"><\/span><\/h1>\n<p>Independentemente disso, comprar coca\u00edna online uk com uma pol\u00edtica de desconto 5%. A coca\u00edna peruana tamb\u00e9m bloqueia os transportadores de serotonina e norepinefrina, impedindo a recapta\u00e7\u00e3o de serotonina e norepinefrina atrav\u00e9s da fenda sin\u00e1ptica no terminal axonal pr\u00e9-sin\u00e1ptico e aumentando a ativa\u00e7\u00e3o dos receptores de serotonina e norepinefrina no neur\u00f3nio p\u00f3s-sin\u00e1ptico, o que contribui para a altera\u00e7\u00e3o da consci\u00eancia, das emo\u00e7\u00f5es e das actividades associadas \u00e0 coca\u00edna.<\/p>\n<p>A nossa coca\u00edna peruana \u00e9 um p\u00f3 branco extra\u00eddo da folha de coca, uma planta (coca) que cresce principalmente na Am\u00e9rica do Sul. O \"Split\" n\u00e3o \u00e9 apenas mais uma droga, mas uma droga mais formadora de h\u00e1bito que tamb\u00e9m pode ser embebida e consumida. O nome \"Break\" parece ser a droga que \u00e9 produzida quando \u00e9 aquecida para criar o fumo. Comprar Coca\u00edna Alemanha<\/p>\n<p>A coca\u00edna peruana, por outro lado, est\u00e1 dispon\u00edvel sob a forma de uma grande quantidade de p\u00f3 branco e glorioso e, ao contr\u00e1rio da coca\u00edna peruana, o break n\u00e3o \u00e9 realmente sol\u00favel em \u00e1gua pot\u00e1vel. Onde posso obter coca\u00edna peruana em flocos a um pre\u00e7o razo\u00e1vel? A posse de coca\u00edna e de break para tratamento cl\u00ednico \u00e9 ilegal. A posse de pequenas quantidades para uso pessoal pode ser isenta de acusa\u00e7\u00e3o para os primeiros infractores ou para os reincidentes; no entanto, isto varia de estado para estado. Comprar coca\u00edna na Alemanha<\/p>\n<p>A coca\u00edna de cor rosa foi inicialmente extra\u00edda da folha do arbusto de coca Erythroxylon, que foi usada principalmente na coca\u00edna peruana online como coca\u00edna. Atualmente, o grupo tem tudo menos exibido na transforma\u00e7\u00e3o mao\u00edsta e, como alternativa, cobra seguran\u00e7a aos traficantes de drogas do bairro, apesar de iniciar emboscadas a guardas militares a p\u00e9 e, em qualquer caso, apanhar um helic\u00f3ptero de ajuda equipado intermitente. Comprar Coca\u00edna Online Europa<\/p>\n<h3><span class=\"ez-toc-section\" id=\"KOKAIN_ZU_VERKAUFEN\"><\/span>COCA\u00cdNA PARA VENDA<span class=\"ez-toc-section-end\"><\/span><\/h3>\n<p>Purchase Uncut Peruvian Pure Cocaine \u00e9 provavelmente a gama mais abrangente de produtos de apoio na lista de coca\u00edna peruana. 1g de coca\u00edna peruana inteira 89% pura em escala de peixe \u00e9 um material opi\u00e1ceo altamente viciante feito das folhas da \u00e1rvore da coca, origin\u00e1ria da Am\u00e9rica do Sul, e \u00e9 tipicamente grunhido no nariz ou misturado com \u00e1gua e infundido com uma agulha. Comprar coca\u00edna Alemanha<\/p>\n<p>A coca\u00edna peruana tamb\u00e9m pode ser transformada num p\u00f3 branco. \u00c9 uma droga altamente viciante e estimulante extra\u00edda das folhas da planta da coca nativa da Am\u00e9rica do Sul. Embora os profissionais do bem-estar possam utiliz\u00e1-la para fins cl\u00ednicos leg\u00edtimos, como a seda\u00e7\u00e3o localizada para algumas opera\u00e7\u00f5es, a coca\u00edna peruana \u00e9 uma subst\u00e2ncia ilegal. Comprar coca\u00edna Alemanha<\/p>\n<p>A droga \u00e9 fumada atrav\u00e9s de um pequeno cachimbo de vidro. A coca\u00edna peruana est\u00e1 dispon\u00edvel para compra e tem uma variedade de utiliza\u00e7\u00f5es no mundo da medicina. Por este motivo, tem sido utilizada em muitos medicamentos e recomendada por especialistas para tratar v\u00e1rias doen\u00e7as. Quando digo absolutamente toda a gente, refiro-me \u00e0 base. O p\u00fablico em geral compreende-a. Este \u00e9, sem d\u00favida, um pa\u00eds onde muitas pessoas, possivelmente at\u00e9 2.000.000 de pessoas, est\u00e3o envolvidas no com\u00e9rcio de coca\u00edna de alguma forma. Comprar coca\u00edna Alemanha<\/p>\n<p>A coca\u00edna peruana \u00e9 um potente estimulante focal e inquieto que aumenta os n\u00edveis de dopamina nos circuitos mentais que controlam a realiza\u00e7\u00e3o e o desenvolvimento. A coca\u00edna peruana atravessa a barreira hemato-encef\u00e1lica atrav\u00e9s de um antiportador de cati\u00f5es naturais acoplado a prot\u00f5es e (em menor grau) por difus\u00e3o inativa. Comprar Coca\u00edna na Europa<\/p>\n<h4><span class=\"ez-toc-section\" id=\"KOKAIN_ONLINE_IN_KANADA_KAUFEN\"><\/span>BUY COCAINE ONLINE IN CANADA<span class=\"ez-toc-section-end\"><\/span><\/h4>\n<p>A coca\u00edna peruana actua como simpaticomim\u00e9tico ao inibir o transportador de dopamina, impedindo a recapta\u00e7\u00e3o de dopamina da fenda sin\u00e1ptica para o terminal axonal pr\u00e9-sin\u00e1ptico; n\u00edveis mais elevados de dopamina na fenda sin\u00e1ptica aumentam a ativa\u00e7\u00e3o do recetor de dopamina do neur\u00f3nio sin\u00e1ptico ereto, causando os efeitos de intoxica\u00e7\u00e3o e excita\u00e7\u00e3o. Comprar Coca\u00edna Alemanha<\/p>\n<p>Posso comprar coca\u00edna peruana em flocos em qualquer parte do Reino Unido? Numa outra grava\u00e7\u00e3o, supostamente de um telem\u00f3vel que levou da pris\u00e3o, Oropeza pode alegadamente ser ouvido a dizer que o \"tio Alan\" iria aparecer na sua recupera\u00e7\u00e3o. A coca\u00edna peruana tem um perfil diversificado no mundo da medicina. Por esta raz\u00e3o, \u00e9 utilizada em muitas receitas m\u00e9dicas e \u00e9 tamb\u00e9m recomendada por especialistas para o tratamento de v\u00e1rias doen\u00e7as. Coca\u00edna peruana<\/p>\n<p>A coca\u00edna peruana \u00e9 um estimulante altamente viciante derivado das folhas da planta da coca nativa da Am\u00e9rica do Sul. Embora possa ser utilizada para fins cl\u00ednicos leg\u00edtimos, como a seda\u00e7\u00e3o para algumas cirurgias, a coca\u00edna peruana \u00e9 uma droga ilegal. Muitos farmac\u00eauticos de rua misturam v\u00e1rias subst\u00e2ncias na coca\u00edna peruana para aumentar os lucros ou para fazer com que a coca\u00edna peruana pare\u00e7a significativamente melhor do que outra coca\u00edna peruana<\/p>\n<p>Em qualquer caso, pode comprar-nos coca\u00edna peruana online com maior cautela e precis\u00e3o. Muitas vezes \u00e9 maltratada em conjunto com uma variedade de outras subst\u00e2ncias, aumentando os perigos para a sa\u00fade. A combina\u00e7\u00e3o de medicamentos prescritos, como coca\u00edna e \u00e1lcool, costuma ser extremamente perigosa. Uma pessoa viciada em coca\u00edna peruana, especialmente se injetar coca\u00edna peruana, provavelmente ganhar\u00e1 experi\u00eancia de trabalho para evitar o abuso de coca\u00edna peruana. Coca\u00edna peruana<\/p>\n<h4><span class=\"ez-toc-section\" id=\"BUY_COCAINE_ONLINE_USA_ZU_SEHR_MODERATEN_PREISEN\"><\/span>BUY COCAINE ONLINE USA AT VERY MODERATE PRICES<span class=\"ez-toc-section-end\"><\/span><\/h4>\n<p>Estes sintomas s\u00e3o extremamente desagrad\u00e1veis e \u00e9 suposto fazerem parte da droga. Em compara\u00e7\u00e3o com o snifar e a ingest\u00e3o oral, a inje\u00e7\u00e3o de coca\u00edna permite uma absor\u00e7\u00e3o de 100% na corrente sangu\u00ednea e \u00e9 a forma mais r\u00e1pida de conseguir um \"plano\". A coca\u00edna peruana funciona utilizando este processo de recompensa e provocando a liberta\u00e7\u00e3o de dopamina. Por conseguinte, a coca\u00edna \u00e9 extremamente viciante, n\u00e3o s\u00f3 a n\u00edvel psicol\u00f3gico, mas tamb\u00e9m a n\u00edvel neuroqu\u00edmico.<\/p>\n<p>Historial de acidente vascular cerebral ou risco de acidente vascular cerebral: Se j\u00e1 teve um acidente vascular cerebral ou se corre um risco elevado de acidente vascular cerebral, n\u00e3o deve beber coca-cola. A coca\u00edna contida na coca\u00edna aumenta o risco de morte por rutura de um vaso sangu\u00edneo quando se est\u00e1 sob o efeito da mesma. Nos \u00faltimos anos, v\u00e1rios produtos sint\u00e9ticos com efeitos semelhantes aos da coca\u00edna tornaram-se amplamente dispon\u00edveis na Austr\u00e1lia. O ingrediente de Lively nestas solu\u00e7\u00f5es pode ser uma s\u00e9rie de qu\u00edmicos, incluindo a metilenodioxipirovalerona (MDPV), mas n\u00e3o se sabe exatamente o que cont\u00eam.<\/p>\n<p>Por conseguinte, podem ter efeitos mais imprevis\u00edveis e ser mais perigosas do que a coca\u00edna peruana. Fumar ou vaporizar coca\u00edna e inal\u00e1-la para os pulm\u00f5es leva a um \"efeito\" quase imediato, que pode ser extremamente potente e viciante. Esta onda inicial de estimula\u00e7\u00e3o \u00e9 conhecida como \"moca\". Embora o efeito estimulante possa durar v\u00e1rias horas, a euforia \u00e9 muito fugaz, levando o utilizador a fumar mais rapidamente.<\/p>\n<p>Outros riscos associados ao consumo de coca\u00edna peruana incluem um risco acrescido de les\u00f5es card\u00edacas, tens\u00e3o arterial elevada e ataque card\u00edaco. Os utilizadores finais com um longo historial de abuso de coca\u00edna peruana podem sofrer danos permanentes. Os clientes que fumam crack podem sofrer les\u00f5es pulmonares a longo prazo ou cancro da laringe, dos pulm\u00f5es e das vias respirat\u00f3rias. As pessoas que \"snifam\" coca\u00edna peruana, inalando-a regularmente pelo nariz, correm o risco de danificar a mucosa nasal, a garganta ou a laringe.<\/p>\n<h4><span class=\"ez-toc-section\" id=\"KOKAIN_ONLINE_ZU_VERKAUFEN\"><\/span>COCA\u00cdNA PARA VENDA ONLINE<span class=\"ez-toc-section-end\"><\/span><\/h4>\n<p>O objetivo \u00e9 eliminar todo o tecido que reveste estes \u00f3rg\u00e3os. A depend\u00eancia de coca\u00edna no Peru \u00e9 um dist\u00farbio que ocorre em meio \u00e0s recompensas da mente. Os consumidores de coca\u00edna peruanos desenvolvem rapidamente toler\u00e2ncia e, mais tarde, depend\u00eancia. A toler\u00e2ncia \u00e9 uma indica\u00e7\u00e3o do que o corpo deseja. Quanto mais provas existem contra os efeitos da droga, mais as pessoas se interessam por ela. Independentemente do facto de a droga ser consumida por um curto per\u00edodo de tempo ou por um per\u00edodo mais longo, qualquer consumo tem efeitos secund\u00e1rios.<\/p>\n<p>Mesmo em pessoas jovens e saud\u00e1veis, o consumo pode conduzir a um ataque card\u00edaco grave. O consumo excessivo est\u00e1 associado a um comportamento imprevis\u00edvel e potencialmente violento. Os estimulantes aumentam a atividade respirat\u00f3ria para que a dose de opi\u00e1ceos possa ser aumentada. Quando o efeito do estimulante passa, o opi\u00e1ceo pode sobrecarregar o doente e provocar uma paragem respirat\u00f3ria.<\/p>\n<p>Inalar ou snifar coca\u00edna pode danificar a mucosa nasal e a estrutura que separa as narinas. Ao injetar coca\u00edna peruana, existe o risco de envenenamento do sangue, v\u00edrus transmitidos pelo sangue (como o VIH ou a hepatite) atrav\u00e9s de instrumentos partilhados, vasos sangu\u00edneos e poros danificados e abcessos cut\u00e2neos.<\/p>\n<p>Os efeitos da coca\u00edna dependem da pot\u00eancia da droga, da combina\u00e7\u00e3o de subst\u00e2ncias qu\u00edmicas, da fisiologia da pessoa e do seu estado de esp\u00edrito no momento da ingest\u00e3o. O efeito da coca\u00edna peruana \u00e9 apenas tempor\u00e1rio e dura cerca de 15 a 30 minutos ap\u00f3s a inala\u00e7\u00e3o. N\u00e3o te esque\u00e7as de que os produtos naturais nem sempre s\u00e3o seguros e que a dosagem \u00e9 frequentemente cr\u00edtica.<\/p>\n<h5><span class=\"ez-toc-section\" id=\"ARZNEIMITTEL\"><\/span>MEDICAMENTOS<span class=\"ez-toc-section-end\"><\/span><\/h5>\n<p>Siga as instru\u00e7\u00f5es do r\u00f3tulo da solu\u00e7\u00e3o e consulte o seu farmac\u00eautico, m\u00e9dico ou outro profissional de sa\u00fade imediatamente antes da utiliza\u00e7\u00e3o. Hipertens\u00e3o arterial grave (hipertens\u00e3o): A coca ou a coca\u00edna peruana contida na coca pode provocar um aumento da tens\u00e3o arterial em algumas pessoas. As pessoas que sofrem de tens\u00e3o arterial elevada devem evitar a coca-cola. A coca\u00edna peruana \u00e9 frequentemente uma droga altamente viciante e estimulante que actua diretamente no sistema nervoso, incluindo o c\u00e9rebro. Entre os efeitos da coca\u00edna peruana contam-se a euforia e a for\u00e7a a curto prazo. Para mais informa\u00e7\u00f5es, <a href=\"https:\/\/hoodpharma.com\/pt\/contacto\/\">contactar-nos<\/a> por favor.<\/p>","protected":false},"excerpt":{"rendered":"<p>Peruanisches Kokain Unabh\u00e4ngig davon, kaufen Kokain Online Deutschland mit einem 5% Rabatt Politik. Peruanisches Kokain blockiert auch die Serotonin- und<\/p>","protected":false},"featured_media":1475,"comment_status":"open","ping_status":"closed","template":"","meta":[],"product_brand":[],"product_cat":[295],"product_tag":[],"class_list":{"0":"post-1460","1":"product","2":"type-product","3":"status-publish","4":"has-post-thumbnail","6":"product_cat-stimulanzien-kaufen","8":"first","9":"instock","10":"taxable","11":"shipping-taxable","12":"purchasable","13":"product-type-variable"},"_links":{"self":[{"href":"https:\/\/hoodpharma.com\/pt\/wp-json\/wp\/v2\/product\/1460","targetHints":{"allow":["GET"]}}],"collection":[{"href":"https:\/\/hoodpharma.com\/pt\/wp-json\/wp\/v2\/product"}],"about":[{"href":"https:\/\/hoodpharma.com\/pt\/wp-json\/wp\/v2\/types\/product"}],"replies":[{"embeddable":true,"href":"https:\/\/hoodpharma.com\/pt\/wp-json\/wp\/v2\/comments?post=1460"}],"version-history":[{"count":0,"href":"https:\/\/hoodpharma.com\/pt\/wp-json\/wp\/v2\/product\/1460\/revisions"}],"wp:featuredmedia":[{"embeddable":true,"href":"https:\/\/hoodpharma.com\/pt\/wp-json\/wp\/v2\/media\/1475"}],"wp:attachment":[{"href":"https:\/\/hoodpharma.com\/pt\/wp-json\/wp\/v2\/media?parent=1460"}],"wp:term":[{"taxonomy":"product_brand","embeddable":true,"href":"https:\/\/hoodpharma.com\/pt\/wp-json\/wp\/v2\/product_brand?post=1460"},{"taxonomy":"product_cat","embeddable":true,"href":"https:\/\/hoodpharma.com\/pt\/wp-json\/wp\/v2\/product_cat?post=1460"},{"taxonomy":"product_tag","embeddable":true,"href":"https:\/\/hoodpharma.com\/pt\/wp-json\/wp\/v2\/product_tag?post=1460"}],"curies":[{"name":"wp","href":"https:\/\/api.w.org\/{rel}","templated":true}]}}