{"id":1625,"date":"2023-06-27T19:20:11","date_gmt":"2023-06-27T18:20:11","guid":{"rendered":"https:\/\/hoodpharma.com\/?post_type=product&#038;p=1625"},"modified":"2024-08-28T00:35:15","modified_gmt":"2024-08-27T22:35:15","slug":"ab-fubinaca-kaufen","status":"publish","type":"product","link":"https:\/\/hoodpharma.com\/pt\/produto\/comprar-ab-fubinaca\/","title":{"rendered":"AB Fubinaca Comprar"},"content":{"rendered":"<div id=\"ez-toc-container\" class=\"ez-toc-v2_0_80 counter-hierarchy ez-toc-counter ez-toc-grey ez-toc-container-direction\">\n<div class=\"ez-toc-title-container\">\n<p class=\"ez-toc-title\" style=\"cursor:inherit\">\u00cdndice<\/p>\n<span class=\"ez-toc-title-toggle\"><a href=\"#\" class=\"ez-toc-pull-right ez-toc-btn ez-toc-btn-xs ez-toc-btn-default ez-toc-toggle\" aria-label=\"Alternar o \u00edndice\"><span class=\"ez-toc-js-icon-con\"><span class=\"\"><span class=\"eztoc-hide\" style=\"display:none;\">Alternar<\/span><span class=\"ez-toc-icon-toggle-span\"><svg style=\"fill: #999;color:#999\" xmlns=\"http:\/\/www.w3.org\/2000\/svg\" class=\"list-377408\" width=\"20px\" height=\"20px\" viewbox=\"0 0 24 24\" fill=\"none\"><path d=\"M6 6H4v2h2V6zm14 0H8v2h12V6zM4 11h2v2H4v-2zm16 0H8v2h12v-2zM4 16h2v2H4v-2zm16 0H8v2h12v-2z\" fill=\"currentColor\"><\/path><\/svg><svg style=\"fill: #999;color:#999\" class=\"arrow-unsorted-368013\" xmlns=\"http:\/\/www.w3.org\/2000\/svg\" width=\"10px\" height=\"10px\" viewbox=\"0 0 24 24\" version=\"1.2\" baseprofile=\"tiny\"><path d=\"M18.2 9.3l-6.2-6.3-6.2 6.3c-.2.2-.3.4-.3.7s.1.5.3.7c.2.2.4.3.7.3h11c.3 0 .5-.1.7-.3.2-.2.3-.5.3-.7s-.1-.5-.3-.7zM5.8 14.7l6.2 6.3 6.2-6.3c.2-.2.3-.5.3-.7s-.1-.5-.3-.7c-.2-.2-.4-.3-.7-.3h-11c-.3 0-.5.1-.7.3-.2.2-.3.5-.3.7s.1.5.3.7z\"\/><\/svg><\/span><\/span><\/span><\/a><\/span><\/div>\n<nav><ul class='ez-toc-list ez-toc-list-level-1' ><li class='ez-toc-page-1 ez-toc-heading-level-2'><a class=\"ez-toc-link ez-toc-heading-1\" href=\"https:\/\/hoodpharma.com\/pt\/produto\/comprar-ab-fubinaca\/#AB_Fubinaca_kaufen\" >Comprar AB Fubinaca<\/a><ul class='ez-toc-list-level-3' ><li class='ez-toc-heading-level-3'><a class=\"ez-toc-link ez-toc-heading-2\" href=\"https:\/\/hoodpharma.com\/pt\/produto\/comprar-ab-fubinaca\/#AB-FUBINACA_ONLINE_KAUFEN\" >COMPRAR AB-FUBINACA ONLINE:<\/a><ul class='ez-toc-list-level-4' ><li class='ez-toc-heading-level-4'><a class=\"ez-toc-link ez-toc-heading-3\" href=\"https:\/\/hoodpharma.com\/pt\/produto\/comprar-ab-fubinaca\/#AB-FUBINACA_ZUM_VERKAUF_ONLINE\" >AB-FUBINACA PARA VENDA ONLINE:<\/a><ul class='ez-toc-list-level-5' ><li class='ez-toc-heading-level-5'><a class=\"ez-toc-link ez-toc-heading-4\" href=\"https:\/\/hoodpharma.com\/pt\/produto\/comprar-ab-fubinaca\/#ZUSATZLICH\" >ADICIONAL:<\/a><\/li><\/ul><\/li><\/ul><\/li><\/ul><\/li><\/ul><\/nav><\/div>\n<h2><span class=\"ez-toc-section\" id=\"AB_Fubinaca_kaufen\"><\/span><span class=\"___SText_4qyg4-ko_\" data-ui-name=\"Link.Text\">Comprar AB Fubinaca<\/span><span class=\"ez-toc-section-end\"><\/span><\/h2>\n<p>Temos a AB-FUBINACA para venda, a mais recente droga sint\u00e9tica que pode servir como uma alternativa legal e verdadeiramente bem sucedida \u00e0 can\u00e1bis. Embora a produ\u00e7\u00e3o e venda de can\u00e1bis seja ilegal na maioria dos pa\u00edses do mundo, a AB-FUBINACA n\u00e3o est\u00e1 sujeita a estas restri\u00e7\u00f5es. A droga sint\u00e9tica AB-FUBINACA \u00e9 legal e pode ser comprada diretamente na Internet.<\/p>\n<p>A RC Chemicals foi fundada na China, onde temos uma instala\u00e7\u00e3o de s\u00edntese de \u00faltima gera\u00e7\u00e3o. Conseguimos sintetizar qualquer composto qu\u00edmico e os nossos especialistas desenvolveram um m\u00e9todo para obter AB-FUBINACA com uma pureza de cerca de 100 por cento. A AB-FUBINACA, por outro lado, \u00e9 de posse legal, e \u00e9 por isso que tem sido usada h\u00e1 muito tempo. AB-FUBINACA PARA VENDA<\/p>\n<p>Ocasionalmente, como droga sint\u00e9tica. Aparentemente, \u00e9 extremamente potente, e outros indiv\u00edduos que preferem drogas sint\u00e9ticas utilizaram-na recentemente. O AB-FUBINACA n\u00e3o apresenta os efeitos secund\u00e1rios comuns da medicina tradicional. O AB-FUBINACA \u00e9 praticamente impr\u00f3prio para consumo humano. N\u00e3o \u00e9 comercializado de forma alguma e n\u00e3o necessita de ser utilizado in vivo. Trata-se de uma subst\u00e2ncia qu\u00edmica explorat\u00f3ria que s\u00f3 deve ser utilizada por profissionais da ind\u00fastria num contexto forense ou laboratorial. Comprar AB Fubinaca.<\/p>\n<p>Fornecemos produtos qu\u00edmicos de explora\u00e7\u00e3o de alta qualidade em todo o mundo. Os nossos produtos s\u00e3o provenientes de laborat\u00f3rios l\u00edderes nos Estados Unidos da Am\u00e9rica, pelo que pode ter a certeza de que os produtos qu\u00edmicos que compra est\u00e3o na sua forma mais pura e s\u00e3o capazes de produzir os melhores resultados. Usamos a ci\u00eancia mais recente para fornecer o pre\u00e7o mais baixo na ind\u00fastria de estudos qu\u00edmicos. Comprar AB Fubinaca.<\/p>\n<h3><span class=\"ez-toc-section\" id=\"AB-FUBINACA_ONLINE_KAUFEN\"><\/span>COMPRAR AB-FUBINACA ONLINE:<span class=\"ez-toc-section-end\"><\/span><\/h3>\n<p>A colabora\u00e7\u00e3o com fornecedores reputados de subst\u00e2ncias de estudo garante excelentes resultados nas suas experi\u00eancias e estudos. Uma rea\u00e7\u00e3o em cadeia (PCR) significativa e real foi analisada cinco vezes em cora\u00e7\u00f5es e f\u00edgados de ratos. nj\u0435\u0441t\u043ern \u0435\u043e-nfl\u0430mm\u0430t\u043ern \u0435\u0435 h\u0435v\u0435r \u0430nd \u0440r\u043e-nfl\u0430mm\u0430t\u043ern \u0435 \u0435 nfl\u0430mm\u0430t\u043ern Em \u043en\u0435 tud\u0443, AB FUBINACA aguda \u0440r\u043edu\u0441\u0435d n\u0435ur\u043el\u043eg\u0441\u0430l em n m\u0430l\u0435 ICR ratos como \u0440\u043ent\u0430n\u0435\u043eu e tratamento induzem convuls\u00e3o, hiperreflexia, mioclonia, en\u043erm\u043et\u043er modificado \u0435ff\u0435\u0441t, e agress\u00e3o. AB-FUBINACA PARA VENDA<\/p>\n<p>A AB-FUBINACA n\u00e3o foi testada quanto \u00e0 sua capacidade de induzir o aborto espont\u00e2neo em animais, nem foi testada em seres humanos. O m\u00fasculo estomacal CHMINACA \u00e9 semelhante ao AB-FUBINACA com um grupo ciclohexilo substitu\u00eddo por um grupo quatro-fluorofenilo. As propriedades f\u00edsicas e toxicol\u00f3gicas do composto n\u00e3o s\u00e3o ainda conhecidas. AB-FUBINACA PARA VENDA<\/p>\n<p>O artigo foi fornecido para fins cient\u00edficos e de investiga\u00e7\u00e3o. A prepara\u00e7\u00e3o original AB-FUBINACA \u00e9 autorizada e pode ser adquirida diretamente na Internet. A RC Chemical substances est\u00e1 estabelecida na China, onde se encontra o nosso gabinete de combina\u00e7\u00e3o artesanal. Podemos combinar qualquer composto de subst\u00e2ncia, e nossos especialistas criaram uma maneira de obter AB-FUBINACA com um n\u00edvel de imaculidade de quase 100%. Comprar AB Fubinaca<\/p>\n<h4><span class=\"ez-toc-section\" id=\"AB-FUBINACA_ZUM_VERKAUF_ONLINE\"><\/span>AB-FUBINACA PARA VENDA ONLINE:<span class=\"ez-toc-section-end\"><\/span><\/h4>\n<p>Al\u00e9m disso, os SCs foram efetivamente apreendidos quando controlados por vapor ou infus\u00e3o intraperitoneal, como confirmado nas criaturas, observando a velocidade, a temperatura do quadro e a farmacocin\u00e9tica. Atrav\u00e9s de uma abordagem de mistura de anticorpos, tamb\u00e9m ensin\u00e1mos resultados sin\u00e9rgicos ao mesmo tempo que despolu\u00edmos dois cursos de medicamentos. AB Fubinaca comprar.<\/p>\n<p>Os riscos e benef\u00edcios a longo prazo da utiliza\u00e7\u00e3o atl\u00e9tica de AB-FUBINACA n\u00e3o parecem ter sido estudados em qualquer contexto l\u00f3gico, e o efeito nocivo exato \u00e9 novo. Isto deve-se ao facto de n\u00e3o existir praticamente nenhuma experi\u00eancia de utiliza\u00e7\u00e3o de AB-FUBINACA em seres humanos. A confirma\u00e7\u00e3o narrativa de indiv\u00edduos que tentaram AB-FUBINACA no grupo de pessoas locais sugere que nunca parece haver qualquer resultado negativo de bem-estar e bem-estar creditado simplesmente buscando este medicamento em pequenas por\u00e7\u00f5es diretas e usando-o com modera\u00e7\u00e3o (no entanto, nada \u00e9 tipicamente completamente garantido). AB-FUBINACA PARA VENDA<\/p>\n<p>Globalmente, o nosso inqu\u00e9rito fornece uma base alargada para a oportunidade das imuniza\u00e7\u00f5es SC. A intera\u00e7\u00e3o e a orienta\u00e7\u00e3o sexual t\u00eam um impacto significativo nos resultados emocionais e nas respostas farmacol\u00f3gico-toxicol\u00f3gicas \u00e0s prescri\u00e7\u00f5es. Os homens s\u00e3o mais suscept\u00edveis do que as mulheres de consumir praticamente qualquer tipo de droga il\u00edcita e de se apresentarem em servi\u00e7os de emerg\u00eancia por intoxica\u00e7\u00e3o grave ou fatal. AB-FUBINACA FOR SALE As raparigas, por outro lado, t\u00eam a mesma probabilidade que os homens de desenvolver uma perturba\u00e7\u00e3o por uso de subst\u00e2ncias e podem ser mais propensas a desejos e reca\u00eddas. Estudos cl\u00ednicos e pr\u00e9-cl\u00ednicos demonstraram que os homens e as mulheres diferem significativamente pouco depois de receberem prescri\u00e7\u00f5es \"convencionais\" para o abuso de subst\u00e2ncias. AB-FUBINACA PARA VENDA<\/p>\n<p>Esta situa\u00e7\u00e3o sofisticou-se enormemente nos \u00faltimos tempos, com a atra\u00e7\u00e3o visual tir\u00e2nica das novas subst\u00e2ncias psicoactivas (NSP) que surgem como alternativas aos medicamentos controlados. No entanto, devido ao desenvolvimento de novas subst\u00e2ncias, a lista de medicamentos controlados recomendados pelos m\u00e9dicos est\u00e1 constantemente a ser actualizada. AB-FUBINACA PARA VENDA<\/p>\n<p>Pouco se sabe sobre o modo de a\u00e7\u00e3o destas subst\u00e2ncias, bem como sobre os seus efeitos nocivos nos seres humanos e em objectos semelhantes, que podem variar n\u00e3o s\u00f3 em quantidade, mas tamb\u00e9m no tipo de material adicionado. Recentemente, os canabin\u00f3ides contrafeitos foram associados a intoxica\u00e7\u00f5es vol\u00e1teis e graves na Europa e, apesar da amplitude das novas ac\u00e7\u00f5es neste dom\u00ednio, \u00e9 necess\u00e1rio descrever um problema para introduzir elementos de estrat\u00e9gia em mat\u00e9ria de droga. AB-FUBINACA PARA VENDA<\/p>\n<p>O m\u00fasculo abdominal FUBINACA foi recentemente descoberto, e \u00e9 um composto sint\u00e9tico que poderia preencher positivamente como um substituto padr\u00e3o para v\u00e1rias cannabis n\u00e3o adulteradas. No entanto, como mencionado anteriormente, a cannabis padr\u00e3o \u00e9 geralmente ilegal em um arranjo incr\u00edvel de pa\u00edses ao redor do mundo, em qualquer lugar do mundo. AB-FUBINACA PARA VENDA<\/p>\n<p>Em junho de 2018, foi descoberto na Internet um \"composto experimental\" com o r\u00f3tulo \"ABFUB7AICA\", que foi identificado como 5FABP7AICA, o 7-azaindole simples do 5FABPINACA. Apresentamos abaixo dados sobre a apresenta\u00e7\u00e3o subjacente, os marcadores ideais para utiliza\u00e7\u00e3o na urina e as subtilezas farmacocin\u00e9ticas incipientes. Devido \u00e0 elevada pureza do medicamento, o comprador deve tom\u00e1-lo apenas em doses m\u00ednimas. Comprar AB Fubinaca<\/p>\n<h5><span class=\"ez-toc-section\" id=\"ZUSATZLICH\"><\/span>ADICIONAL:<span class=\"ez-toc-section-end\"><\/span><\/h5>\n<p>A medida m\u00e9dia de AB-FUBINACA \u00e9 em miligramas, e um toque de 20 miligramas de AB-FUBINACA proporcionar\u00e1 uma sensa\u00e7\u00e3o abrangente vis\u00edvel e aud\u00edvel. A espetroscopia de som at\u00f3mico, a cromatografia de combust\u00edvel-espetrometria de massa, a espetroscopia de infravermelhos e a espetroscopia Raman foram utilizadas para visualizar a composi\u00e7\u00e3o. Comprar AB Fubinaca.<\/p>\n<p>Estas subst\u00e2ncias sint\u00e9ticas s\u00e3o significativamente mais fortes do que a can\u00e1bis pura e demonstraram ser agonistas mais amplos dos receptores canabin\u00f3ides. \u00c9 poss\u00edvel que algumas delas sejam n\u00e3o s\u00f3 incrivelmente potentes, mas tamb\u00e9m tenham um tempo de vida prolongado de 50 %, permitindo um efeito psicoativo cont\u00ednuo. Os efeitos da can\u00e1bis s\u00e3o produzidos pelo m\u00fasculo abdominal CHMINACA. AB-FUBINACA PARA VENDA<\/p>\n<p>A Pfizer desenvolveu o medicamento em 2009 como um potente analg\u00e9sico, mas nunca foi utilizado em seres humanos. Esta \u00e9 uma subst\u00e2ncia do programa I atualmente nos Estados Unidos e fornece uma avalia\u00e7\u00e3o da escrita atual sobre a promo\u00e7\u00e3o de canabin\u00f3ides falsificados como subst\u00e2ncias de abuso, exemplos tardios de abuso, bem como a sua posi\u00e7\u00e3o legal e ordem de composi\u00e7\u00e3o. Para mais informa\u00e7\u00f5es <a href=\"https:\/\/hoodpharma.com\/pt\/contacto\/\">contactar-nos<\/a> por favor.<\/p>\n<p>&nbsp;<\/p>","protected":false},"excerpt":{"rendered":"<p>AB Fubinaca kaufen Wir haben AB-FUBINACA ZU VERKAUFEN, die neueste synthetische Droge, die als zugelassene und wirklich erfolgreiche Alternative zu<\/p>","protected":false},"featured_media":1824,"comment_status":"open","ping_status":"closed","template":"","meta":[],"product_brand":[],"product_cat":[258,163],"product_tag":[],"class_list":{"0":"post-1625","1":"product","2":"type-product","3":"status-publish","4":"has-post-thumbnail","6":"product_cat-cannabinoid-kaufen","7":"product_cat-forschungschemikalien","9":"first","10":"instock","11":"taxable","12":"shipping-taxable","13":"purchasable","14":"product-type-variable"},"_links":{"self":[{"href":"https:\/\/hoodpharma.com\/pt\/wp-json\/wp\/v2\/product\/1625","targetHints":{"allow":["GET"]}}],"collection":[{"href":"https:\/\/hoodpharma.com\/pt\/wp-json\/wp\/v2\/product"}],"about":[{"href":"https:\/\/hoodpharma.com\/pt\/wp-json\/wp\/v2\/types\/product"}],"replies":[{"embeddable":true,"href":"https:\/\/hoodpharma.com\/pt\/wp-json\/wp\/v2\/comments?post=1625"}],"version-history":[{"count":0,"href":"https:\/\/hoodpharma.com\/pt\/wp-json\/wp\/v2\/product\/1625\/revisions"}],"wp:featuredmedia":[{"embeddable":true,"href":"https:\/\/hoodpharma.com\/pt\/wp-json\/wp\/v2\/media\/1824"}],"wp:attachment":[{"href":"https:\/\/hoodpharma.com\/pt\/wp-json\/wp\/v2\/media?parent=1625"}],"wp:term":[{"taxonomy":"product_brand","embeddable":true,"href":"https:\/\/hoodpharma.com\/pt\/wp-json\/wp\/v2\/product_brand?post=1625"},{"taxonomy":"product_cat","embeddable":true,"href":"https:\/\/hoodpharma.com\/pt\/wp-json\/wp\/v2\/product_cat?post=1625"},{"taxonomy":"product_tag","embeddable":true,"href":"https:\/\/hoodpharma.com\/pt\/wp-json\/wp\/v2\/product_tag?post=1625"}],"curies":[{"name":"wp","href":"https:\/\/api.w.org\/{rel}","templated":true}]}}