{"id":1696,"date":"2023-06-27T19:20:32","date_gmt":"2023-06-27T18:20:32","guid":{"rendered":"https:\/\/hoodpharma.com\/?post_type=product&#038;p=1696"},"modified":"2024-09-28T05:16:08","modified_gmt":"2024-09-28T03:16:08","slug":"ephedrin-hcl-kaufen","status":"publish","type":"product","link":"https:\/\/hoodpharma.com\/pt\/produto\/comprar-ephedrine-hcl\/","title":{"rendered":"Efedrina HCL"},"content":{"rendered":"<div id=\"ez-toc-container\" class=\"ez-toc-v2_0_80 counter-hierarchy ez-toc-counter ez-toc-grey ez-toc-container-direction\">\n<div class=\"ez-toc-title-container\">\n<p class=\"ez-toc-title\" style=\"cursor:inherit\">\u00cdndice<\/p>\n<span class=\"ez-toc-title-toggle\"><a href=\"#\" class=\"ez-toc-pull-right ez-toc-btn ez-toc-btn-xs ez-toc-btn-default ez-toc-toggle\" aria-label=\"Alternar o \u00edndice\"><span class=\"ez-toc-js-icon-con\"><span class=\"\"><span class=\"eztoc-hide\" style=\"display:none;\">Alternar<\/span><span class=\"ez-toc-icon-toggle-span\"><svg style=\"fill: #999;color:#999\" xmlns=\"http:\/\/www.w3.org\/2000\/svg\" class=\"list-377408\" width=\"20px\" height=\"20px\" viewbox=\"0 0 24 24\" fill=\"none\"><path d=\"M6 6H4v2h2V6zm14 0H8v2h12V6zM4 11h2v2H4v-2zm16 0H8v2h12v-2zM4 16h2v2H4v-2zm16 0H8v2h12v-2z\" fill=\"currentColor\"><\/path><\/svg><svg style=\"fill: #999;color:#999\" class=\"arrow-unsorted-368013\" xmlns=\"http:\/\/www.w3.org\/2000\/svg\" width=\"10px\" height=\"10px\" viewbox=\"0 0 24 24\" version=\"1.2\" baseprofile=\"tiny\"><path d=\"M18.2 9.3l-6.2-6.3-6.2 6.3c-.2.2-.3.4-.3.7s.1.5.3.7c.2.2.4.3.7.3h11c.3 0 .5-.1.7-.3.2-.2.3-.5.3-.7s-.1-.5-.3-.7zM5.8 14.7l6.2 6.3 6.2-6.3c.2-.2.3-.5.3-.7s-.1-.5-.3-.7c-.2-.2-.4-.3-.7-.3h-11c-.3 0-.5.1-.7.3-.2.2-.3.5-.3.7s.1.5.3.7z\"\/><\/svg><\/span><\/span><\/span><\/a><\/span><\/div>\n<nav><ul class='ez-toc-list ez-toc-list-level-1' ><li class='ez-toc-page-1 ez-toc-heading-level-2'><a class=\"ez-toc-link ez-toc-heading-1\" href=\"https:\/\/hoodpharma.com\/pt\/produto\/comprar-ephedrine-hcl\/#Ephedrin_HCL_kaufen\" >Comprar Ephedrine HCL<\/a><ul class='ez-toc-list-level-3' ><li class='ez-toc-heading-level-3'><a class=\"ez-toc-link ez-toc-heading-2\" href=\"https:\/\/hoodpharma.com\/pt\/produto\/comprar-ephedrine-hcl\/#EPHEDRIN_ONLINE_KAUFEN\" >COMPRAR EFEDRINA ONLINE<\/a><ul class='ez-toc-list-level-4' ><li class='ez-toc-heading-level-4'><a class=\"ez-toc-link ez-toc-heading-3\" href=\"https:\/\/hoodpharma.com\/pt\/produto\/comprar-ephedrine-hcl\/#EPHEDRIN_ZUM_ONLINE-VERKAUF\" >EPHEDRINE FOR SALE ONLINE<\/a><\/li><li class='ez-toc-page-1 ez-toc-heading-level-4'><a class=\"ez-toc-link ez-toc-heading-4\" href=\"https:\/\/hoodpharma.com\/pt\/produto\/comprar-ephedrine-hcl\/#EPHEDRIN_HCL_PULVER_ZUM_VERKAUF\" >EFEDRINA HCL EM P\u00d3 PARA VENDA<\/a><ul class='ez-toc-list-level-5' ><li class='ez-toc-heading-level-5'><a class=\"ez-toc-link ez-toc-heading-5\" href=\"https:\/\/hoodpharma.com\/pt\/produto\/comprar-ephedrine-hcl\/#MEHR\" >MAIS:<\/a><\/li><\/ul><\/li><\/ul><\/li><\/ul><\/li><\/ul><\/nav><\/div>\n<h2><span class=\"ez-toc-section\" id=\"Ephedrin_HCL_kaufen\"><\/span>Comprar Ephedrine HCL<span class=\"ez-toc-section-end\"><\/span><\/h2>\n<p>Al\u00e9m disso, temos o fornecedor de efedrina da mais alta qualidade, efedrina para venda. O sulfato de efedrina tem um efeito semelhante no SNC. Estimula o c\u00f3rtex cerebral e os locais subcorticais, e \u00e9 por isso que \u00e9 usado para tratar a narcolepsia. Devido aos problemas de sa\u00fade modificados associados \u00e0 efedrina, esta n\u00e3o deve ser utilizada como suplemento diet\u00e9tico. A efedrina, tal como a fenetilamina, tem uma estrutura sint\u00e9tica semelhante \u00e0 das anfetaminas e \u00e9 principalmente uma metanfetamina, obtendo simplesmente o sistema de metanfetamina com um feixe de hidroxilo no interior do local.<\/p>\n<p>Esta combina\u00e7\u00e3o, tal como a limita\u00e7\u00e3o do consumo de gordura extra a 30 % de calorias e o exerc\u00edcio moderado, parece reduzir a gordura corporal, diminuir o colesterol \"problem\u00e1tico\" da camada inferior de lipoprote\u00ednas (LDL) e aumentar o colesterol \"excelente\" da camada superior de lipoprote\u00ednas (HDL). A efedrina \u00e9 um energizador em geral, e eu estou procurando uma maneira menos dif\u00edcil de ser educado do que o caf\u00e9 (que pode ser mal organizado por causa do ac\u00famulo de resist\u00eancia, n\u00e3o muito m\u00f3vel, e a cafe\u00edna \u00e9 realmente um diur\u00e9tico). Comprar Efedrina HCL.<\/p>\n<p>A efedrina n\u00e3o deve ser tomada durante a gravidez, exceto se for especificamente prescrita por um m\u00e9dico e apenas se n\u00e3o existirem outras alternativas dispon\u00edveis. No entanto, as combina\u00e7\u00f5es de efedrina podem levar a melhorias insignificantes no stress circulat\u00f3rio e na frequ\u00eancia card\u00edaca, mesmo em adultos cuidadosamente estudados e testados ou, muito provavelmente, em adultos compat\u00edveis. Comprar Efedrina HCL.<\/p>\n<h3><span class=\"ez-toc-section\" id=\"EPHEDRIN_ONLINE_KAUFEN\"><\/span>COMPRAR EFEDRINA ONLINE<span class=\"ez-toc-section-end\"><\/span><\/h3>\n<p>Existem grandes preocupa\u00e7\u00f5es quanto \u00e0 seguran\u00e7a deste produto, uma vez que cont\u00e9m quantidades significativas do agente energ\u00e9tico \u00e9fedra e cafe\u00edna e \u00e9 ocasionalmente tomado sem ter sido testado quanto a efeitos secund\u00e1rios nocivos. A efedrina tamb\u00e9m diminui o esvaziamento g\u00e1strico. As metilxantinas, como a cafe\u00edna e a teofilina, t\u00eam uma rela\u00e7\u00e3o extremamente sin\u00e9rgica com a efedrina para a perda de gordura. Comprar efedrina HCL.<\/p>\n<p>Isto levou a que a mar\u00e9 mudasse e a que fossem introduzidos na Internet produtos compostos. Um deles, conhecido como eca stack, combina efedrina com cafe\u00edna e anti-inflamat\u00f3rios. \u00c9 um suplemento diet\u00e9tico popular utilizado por musculados que querem saber como perder gordura corporal antes de uma competi\u00e7\u00e3o. No tratamento da asma, a efedrina tem sido frequentemente utilizada como descongestionante e broncodilatador. Comprar Ephedrine HCL.<\/p>\n<p>Continua a ser utilizado para estes sinais, embora o seu reconhecimento esteja a diminuir devido \u00e0 exist\u00eancia de especialistas mais persuasivos para estes sinais que apresentam resultados muito menos desfavor\u00e1veis. O seu papel na obstru\u00e7\u00e3o nasal foi largamente suplantado por agonistas dos receptores -adren\u00e9rgicos muito mais potentes. Comprar Efedrina HCL.<\/p>\n<p>A efedrina pode ser analisada no sangue, plasma ou urina para detetar poss\u00edveis abusos por parte de concorrentes e confirmar a investiga\u00e7\u00e3o de danos ou ajudar numa investiga\u00e7\u00e3o m\u00e9dico-legal de morte. Muitos testes de despistagem por imunoensaio mec\u00e2nico associados \u00e0s anfetaminas parecem ter rea\u00e7\u00e3o cruzada com a efedrina, mas os m\u00e9todos cromatogr\u00e1ficos podem, sem d\u00favida, distinguir a efedrina de outras subsidi\u00e1rias da fenetilamina. Comprar efedrina HCL.<\/p>\n<h4><span class=\"ez-toc-section\" id=\"EPHEDRIN_ZUM_ONLINE-VERKAUF\"><\/span>EPHEDRINE FOR SALE ONLINE<span class=\"ez-toc-section-end\"><\/span><\/h4>\n<p>A efedrina \u00e9 um broncodilatador que pode ser utilizado como tratamento de curta dura\u00e7\u00e3o para a asma sem receita m\u00e9dica. Tamb\u00e9m \u00e9 \u00fatil como energ\u00e9tico e \u00e9 frequentemente comprada nas paragens de cami\u00f5es pelos camionistas para este fim. Como \u00e9 um precursor da metanfetamina, a sua venda nas paragens de cami\u00f5es tem sido significativamente restringida pelas autoridades dos EUA desde 2006. A efedrina tornou-se um tratamento extremamente not\u00e1vel e surpreendente para a asma br\u00f4nquica, especialmente porque, ao contr\u00e1rio da adrenalina, pode ser administrada por via oral (at\u00e9 ao final do tratamento padr\u00e3o). Comprar Ephedrine HCL.<\/p>\n<p>A utiliza\u00e7\u00e3o da efedrina no tratamento da asma br\u00f4nquica atingiu o seu auge no final dos anos 50, ap\u00f3s o que a sua utiliza\u00e7\u00e3o terap\u00eautica diminuiu gradualmente e de forma constante. A efedrina evoluiu de uma prescri\u00e7\u00e3o padr\u00e3o para um estranho lugar de drogas de rua e suplementos nutricionais. Os produtos e arranjos de efedra e efedrina s\u00e3o estritamente proibidos em muitos pa\u00edses do mundo, pois s\u00e3o um componente chave na produ\u00e7\u00e3o do composto viciante metanfetamina. Comprar efedrina HCL.<\/p>\n<p>Quando utilizada de forma consistente, a efedrina \u00e9 muitas vezes segura e bem tolerada; no entanto, os efeitos negativos subsequentes incluem aumento dos custos card\u00edacos, tens\u00e3o arterial elevada e nervosismo, que muitas vezes desaparecem logo ap\u00f3s a primeira semana de utiliza\u00e7\u00e3o. Embora os suplementos que cont\u00eam alcal\u00f3ides de efedrina sejam usados por muitas pessoas hoje em dia com um grau suficiente de seguran\u00e7a e viabilidade, eles podem ser extremamente perigosos para pessoas que t\u00eam certas condi\u00e7\u00f5es m\u00e9dicas graves. Comprar efedrina HCL.<\/p>\n<h4><span class=\"ez-toc-section\" id=\"EPHEDRIN_HCL_PULVER_ZUM_VERKAUF\"><\/span>EFEDRINA HCL EM P\u00d3 PARA VENDA<span class=\"ez-toc-section-end\"><\/span><\/h4>\n<p>Diversos estudos de caso implicaram os alcal\u00f3ides da efedrina como causa de consequ\u00eancias reais desfavor\u00e1veis para a sa\u00fade de pessoas dependentes, incluindo, entre outros, ataques card\u00edacos, acidentes vasculares cerebrais, convuls\u00f5es e, em casos extremos, a morte. A efedrina \u00e9 um descongestionante e um broncodilatador geral. Actua reduzindo o incha\u00e7o e a constri\u00e7\u00e3o dos vasos sangu\u00edneos nas passagens nasais e dilatando as vias respirat\u00f3rias nos pulm\u00f5es, tornando a respira\u00e7\u00e3o muito mais f\u00e1cil. Comprar Ephedrine HCL.<\/p>\n<p>Al\u00e9m disso, estimula o metabolismo para que o corpo possa queimar muito mais energia e gordura indesejada durante o dia de trabalho atrav\u00e9s de um processo conhecido como termog\u00e9nese quando a atividade n\u00e3o \u00e9 intensa. A maioria das pessoas que est\u00e3o a fazer dieta recebem este medicamento de manh\u00e3 ou ao in\u00edcio da tarde para maximizar a estimula\u00e7\u00e3o metab\u00f3lica durante o dia. Os suplementos de efedrina n\u00e3o se destinam normalmente a tratar doen\u00e7as, embora tenham demonstrado ser eficazes a curto prazo para a maioria das pessoas. Comprar Ephedrine HCL.<\/p>\n<p>Voc\u00ea \u00e9 livre para tentar repetir Rockford Chronic Ephedrine indefinidamente; EPHEDRINE HCL n\u00e3o se importa como eles come\u00e7am. Eu s\u00f3 queria apontar isso para voc\u00ea, e eu n\u00e3o estava particularmente ciente das inje\u00e7\u00f5es pr\u00e9-cancerosas de sulfato intravenoso que se aglomeram em torno da pilha atrav\u00e9s da linha de venda livre. Estou curioso para saber o que EPHEDRINE EPHEDRINE HCL \u00e9 sobre 2 al\u00e9m de um EPHEDRINE EPHEDRINE HCL para parar a coceira e gotejamento mais um suave no n\u00edvel de press\u00e3o arterial. Venda de efedrina<\/p>\n<p>Antes de mais, explique as semelhan\u00e7as: A efedrina HCL e a pseudoefedrina s\u00e3o ambos alcal\u00f3ides naturais extra\u00eddos do arbusto da \u00e9fedra. A efedrina e a pseudoefedrina est\u00e3o contidas no ch\u00e1 de efedra e no suplemento diet\u00e9tico Ephedra. Para avaliar a sua toler\u00e2ncia e o seu tempo de rea\u00e7\u00e3o. Isto significa que tomou um suplemento alimentar de forma equilibrada. Bowman oferece uma experi\u00eancia \u00fanica n\u00e3o dispon\u00edvel no centro derma. Efedrina para venda<\/p>\n<h5><span class=\"ez-toc-section\" id=\"MEHR\"><\/span>MAIS:<span class=\"ez-toc-section-end\"><\/span><\/h5>\n<p>Engolir o frasco inteiro e tentar desfibrilhar a decapita\u00e7\u00e3o acidental; a guaifenesina pode ser utilizada para igualar inicialmente os \u00f3culos. O m\u00e9dio EPHEDRINE HCL \u00e9 o momento de come\u00e7ar. N\u00e3o \u00e9 todos os dias que n\u00e3o temos um momento livre, mas quase todos os criadores s\u00e9rios t\u00eam-no. A EPHEDRINE HCL n\u00e3o deve causar hemorragias cerebrais, acidentes vasculares cerebrais ou arritmias card\u00edacas para ser inclu\u00edda nos medicamentos gen\u00e9ricos indianos se fosse apenas estatisticamente ou mentalmente. Efedrina para venda<\/p>\n<p>A efedrina \u00e9 o ingrediente ativo da Ma Huang, uma planta medicinal utilizada h\u00e1 milhares de anos na China. A efedrina foi amplamente estudada e \u00e9 um composto relativamente fi\u00e1vel para a perda de peso a curto e m\u00e9dio prazo (menos de 6 meses) e ganhos moderados de desempenho em homens e mulheres treinados. No entanto, n\u00e3o \u00e9 eficaz em todas as situa\u00e7\u00f5es dif\u00edceis; a perda de gordura a longo prazo e os resultados em indiv\u00edduos n\u00e3o treinados n\u00e3o foram estudados. Sucesso importante e por vezes prejudicial ephedrine for sale<\/p>\n<p>Podem ocorrer ins\u00f3nias nas pessoas que reintroduzem a efedrina. A efedrina HCL pertence a uma classe de medicamentos conhecidos como simpaticomim\u00e9ticos porque se assemelha aos qu\u00edmicos produzidos pela resposta simp\u00e1tica ao medo durante uma situa\u00e7\u00e3o de \"luta ou fuga\". A droga liga-se aos adrenoreceptores alfa e beta, estimulando o tecido nervoso de forma semelhante a uma descarga de adrenalina. Para mais informa\u00e7\u00f5es, <a href=\"https:\/\/hoodpharma.com\/pt\/contacto\/\">contactar-nos<\/a> por favor.<\/p>","protected":false},"excerpt":{"rendered":"<p>Ephedrin HCL kaufen Dar\u00fcber hinaus haben wir die h\u00f6chste Qualit\u00e4t Ephedrin Lieferant, Ephedrin zum Verkauf. Ephedrinsulfat hat eine \u00e4hnliche Wirkung<\/p>","protected":false},"featured_media":1880,"comment_status":"open","ping_status":"closed","template":"","meta":[],"product_brand":[],"product_cat":[163,295],"product_tag":[],"class_list":{"0":"post-1696","1":"product","2":"type-product","3":"status-publish","4":"has-post-thumbnail","6":"product_cat-forschungschemikalien","7":"product_cat-stimulanzien-kaufen","9":"first","10":"instock","11":"taxable","12":"shipping-taxable","13":"purchasable","14":"product-type-variable"},"_links":{"self":[{"href":"https:\/\/hoodpharma.com\/pt\/wp-json\/wp\/v2\/product\/1696","targetHints":{"allow":["GET"]}}],"collection":[{"href":"https:\/\/hoodpharma.com\/pt\/wp-json\/wp\/v2\/product"}],"about":[{"href":"https:\/\/hoodpharma.com\/pt\/wp-json\/wp\/v2\/types\/product"}],"replies":[{"embeddable":true,"href":"https:\/\/hoodpharma.com\/pt\/wp-json\/wp\/v2\/comments?post=1696"}],"version-history":[{"count":0,"href":"https:\/\/hoodpharma.com\/pt\/wp-json\/wp\/v2\/product\/1696\/revisions"}],"wp:featuredmedia":[{"embeddable":true,"href":"https:\/\/hoodpharma.com\/pt\/wp-json\/wp\/v2\/media\/1880"}],"wp:attachment":[{"href":"https:\/\/hoodpharma.com\/pt\/wp-json\/wp\/v2\/media?parent=1696"}],"wp:term":[{"taxonomy":"product_brand","embeddable":true,"href":"https:\/\/hoodpharma.com\/pt\/wp-json\/wp\/v2\/product_brand?post=1696"},{"taxonomy":"product_cat","embeddable":true,"href":"https:\/\/hoodpharma.com\/pt\/wp-json\/wp\/v2\/product_cat?post=1696"},{"taxonomy":"product_tag","embeddable":true,"href":"https:\/\/hoodpharma.com\/pt\/wp-json\/wp\/v2\/product_tag?post=1696"}],"curies":[{"name":"wp","href":"https:\/\/api.w.org\/{rel}","templated":true}]}}