{"id":1703,"date":"2023-06-27T19:20:33","date_gmt":"2023-06-27T18:20:33","guid":{"rendered":"https:\/\/hoodpharma.com\/?post_type=product&#038;p=1703"},"modified":"2025-11-15T20:16:01","modified_gmt":"2025-11-15T19:16:01","slug":"etizolam-kaufen-deutschland","status":"publish","type":"product","link":"https:\/\/hoodpharma.com\/pt\/produto\/buy-etizolam-germany\/","title":{"rendered":"Etizolam"},"content":{"rendered":"<div id=\"ez-toc-container\" class=\"ez-toc-v2_0_80 counter-hierarchy ez-toc-counter ez-toc-grey ez-toc-container-direction\">\n<div class=\"ez-toc-title-container\">\n<p class=\"ez-toc-title\" style=\"cursor:inherit\">\u00cdndice<\/p>\n<span class=\"ez-toc-title-toggle\"><a href=\"#\" class=\"ez-toc-pull-right ez-toc-btn ez-toc-btn-xs ez-toc-btn-default ez-toc-toggle\" aria-label=\"Alternar o \u00edndice\"><span class=\"ez-toc-js-icon-con\"><span class=\"\"><span class=\"eztoc-hide\" style=\"display:none;\">Alternar<\/span><span class=\"ez-toc-icon-toggle-span\"><svg style=\"fill: #999;color:#999\" xmlns=\"http:\/\/www.w3.org\/2000\/svg\" class=\"list-377408\" width=\"20px\" height=\"20px\" viewbox=\"0 0 24 24\" fill=\"none\"><path d=\"M6 6H4v2h2V6zm14 0H8v2h12V6zM4 11h2v2H4v-2zm16 0H8v2h12v-2zM4 16h2v2H4v-2zm16 0H8v2h12v-2z\" fill=\"currentColor\"><\/path><\/svg><svg style=\"fill: #999;color:#999\" class=\"arrow-unsorted-368013\" xmlns=\"http:\/\/www.w3.org\/2000\/svg\" width=\"10px\" height=\"10px\" viewbox=\"0 0 24 24\" version=\"1.2\" baseprofile=\"tiny\"><path d=\"M18.2 9.3l-6.2-6.3-6.2 6.3c-.2.2-.3.4-.3.7s.1.5.3.7c.2.2.4.3.7.3h11c.3 0 .5-.1.7-.3.2-.2.3-.5.3-.7s-.1-.5-.3-.7zM5.8 14.7l6.2 6.3 6.2-6.3c.2-.2.3-.5.3-.7s-.1-.5-.3-.7c-.2-.2-.4-.3-.7-.3h-11c-.3 0-.5.1-.7.3-.2.2-.3.5-.3.7s.1.5.3.7z\"\/><\/svg><\/span><\/span><\/span><\/a><\/span><\/div>\n<nav><ul class='ez-toc-list ez-toc-list-level-1' ><li class='ez-toc-page-1 ez-toc-heading-level-2'><a class=\"ez-toc-link ez-toc-heading-1\" href=\"https:\/\/hoodpharma.com\/pt\/produto\/buy-etizolam-germany\/#Etizolam_Kaufen_Deutschland\" >Comprar Etizolam Alemanha<\/a><ul class='ez-toc-list-level-4' ><li class='ez-toc-heading-level-4'><ul class='ez-toc-list-level-4' ><li class='ez-toc-heading-level-4'><a class=\"ez-toc-link ez-toc-heading-2\" href=\"https:\/\/hoodpharma.com\/pt\/produto\/buy-etizolam-germany\/#ETIZOLAM_ONLINE_KAUFEN\" >COMPRAR ETIZOLAM ONLINE<\/a><\/li><li class='ez-toc-page-1 ez-toc-heading-level-4'><a class=\"ez-toc-link ez-toc-heading-3\" href=\"https:\/\/hoodpharma.com\/pt\/produto\/buy-etizolam-germany\/#ETIZOLAM_ZUM_VERKAUF_ONLINE\" >ETIZOLAM FOR SALE ONLINE<\/a><ul class='ez-toc-list-level-5' ><li class='ez-toc-heading-level-5'><a class=\"ez-toc-link ez-toc-heading-4\" href=\"https:\/\/hoodpharma.com\/pt\/produto\/buy-etizolam-germany\/#ZUSATZLICH\" >ADICIONAIS<\/a><\/li><\/ul><\/li><\/ul><\/li><\/ul><\/li><\/ul><\/nav><\/div>\n<h2><span class=\"ez-toc-section\" id=\"Etizolam_Kaufen_Deutschland\"><\/span><span class=\"___SText_4qyg4-ko_\" data-ui-name=\"Link.Text\">Comprar Etizolam Alemanha<\/span><span class=\"ez-toc-section-end\"><\/span><\/h2>\n<p>Da Am\u00e9rica do Norte \u00e0 Am\u00e9rica do Sul, da Europa \u00e0 \u00c1sia, temos etizolam puro e de alta qualidade para venda. <a href=\"https:\/\/rc-chems.org\/de\/home\/67-etizolam-1mg.html\" target=\"_blank\" rel=\"noopener\">Etizolam<\/a> \u00e9 pensado para alcan\u00e7ar resultados antidepressivos, anti-stress e anti-ansiedade, e equil\u00edbrio geral na organiza\u00e7\u00e3o e tamb\u00e9m foi aprovado para uso m\u00e9dico nesta situa\u00e7\u00e3o. Embora o medicamento possa provocar uma melhoria do desejo, este efeito n\u00e3o se verifica em todos os compradores.<\/p>\n<p>Quando as pessoas anunciam a desintegra\u00e7\u00e3o do Etizolam, n\u00e3o deve haver problema em aquec\u00ea-lo para ajudar a quebr\u00e1-lo, e colocar o p\u00f3 numa quantidade percet\u00edvel de l\u00edquido e agit\u00e1-lo vigorosamente deve funcionar incrivelmente ap\u00f3s algum tempo. Um miligrama de etizolam tem um efeito semelhante a dez miligramas de Valium (diazepam). O etizolam n\u00e3o pode ser considerado uma benzodiazepina, uma vez que tem um sistema de subst\u00e2ncias caracterizado por um anel de tiofeno em vez de um anel de benzeno. Etizolam para venda<\/p>\n<p>Uma vez que a maioria dos pa\u00edses do mundo n\u00e3o pro\u00edbe os an\u00e1logos das benzodiazepinas, esta droga \u00e9 legal em quase todos os pa\u00edses do mundo. \u00c9 legal em todo o mundo! Tem propriedades ansiol\u00edticas, sedativas, hipn\u00f3ticas, amn\u00e9sicas e relaxantes, semelhantes \u00e0s do seu composto irm\u00e3o alprazolam e de outras benzodiazepinas. Um estudo usando etizolam descobriu que ele eliminou completamente os devaneios aud\u00edveis em esquizofr\u00eanicos. Etizolam Buy Germany.<\/p>\n<h4><span class=\"ez-toc-section\" id=\"ETIZOLAM_ONLINE_KAUFEN\"><\/span>COMPRAR ETIZOLAM ONLINE<span class=\"ez-toc-section-end\"><\/span><\/h4>\n<p>Das considera\u00e7\u00f5es, o Etizolam \u00e9 percebido artificialmente com benzodiazepinas e capacidades atrav\u00e9s de um recetor GABA de autoridade. O Etizolam em p\u00f3 n\u00e3o \u00e9 normalmente utilizado. O stress e o nervosismo geralmente n\u00e3o s\u00e3o desagrad\u00e1veis, mas h\u00e1 uma variedade de transtornos de ansiedade. Os problemas de nervosismo s\u00e3o um grupo de doen\u00e7as mentais que causam press\u00e3o, tens\u00e3o e ansiedade confusas e surpreendentes. Etizolam Comprar Alemanha.<\/p>\n<p>O etizolam \u00e9 o medicamento para o stress mais perigoso que se pode transformar em p\u00f3. \u00c9 o melhor sistema para convuls\u00f5es e desespero, e come\u00e7a imediatamente a dar-lhe uma sensa\u00e7\u00e3o de calma e serenidade. Tamb\u00e9m pode ser utilizado para tratar ins\u00f3nias e outros dist\u00farbios do sono. Quando se \u00e9 confrontado com uma situa\u00e7\u00e3o dif\u00edcil no trabalho, enfrentando um exame ou tendo que tomar uma decis\u00e3o cr\u00edtica, todos experimentam stress em algum momento, e \u00e9 a\u00ed que os comprimidos de Etizolam podem ajudar. Etizolam para venda<\/p>\n<p>As misturas s\u00e3o uma sele\u00e7\u00e3o de algumas misturas sint\u00e9ticas experimentais mais conhecidas que existem h\u00e1 alguns anos. Como j\u00e1 existem h\u00e1 muito tempo, s\u00e3o frequentemente associadas a RCs da \"velha guarda\". Diz-se tamb\u00e9m que as pessoas usam a droga para fins recreativos porque tem efeitos como a auto-expans\u00e3o interior, camuflagem energ\u00e9tica e um sentido de conten\u00e7\u00e3o. Etizolam Buy Germany.<\/p>\n<h4><span class=\"ez-toc-section\" id=\"ETIZOLAM_ZUM_VERKAUF_ONLINE\"><\/span>ETIZOLAM FOR SALE ONLINE<span class=\"ez-toc-section-end\"><\/span><\/h4>\n<p>As pessoas tamb\u00e9m o utilizaram para actividades de lazer. Este artigo destina-se a programas de medi\u00e7\u00e3o e ensaio. \u00c9 classificado como uma tieno-diazepina e foi especificamente concebido para contornar a legisla\u00e7\u00e3o relativa \u00e0s benzodiazepinas. O etizolam tem o mesmo efeito que o alprazolam. A parte estendida pode causar uma ampla gama de resultados, mas tamb\u00e9m pode ter efeitos colaterais desfavor\u00e1veis que incluem coisas como travessuras extremas ou morte em condi\u00e7\u00f5es reais. Etizolam Comprar Alemanha.<\/p>\n<p>O p\u00f3 de Etizolam, tamb\u00e9m conhecido como Etilaam ou Etizest, \u00e9 uma tienodiazepina simples fabricada e \u00e9 um composto depressor que causa efeitos anti-stress, anti-ansiedade e afrouxamento em massa compar\u00e1veis aos da benzodiazepina. \u00c9 uma subst\u00e2ncia de pesquisa bem conhecida que vem na forma de p\u00edlulas, p\u00f3s ou op\u00e7\u00f5es. Etizolam para venda<\/p>\n<p>O etizolam em p\u00f3 \u00e9 constitu\u00eddo por 99,8% de etizolam puro. Trata-se de um composto v\u00edtreo inodoro, insol\u00favel em \u00e1gua, mas ligeiramente sol\u00favel em etanol. Entretanto, serve como solvente em curas de clorof\u00f3rmio e metanol. Apesar de ainda ser considerado um medicamento de prescri\u00e7\u00e3o, a legalidade do Etizolam nos Estados Unidos n\u00e3o \u00e9 controlada ou restringida, pois deve ser prescrito por um especialista licenciado. Etizolam comprar em Portugal<\/p>\n<h5><span class=\"ez-toc-section\" id=\"ZUSATZLICH\"><\/span>ADICIONAIS<span class=\"ez-toc-section-end\"><\/span><\/h5>\n<p>Recomenda-se frequentemente que a dose de Etizolam em p\u00f3 n\u00e3o seja superior a 1 mg por dose. Funciona acalmando a mente do indiv\u00edduo, actuando no lado benzodiazep\u00ednico dos receptores GABA do c\u00e9rebro. O etizolam foi comparado com o alprazolam e o bromazepam no tratamento da perturba\u00e7\u00e3o de ansiedade generalizada. Etizolam para venda<\/p>\n<p>O Etizolam superou os dois outros medicamentos recomendados pelos m\u00e9dicos no estudo preliminar em termos de efeito estimulante. Quando a comunidade azul \u00e9 dissolvida em l\u00edquidos transparentes, a sua cor torna-se azul. No entanto, a cor azul pode tornar-se esbatida quando tomada em l\u00edquidos de cor mais escura. A cor azul n\u00e3o estar\u00e1 dispon\u00edvel nas variantes n\u00e3o exclusivas do Rohypnol. Etizolam Buy Germany.<\/p>\n<p>Refere-se geralmente ao comprimento total contribu\u00eddo pela a\u00e7\u00e3o da subst\u00e2ncia, bem como \u00e0 quantidade total queimada num determinado per\u00edodo de tempo. Pensa-se que este medicamento \u00e9 geralmente utilizado para aliviar o stress e exercitar a mem\u00f3ria. As pessoas costumam usar o medicamento para fins de relaxamento, pois ele pode causar efeitos colaterais, como incha\u00e7o da consci\u00eancia. Para mais informa\u00e7\u00f5es<a href=\"https:\/\/hoodpharma.com\/pt\/contacto\/\"> contactar-nos<\/a> por favor.<\/p>","protected":false},"excerpt":{"rendered":"<p>Etizolam Kaufen Deutschland Von Nord- bis S\u00fcdamerika, Europa bis Asien, haben wir wirklich hochwertige, reine Etizolam zum Verkauf. Etizolam ist<\/p>","protected":false},"featured_media":1896,"comment_status":"open","ping_status":"closed","template":"","meta":[],"product_brand":[],"product_cat":[296],"product_tag":[],"class_list":{"0":"post-1703","1":"product","2":"type-product","3":"status-publish","4":"has-post-thumbnail","6":"product_cat-benzodiazepine-kaufen","8":"first","9":"instock","10":"taxable","11":"shipping-taxable","12":"purchasable","13":"product-type-variable"},"_links":{"self":[{"href":"https:\/\/hoodpharma.com\/pt\/wp-json\/wp\/v2\/product\/1703","targetHints":{"allow":["GET"]}}],"collection":[{"href":"https:\/\/hoodpharma.com\/pt\/wp-json\/wp\/v2\/product"}],"about":[{"href":"https:\/\/hoodpharma.com\/pt\/wp-json\/wp\/v2\/types\/product"}],"replies":[{"embeddable":true,"href":"https:\/\/hoodpharma.com\/pt\/wp-json\/wp\/v2\/comments?post=1703"}],"version-history":[{"count":1,"href":"https:\/\/hoodpharma.com\/pt\/wp-json\/wp\/v2\/product\/1703\/revisions"}],"predecessor-version":[{"id":2543,"href":"https:\/\/hoodpharma.com\/pt\/wp-json\/wp\/v2\/product\/1703\/revisions\/2543"}],"wp:featuredmedia":[{"embeddable":true,"href":"https:\/\/hoodpharma.com\/pt\/wp-json\/wp\/v2\/media\/1896"}],"wp:attachment":[{"href":"https:\/\/hoodpharma.com\/pt\/wp-json\/wp\/v2\/media?parent=1703"}],"wp:term":[{"taxonomy":"product_brand","embeddable":true,"href":"https:\/\/hoodpharma.com\/pt\/wp-json\/wp\/v2\/product_brand?post=1703"},{"taxonomy":"product_cat","embeddable":true,"href":"https:\/\/hoodpharma.com\/pt\/wp-json\/wp\/v2\/product_cat?post=1703"},{"taxonomy":"product_tag","embeddable":true,"href":"https:\/\/hoodpharma.com\/pt\/wp-json\/wp\/v2\/product_tag?post=1703"}],"curies":[{"name":"wp","href":"https:\/\/api.w.org\/{rel}","templated":true}]}}