{"id":2237,"date":"2024-09-19T03:52:21","date_gmt":"2024-09-19T01:52:21","guid":{"rendered":"https:\/\/hoodpharma.com\/?post_type=product&#038;p=2237"},"modified":"2024-09-29T20:45:54","modified_gmt":"2024-09-29T18:45:54","slug":"alprazolam-kaufen","status":"publish","type":"product","link":"https:\/\/hoodpharma.com\/pt\/produto\/comprar-alprazolam\/","title":{"rendered":"Alprazolam"},"content":{"rendered":"<div id=\"ez-toc-container\" class=\"ez-toc-v2_0_80 counter-hierarchy ez-toc-counter ez-toc-grey ez-toc-container-direction\">\n<div class=\"ez-toc-title-container\">\n<p class=\"ez-toc-title\" style=\"cursor:inherit\">\u00cdndice<\/p>\n<span class=\"ez-toc-title-toggle\"><a href=\"#\" class=\"ez-toc-pull-right ez-toc-btn ez-toc-btn-xs ez-toc-btn-default ez-toc-toggle\" aria-label=\"Alternar o \u00edndice\"><span class=\"ez-toc-js-icon-con\"><span class=\"\"><span class=\"eztoc-hide\" style=\"display:none;\">Alternar<\/span><span class=\"ez-toc-icon-toggle-span\"><svg style=\"fill: #999;color:#999\" xmlns=\"http:\/\/www.w3.org\/2000\/svg\" class=\"list-377408\" width=\"20px\" height=\"20px\" viewbox=\"0 0 24 24\" fill=\"none\"><path d=\"M6 6H4v2h2V6zm14 0H8v2h12V6zM4 11h2v2H4v-2zm16 0H8v2h12v-2zM4 16h2v2H4v-2zm16 0H8v2h12v-2z\" fill=\"currentColor\"><\/path><\/svg><svg style=\"fill: #999;color:#999\" class=\"arrow-unsorted-368013\" xmlns=\"http:\/\/www.w3.org\/2000\/svg\" width=\"10px\" height=\"10px\" viewbox=\"0 0 24 24\" version=\"1.2\" baseprofile=\"tiny\"><path d=\"M18.2 9.3l-6.2-6.3-6.2 6.3c-.2.2-.3.4-.3.7s.1.5.3.7c.2.2.4.3.7.3h11c.3 0 .5-.1.7-.3.2-.2.3-.5.3-.7s-.1-.5-.3-.7zM5.8 14.7l6.2 6.3 6.2-6.3c.2-.2.3-.5.3-.7s-.1-.5-.3-.7c-.2-.2-.4-.3-.7-.3h-11c-.3 0-.5.1-.7.3-.2.2-.3.5-.3.7s.1.5.3.7z\"\/><\/svg><\/span><\/span><\/span><\/a><\/span><\/div>\n<nav><ul class='ez-toc-list ez-toc-list-level-1' ><li class='ez-toc-page-1 ez-toc-heading-level-2'><a class=\"ez-toc-link ez-toc-heading-1\" href=\"https:\/\/hoodpharma.com\/pt\/produto\/comprar-alprazolam\/#Alprazolam_kaufen_%E2%80%93_Xanax_Kaufen\" >Comprar Alprazolam - Comprar Xanax<\/a><ul class='ez-toc-list-level-3' ><li class='ez-toc-heading-level-3'><a class=\"ez-toc-link ez-toc-heading-2\" href=\"https:\/\/hoodpharma.com\/pt\/produto\/comprar-alprazolam\/#Was_ist_Alprazolam_und_wie_wirkt_es\" >O que \u00e9 o alprazolam e como actua?<\/a><\/li><li class='ez-toc-page-1 ez-toc-heading-level-3'><a class=\"ez-toc-link ez-toc-heading-3\" href=\"https:\/\/hoodpharma.com\/pt\/produto\/comprar-alprazolam\/#Alprazolam_kaufen_%E2%80%93_Ist_es_sicher\" >Comprar Alprazolam - \u00c9 seguro?<\/a><\/li><li class='ez-toc-page-1 ez-toc-heading-level-3'><a class=\"ez-toc-link ez-toc-heading-4\" href=\"https:\/\/hoodpharma.com\/pt\/produto\/comprar-alprazolam\/#Warum_solltest_du_Alprazolam_nur_mit_Vorsicht_verwenden\" >Por que raz\u00e3o se deve utilizar o alprazolam com precau\u00e7\u00e3o?<\/a><\/li><li class='ez-toc-page-1 ez-toc-heading-level-3'><a class=\"ez-toc-link ez-toc-heading-5\" href=\"https:\/\/hoodpharma.com\/pt\/produto\/comprar-alprazolam\/#Wie_kannst_du_Alprazolam_kaufen\" >Como se pode comprar Alprazolam?<\/a><\/li><li class='ez-toc-page-1 ez-toc-heading-level-3'><a class=\"ez-toc-link ez-toc-heading-6\" href=\"https:\/\/hoodpharma.com\/pt\/produto\/comprar-alprazolam\/#FAQs\" >Perguntas frequentes<\/a><\/li><li class='ez-toc-page-1 ez-toc-heading-level-3'><a class=\"ez-toc-link ez-toc-heading-7\" href=\"https:\/\/hoodpharma.com\/pt\/produto\/comprar-alprazolam\/#Fazit_Alprazolam_kaufen_%E2%80%93_Das_musst_du_wissen\" >Conclus\u00e3o: Comprar Alprazolam - O que precisa de saber<\/a><\/li><\/ul><\/li><\/ul><\/nav><\/div>\n<h2><span class=\"ez-toc-section\" id=\"Alprazolam_kaufen_%E2%80%93_Xanax_Kaufen\"><\/span><strong>Comprar Alprazolam - Comprar Xanax<\/strong><span class=\"ez-toc-section-end\"><\/span><\/h2>\n<p>Gostaria de <strong>Comprar Alprazolam<\/strong>para aliviar a sua ansiedade ou problemas de sono? Neste artigo, aprender\u00e1 tudo o que precisa de saber sobre a compra de Alprazolam.<\/p>\n<h3><span class=\"ez-toc-section\" id=\"Was_ist_Alprazolam_und_wie_wirkt_es\"><\/span>O que \u00e9 o alprazolam e como actua?<span class=\"ez-toc-section-end\"><\/span><\/h3>\n<p>Antes de <strong>Comprar Alprazolam<\/strong>\u00e9 importante compreender o seu efeito. O alprazolam \u00e9 um poderoso tranquilizante utilizado para tratar a ansiedade e as perturba\u00e7\u00f5es de p\u00e2nico. Funciona rapidamente e pode ajudar a relaxar quando o stress se torna avassalador.<\/p>\n<h3><span class=\"ez-toc-section\" id=\"Alprazolam_kaufen_%E2%80%93_Ist_es_sicher\"><\/span>Comprar Alprazolam - \u00c9 seguro?<span class=\"ez-toc-section-end\"><\/span><\/h3>\n<p>Muitas pessoas perguntam-se: <strong>Posso comprar Alprazolam com seguran\u00e7a<\/strong>? Ao comprar medicamentos em linha, \u00e9 fundamental escolher uma farm\u00e1cia de confian\u00e7a. Desta forma, garante-se que se recebe um produto genu\u00edno e evitam-se riscos para a sa\u00fade.<\/p>\n<h3><span class=\"ez-toc-section\" id=\"Warum_solltest_du_Alprazolam_nur_mit_Vorsicht_verwenden\"><\/span>Por que raz\u00e3o se deve utilizar o alprazolam com precau\u00e7\u00e3o?<span class=\"ez-toc-section-end\"><\/span><\/h3>\n<ul>\n<li><strong>Perigo de depend\u00eancia:<\/strong> O alprazolam pode causar depend\u00eancia se for tomado durante um longo per\u00edodo de tempo.<\/li>\n<li><strong>Efeitos secund\u00e1rios:<\/strong> Sonol\u00eancia, tonturas e problemas de mem\u00f3ria s\u00e3o efeitos secund\u00e1rios comuns.<\/li>\n<li><strong>Intera\u00e7\u00f5es:<\/strong> Se estiver a tomar outros medicamentos, informe o seu m\u00e9dico antes de <strong>Comprar Alprazolam<\/strong>.<\/li>\n<\/ul>\n<h3><span class=\"ez-toc-section\" id=\"Wie_kannst_du_Alprazolam_kaufen\"><\/span>Como se pode comprar Alprazolam?<span class=\"ez-toc-section-end\"><\/span><\/h3>\n<p>Quando se decide, <strong>Alprazolam para comprar<\/strong>deve certificar-se de que est\u00e1 a encomendar a partir de uma fonte segura e legal. As farm\u00e1cias online com boa reputa\u00e7\u00e3o oferecem frequentemente entregas discretas e t\u00eam cr\u00edticas positivas dos clientes.<\/p>\n<h3><span class=\"ez-toc-section\" id=\"FAQs\"><\/span>Perguntas frequentes<span class=\"ez-toc-section-end\"><\/span><\/h3>\n<p><strong>Posso comprar Alprazolam sem receita m\u00e9dica?<\/strong><br \/>\nO alprazolam s\u00f3 est\u00e1 dispon\u00edvel mediante receita m\u00e9dica em muitos pa\u00edses. N\u00e3o se recomenda a compra de medicamentos sem aconselhamento m\u00e9dico.<\/p>\n<p><strong>Quanto tempo dura o alprazolam?<\/strong><br \/>\nO alprazolam faz efeito normalmente dentro de 1-2 horas e o efeito pode durar at\u00e9 6 horas.<\/p>\n<p><strong>Que alternativas existem ao alprazolam?<\/strong><br \/>\nOutros tranquilizantes, como o diazepam ou o lorazepam, podem ser uma op\u00e7\u00e3o para si. Um m\u00e9dico pode ajud\u00e1-lo neste caso.<\/p>\n<h3><span class=\"ez-toc-section\" id=\"Fazit_Alprazolam_kaufen_%E2%80%93_Das_musst_du_wissen\"><\/span>Conclus\u00e3o: Comprar Alprazolam - O que precisa de saber<span class=\"ez-toc-section-end\"><\/span><\/h3>\n<p>Se est\u00e1 a planear, <strong>Alprazolam para comprar<\/strong>Certifique-se de que o faz atrav\u00e9s de uma fonte respeit\u00e1vel. Tenha sempre em conta os poss\u00edveis efeitos secund\u00e1rios e riscos e consulte um m\u00e9dico para se certificar de que este medicamento \u00e9 adequado para si.<\/p>\n<p>Lembre-se: as decis\u00f5es com confian\u00e7a fazem toda a diferen\u00e7a quando <strong>Comprar Alprazolam<\/strong>!<\/p>","protected":false},"excerpt":{"rendered":"<p>Alprazolam kaufen \u2013 Xanax Kaufen M\u00f6chtest du Alprazolam kaufen, um deine Angstzust\u00e4nde oder Schlafprobleme zu lindern? In diesem Artikel erf\u00e4hrst<\/p>","protected":false},"featured_media":2256,"comment_status":"open","ping_status":"closed","template":"","meta":[],"product_brand":[],"product_cat":[296],"product_tag":[],"class_list":{"0":"post-2237","1":"product","2":"type-product","3":"status-publish","4":"has-post-thumbnail","6":"product_cat-benzodiazepine-kaufen","8":"first","9":"instock","10":"taxable","11":"shipping-taxable","12":"purchasable","13":"product-type-variable"},"_links":{"self":[{"href":"https:\/\/hoodpharma.com\/pt\/wp-json\/wp\/v2\/product\/2237","targetHints":{"allow":["GET"]}}],"collection":[{"href":"https:\/\/hoodpharma.com\/pt\/wp-json\/wp\/v2\/product"}],"about":[{"href":"https:\/\/hoodpharma.com\/pt\/wp-json\/wp\/v2\/types\/product"}],"replies":[{"embeddable":true,"href":"https:\/\/hoodpharma.com\/pt\/wp-json\/wp\/v2\/comments?post=2237"}],"version-history":[{"count":1,"href":"https:\/\/hoodpharma.com\/pt\/wp-json\/wp\/v2\/product\/2237\/revisions"}],"predecessor-version":[{"id":2550,"href":"https:\/\/hoodpharma.com\/pt\/wp-json\/wp\/v2\/product\/2237\/revisions\/2550"}],"wp:featuredmedia":[{"embeddable":true,"href":"https:\/\/hoodpharma.com\/pt\/wp-json\/wp\/v2\/media\/2256"}],"wp:attachment":[{"href":"https:\/\/hoodpharma.com\/pt\/wp-json\/wp\/v2\/media?parent=2237"}],"wp:term":[{"taxonomy":"product_brand","embeddable":true,"href":"https:\/\/hoodpharma.com\/pt\/wp-json\/wp\/v2\/product_brand?post=2237"},{"taxonomy":"product_cat","embeddable":true,"href":"https:\/\/hoodpharma.com\/pt\/wp-json\/wp\/v2\/product_cat?post=2237"},{"taxonomy":"product_tag","embeddable":true,"href":"https:\/\/hoodpharma.com\/pt\/wp-json\/wp\/v2\/product_tag?post=2237"}],"curies":[{"name":"wp","href":"https:\/\/api.w.org\/{rel}","templated":true}]}}