{"id":2334,"date":"2024-09-22T23:40:31","date_gmt":"2024-09-22T21:40:31","guid":{"rendered":"https:\/\/hoodpharma.com\/?post_type=product&#038;p=2334"},"modified":"2024-09-29T20:46:39","modified_gmt":"2024-09-29T18:46:39","slug":"hydrocodon","status":"publish","type":"product","link":"https:\/\/hoodpharma.com\/pt\/produto\/hidrocodona\/","title":{"rendered":"Hidrocodona"},"content":{"rendered":"<div id=\"ez-toc-container\" class=\"ez-toc-v2_0_80 counter-hierarchy ez-toc-counter ez-toc-grey ez-toc-container-direction\">\n<div class=\"ez-toc-title-container\">\n<p class=\"ez-toc-title\" style=\"cursor:inherit\">\u00cdndice<\/p>\n<span class=\"ez-toc-title-toggle\"><a href=\"#\" class=\"ez-toc-pull-right ez-toc-btn ez-toc-btn-xs ez-toc-btn-default ez-toc-toggle\" aria-label=\"Alternar o \u00edndice\"><span class=\"ez-toc-js-icon-con\"><span class=\"\"><span class=\"eztoc-hide\" style=\"display:none;\">Alternar<\/span><span class=\"ez-toc-icon-toggle-span\"><svg style=\"fill: #999;color:#999\" xmlns=\"http:\/\/www.w3.org\/2000\/svg\" class=\"list-377408\" width=\"20px\" height=\"20px\" viewbox=\"0 0 24 24\" fill=\"none\"><path d=\"M6 6H4v2h2V6zm14 0H8v2h12V6zM4 11h2v2H4v-2zm16 0H8v2h12v-2zM4 16h2v2H4v-2zm16 0H8v2h12v-2z\" fill=\"currentColor\"><\/path><\/svg><svg style=\"fill: #999;color:#999\" class=\"arrow-unsorted-368013\" xmlns=\"http:\/\/www.w3.org\/2000\/svg\" width=\"10px\" height=\"10px\" viewbox=\"0 0 24 24\" version=\"1.2\" baseprofile=\"tiny\"><path d=\"M18.2 9.3l-6.2-6.3-6.2 6.3c-.2.2-.3.4-.3.7s.1.5.3.7c.2.2.4.3.7.3h11c.3 0 .5-.1.7-.3.2-.2.3-.5.3-.7s-.1-.5-.3-.7zM5.8 14.7l6.2 6.3 6.2-6.3c.2-.2.3-.5.3-.7s-.1-.5-.3-.7c-.2-.2-.4-.3-.7-.3h-11c-.3 0-.5.1-.7.3-.2.2-.3.5-.3.7s.1.5.3.7z\"\/><\/svg><\/span><\/span><\/span><\/a><\/span><\/div>\n<nav><ul class='ez-toc-list ez-toc-list-level-1' ><li class='ez-toc-page-1 ez-toc-heading-level-2'><a class=\"ez-toc-link ez-toc-heading-1\" href=\"https:\/\/hoodpharma.com\/pt\/produto\/hidrocodona\/#Hydrocodon_kaufen_Was_du_wissen_musst\" >Comprar hidrocodona: O que precisa de saber<\/a><ul class='ez-toc-list-level-3' ><li class='ez-toc-heading-level-3'><a class=\"ez-toc-link ez-toc-heading-2\" href=\"https:\/\/hoodpharma.com\/pt\/produto\/hidrocodona\/#Warum_Hydrocodon_kaufen\" >Porqu\u00ea comprar Hydrocodone?<\/a><\/li><li class='ez-toc-page-1 ez-toc-heading-level-3'><a class=\"ez-toc-link ez-toc-heading-3\" href=\"https:\/\/hoodpharma.com\/pt\/produto\/hidrocodona\/#Hydrocodon_kaufen_Was_du_beachten_solltest\" >Comprar hidrocodona: O que deve ter em conta<\/a><\/li><li class='ez-toc-page-1 ez-toc-heading-level-3'><a class=\"ez-toc-link ez-toc-heading-4\" href=\"https:\/\/hoodpharma.com\/pt\/produto\/hidrocodona\/#Wo_kannst_du_Hydrocodon_kaufen\" >Onde se pode comprar hidrocodona?<\/a><\/li><li class='ez-toc-page-1 ez-toc-heading-level-3'><a class=\"ez-toc-link ez-toc-heading-5\" href=\"https:\/\/hoodpharma.com\/pt\/produto\/hidrocodona\/#FAQs_Hydrocodon_kaufen\" >FAQs: Comprar hidrocodona<\/a><\/li><li class='ez-toc-page-1 ez-toc-heading-level-3'><a class=\"ez-toc-link ez-toc-heading-6\" href=\"https:\/\/hoodpharma.com\/pt\/produto\/hidrocodona\/#Hydrocodon_kaufen_Fazit\" >Comprar Hydrocodone: Conclus\u00e3o<\/a><\/li><\/ul><\/li><\/ul><\/nav><\/div>\n<h2><span class=\"ez-toc-section\" id=\"Hydrocodon_kaufen_Was_du_wissen_musst\"><\/span>Comprar hidrocodona: O que precisa de saber<span class=\"ez-toc-section-end\"><\/span><\/h2>\n<p>Est\u00e1 a pensar comprar hidrocodona? N\u00e3o \u00e9 o \u00fanico. Muitas pessoas procuram informa\u00e7\u00f5es fi\u00e1veis sobre este poderoso analg\u00e9sico, quer seja para dores cr\u00f3nicas ou ap\u00f3s uma cirurgia. Mas antes de comprar hidrocodona, h\u00e1 alguns aspectos importantes que deve ter em conta.<\/p>\n<h3><span class=\"ez-toc-section\" id=\"Warum_Hydrocodon_kaufen\"><\/span>Porqu\u00ea comprar Hydrocodone?<span class=\"ez-toc-section-end\"><\/span><\/h3>\n<p>A hidrocodona \u00e9 um analg\u00e9sico eficaz que \u00e9 utilizado para dores moderadas a graves. Ajuda as pessoas que lutam contra a dor a melhorar a sua qualidade de vida. <strong>Se quiser comprar Hydrocodone<\/strong>No entanto, deve ter em aten\u00e7\u00e3o que s\u00f3 est\u00e1 dispon\u00edvel mediante receita m\u00e9dica e s\u00f3 pode ser tomado sob supervis\u00e3o m\u00e9dica.<\/p>\n<h3><span class=\"ez-toc-section\" id=\"Hydrocodon_kaufen_Was_du_beachten_solltest\"><\/span>Comprar hidrocodona: O que deve ter em conta<span class=\"ez-toc-section-end\"><\/span><\/h3>\n<p>Antes de comprar hidrocodona, h\u00e1 alguns aspectos que deve ter em conta:<\/p>\n<ul>\n<li><strong>Apenas mediante receita m\u00e9dica:<\/strong> A hidrocodona est\u00e1 dispon\u00edvel mediante receita m\u00e9dica na maioria dos pa\u00edses. \u00c9 importante falar com o seu m\u00e9dico sobre as suas dores e certificar-se de que este medicamento \u00e9 adequado para si.<\/li>\n<li><strong>Efeitos secund\u00e1rios:<\/strong> Como qualquer medicamento, a hidrocodona pode ter efeitos secund\u00e1rios. Estes incluem sonol\u00eancia, obstipa\u00e7\u00e3o e, nalguns casos, at\u00e9 depend\u00eancia. <strong>Comprar apenas Hydrocodone<\/strong>se o utilizar de forma segura e sob controlo m\u00e9dico.<\/li>\n<li><strong>Fontes id\u00f3neas:<\/strong> Nunca compre hidrocodona a fornecedores online duvidosos. Certifique-se de que s\u00f3 a compra em farm\u00e1cias autorizadas para garantir que est\u00e1 a receber um produto genu\u00edno e seguro.<\/li>\n<\/ul>\n<h3><span class=\"ez-toc-section\" id=\"Wo_kannst_du_Hydrocodon_kaufen\"><\/span>Onde se pode comprar hidrocodona?<span class=\"ez-toc-section-end\"><\/span><\/h3>\n<p>A hidrocodona est\u00e1 dispon\u00edvel nas farm\u00e1cias, mas \u00e9 necess\u00e1ria uma receita m\u00e9dica. Existem tamb\u00e9m farm\u00e1cias online de renome onde pode <strong>Comprar hidrocodona<\/strong> desde que apresente a sua receita m\u00e9dica. Certifique-se de que a farm\u00e1cia \u00e9 fi\u00e1vel e licenciada.<\/p>\n<h3><span class=\"ez-toc-section\" id=\"FAQs_Hydrocodon_kaufen\"><\/span>FAQs: Comprar hidrocodona<span class=\"ez-toc-section-end\"><\/span><\/h3>\n<p><strong>1. Posso comprar hidrocodona sem receita m\u00e9dica?<\/strong><br \/>\nN\u00e3o, a hidrocodona s\u00f3 est\u00e1 dispon\u00edvel mediante receita m\u00e9dica. A compra sem receita m\u00e9dica \u00e9 ilegal e pode causar problemas de sa\u00fade e legais.<\/p>\n<p><strong>2. a hidrocodona \u00e9 segura?<\/strong><br \/>\nA hidrocodona \u00e9 segura quando tomada conforme prescrito. No entanto, deve ter-se em aten\u00e7\u00e3o os poss\u00edveis efeitos secund\u00e1rios e evitar a utiliza\u00e7\u00e3o prolongada sem supervis\u00e3o m\u00e9dica.<\/p>\n<p><strong>3. posso comprar hidrocodona online?<\/strong><br \/>\nSim, \u00e9 poss\u00edvel comprar hidrocodona online, mas apenas em farm\u00e1cias online licenciadas e com uma receita m\u00e9dica v\u00e1lida.<\/p>\n<h3><span class=\"ez-toc-section\" id=\"Hydrocodon_kaufen_Fazit\"><\/span>Comprar Hydrocodone: Conclus\u00e3o<span class=\"ez-toc-section-end\"><\/span><\/h3>\n<p>Se quiser comprar hidrocodona, certifique-se sempre de que o faz de forma legal e segura. Obtenha previamente uma receita m\u00e9dica e compre-a apenas em farm\u00e1cias de confian\u00e7a. A hidrocodona pode ser muito eficaz quando utilizada corretamente - mas a sua sa\u00fade est\u00e1 sempre em primeiro lugar.<\/p>","protected":false},"excerpt":{"rendered":"<p>Comprar Hydrocodone online com seguran\u00e7a e sem receita m\u00e9dica. A Medschemicalsuppliers \u00e9 uma fonte de confian\u00e7a para o controlo eficaz da dor.<\/p>","protected":false},"featured_media":2363,"comment_status":"open","ping_status":"closed","template":"","meta":[],"product_brand":[],"product_cat":[294],"product_tag":[],"class_list":{"0":"post-2334","1":"product","2":"type-product","3":"status-publish","4":"has-post-thumbnail","6":"product_cat-opioide-kaufen","8":"first","9":"instock","10":"taxable","11":"shipping-taxable","12":"purchasable","13":"product-type-variable"},"_links":{"self":[{"href":"https:\/\/hoodpharma.com\/pt\/wp-json\/wp\/v2\/product\/2334","targetHints":{"allow":["GET"]}}],"collection":[{"href":"https:\/\/hoodpharma.com\/pt\/wp-json\/wp\/v2\/product"}],"about":[{"href":"https:\/\/hoodpharma.com\/pt\/wp-json\/wp\/v2\/types\/product"}],"replies":[{"embeddable":true,"href":"https:\/\/hoodpharma.com\/pt\/wp-json\/wp\/v2\/comments?post=2334"}],"version-history":[{"count":1,"href":"https:\/\/hoodpharma.com\/pt\/wp-json\/wp\/v2\/product\/2334\/revisions"}],"predecessor-version":[{"id":2555,"href":"https:\/\/hoodpharma.com\/pt\/wp-json\/wp\/v2\/product\/2334\/revisions\/2555"}],"wp:featuredmedia":[{"embeddable":true,"href":"https:\/\/hoodpharma.com\/pt\/wp-json\/wp\/v2\/media\/2363"}],"wp:attachment":[{"href":"https:\/\/hoodpharma.com\/pt\/wp-json\/wp\/v2\/media?parent=2334"}],"wp:term":[{"taxonomy":"product_brand","embeddable":true,"href":"https:\/\/hoodpharma.com\/pt\/wp-json\/wp\/v2\/product_brand?post=2334"},{"taxonomy":"product_cat","embeddable":true,"href":"https:\/\/hoodpharma.com\/pt\/wp-json\/wp\/v2\/product_cat?post=2334"},{"taxonomy":"product_tag","embeddable":true,"href":"https:\/\/hoodpharma.com\/pt\/wp-json\/wp\/v2\/product_tag?post=2334"}],"curies":[{"name":"wp","href":"https:\/\/api.w.org\/{rel}","templated":true}]}}