{"id":2386,"date":"2024-09-23T03:18:43","date_gmt":"2024-09-23T01:18:43","guid":{"rendered":"https:\/\/hoodpharma.com\/?post_type=product&#038;p=2386"},"modified":"2024-09-29T20:49:17","modified_gmt":"2024-09-29T18:49:17","slug":"fentanyl-kaufen","status":"publish","type":"product","link":"https:\/\/hoodpharma.com\/pt\/produto\/comprar-fentanil\/","title":{"rendered":"Fentanil"},"content":{"rendered":"<div id=\"ez-toc-container\" class=\"ez-toc-v2_0_80 counter-hierarchy ez-toc-counter ez-toc-grey ez-toc-container-direction\">\n<div class=\"ez-toc-title-container\">\n<p class=\"ez-toc-title\" style=\"cursor:inherit\">\u00cdndice<\/p>\n<span class=\"ez-toc-title-toggle\"><a href=\"#\" class=\"ez-toc-pull-right ez-toc-btn ez-toc-btn-xs ez-toc-btn-default ez-toc-toggle\" aria-label=\"Alternar o \u00edndice\"><span class=\"ez-toc-js-icon-con\"><span class=\"\"><span class=\"eztoc-hide\" style=\"display:none;\">Alternar<\/span><span class=\"ez-toc-icon-toggle-span\"><svg style=\"fill: #999;color:#999\" xmlns=\"http:\/\/www.w3.org\/2000\/svg\" class=\"list-377408\" width=\"20px\" height=\"20px\" viewbox=\"0 0 24 24\" fill=\"none\"><path d=\"M6 6H4v2h2V6zm14 0H8v2h12V6zM4 11h2v2H4v-2zm16 0H8v2h12v-2zM4 16h2v2H4v-2zm16 0H8v2h12v-2z\" fill=\"currentColor\"><\/path><\/svg><svg style=\"fill: #999;color:#999\" class=\"arrow-unsorted-368013\" xmlns=\"http:\/\/www.w3.org\/2000\/svg\" width=\"10px\" height=\"10px\" viewbox=\"0 0 24 24\" version=\"1.2\" baseprofile=\"tiny\"><path d=\"M18.2 9.3l-6.2-6.3-6.2 6.3c-.2.2-.3.4-.3.7s.1.5.3.7c.2.2.4.3.7.3h11c.3 0 .5-.1.7-.3.2-.2.3-.5.3-.7s-.1-.5-.3-.7zM5.8 14.7l6.2 6.3 6.2-6.3c.2-.2.3-.5.3-.7s-.1-.5-.3-.7c-.2-.2-.4-.3-.7-.3h-11c-.3 0-.5.1-.7.3-.2.2-.3.5-.3.7s.1.5.3.7z\"\/><\/svg><\/span><\/span><\/span><\/a><\/span><\/div>\n<nav><ul class='ez-toc-list ez-toc-list-level-1' ><li class='ez-toc-page-1 ez-toc-heading-level-2'><a class=\"ez-toc-link ez-toc-heading-1\" href=\"https:\/\/hoodpharma.com\/pt\/produto\/comprar-fentanil\/#Fentanyl_kaufen_Was_du_wissen_musst\" >Comprar fentanil: O que precisa de saber<\/a><ul class='ez-toc-list-level-3' ><li class='ez-toc-heading-level-3'><a class=\"ez-toc-link ez-toc-heading-2\" href=\"https:\/\/hoodpharma.com\/pt\/produto\/comprar-fentanil\/#Warum_solltest_du_Fentanyl_kaufen\" >Por que raz\u00e3o se deve comprar Fentanyl?<\/a><\/li><li class='ez-toc-page-1 ez-toc-heading-level-3'><a class=\"ez-toc-link ez-toc-heading-3\" href=\"https:\/\/hoodpharma.com\/pt\/produto\/comprar-fentanil\/#Fentanyl_kaufen_Worauf_du_achten_solltest\" >Comprar fentanil: O que deve ter em aten\u00e7\u00e3o<\/a><\/li><li class='ez-toc-page-1 ez-toc-heading-level-3'><a class=\"ez-toc-link ez-toc-heading-4\" href=\"https:\/\/hoodpharma.com\/pt\/produto\/comprar-fentanil\/#Wo_kannst_du_Fentanyl_kaufen\" >Onde se pode comprar Fentanyl?<\/a><\/li><li class='ez-toc-page-1 ez-toc-heading-level-3'><a class=\"ez-toc-link ez-toc-heading-5\" href=\"https:\/\/hoodpharma.com\/pt\/produto\/comprar-fentanil\/#FAQs_Fentanyl_kaufen\" >FAQs: Comprar fentanil<\/a><\/li><li class='ez-toc-page-1 ez-toc-heading-level-3'><a class=\"ez-toc-link ez-toc-heading-6\" href=\"https:\/\/hoodpharma.com\/pt\/produto\/comprar-fentanil\/#Fentanyl_kaufen_Fazit\" >Comprar Fentanyl: Conclus\u00e3o<\/a><\/li><\/ul><\/li><\/ul><\/nav><\/div>\n<h2><span class=\"ez-toc-section\" id=\"Fentanyl_kaufen_Was_du_wissen_musst\"><\/span>Comprar fentanil: O que precisa de saber<span class=\"ez-toc-section-end\"><\/span><\/h2>\n<p>Est\u00e1 a pensar em comprar fentanil? \u00c9 compreens\u00edvel, porque muitas pessoas t\u00eam d\u00favidas sobre este poderoso analg\u00e9sico. Pode ser uma solu\u00e7\u00e3o para a dor aguda ou cr\u00f3nica, mas h\u00e1 alguns aspectos a ter em conta. Vamos analisar os pontos mais importantes.<\/p>\n<h3><span class=\"ez-toc-section\" id=\"Warum_solltest_du_Fentanyl_kaufen\"><\/span>Por que raz\u00e3o se deve comprar Fentanyl?<span class=\"ez-toc-section-end\"><\/span><\/h3>\n<p>O fentanil \u00e9 um analg\u00e9sico extremamente forte que \u00e9 frequentemente utilizado para dores fortes, especialmente ap\u00f3s opera\u00e7\u00f5es ou para determinadas doen\u00e7as. <strong>Se quiser comprar Fentanyl<\/strong>\u00e9 importante utilizar o medicamento de forma respons\u00e1vel e sob controlo m\u00e9dico. Funciona de forma r\u00e1pida e eficaz, mas tamb\u00e9m \u00e9 arriscado se n\u00e3o for utilizado corretamente.<\/p>\n<h3><span class=\"ez-toc-section\" id=\"Fentanyl_kaufen_Worauf_du_achten_solltest\"><\/span>Comprar fentanil: O que deve ter em aten\u00e7\u00e3o<span class=\"ez-toc-section-end\"><\/span><\/h3>\n<p>Antes de comprar Fentanyl, h\u00e1 alguns aspectos importantes a considerar:<\/p>\n<ul>\n<li><strong>Apenas mediante receita m\u00e9dica:<\/strong> O fentanil s\u00f3 est\u00e1 dispon\u00edvel mediante receita m\u00e9dica na maioria dos pa\u00edses. Por conseguinte, \u00e9 necess\u00e1ria uma receita m\u00e9dica para o obter legalmente.<\/li>\n<li><strong>Efeitos secund\u00e1rios:<\/strong> O fentanil pode ter efeitos secund\u00e1rios graves, como sonol\u00eancia, n\u00e1useas ou problemas respirat\u00f3rios. Informe-se com bastante anteced\u00eancia e fale com o seu m\u00e9dico sobre os poss\u00edveis riscos.<\/li>\n<li><strong>Fontes de abastecimento fi\u00e1veis:<\/strong> Nunca compre fentanil a fornecedores online pouco fi\u00e1veis. Certifique-se de que o compra apenas em farm\u00e1cias autorizadas para garantir a sua seguran\u00e7a.<\/li>\n<\/ul>\n<h3><span class=\"ez-toc-section\" id=\"Wo_kannst_du_Fentanyl_kaufen\"><\/span>Onde se pode comprar Fentanyl?<span class=\"ez-toc-section-end\"><\/span><\/h3>\n<p>O fentanil est\u00e1 dispon\u00edvel nas farm\u00e1cias, mas \u00e9 necess\u00e1ria uma receita m\u00e9dica. Tamb\u00e9m o pode encomendar em farm\u00e1cias online de renome, quando apresenta a sua receita m\u00e9dica. Certifique-se de que a farm\u00e1cia \u00e9 de confian\u00e7a e cumpre os requisitos legais.<\/p>\n<h3><span class=\"ez-toc-section\" id=\"FAQs_Fentanyl_kaufen\"><\/span>FAQs: Comprar fentanil<span class=\"ez-toc-section-end\"><\/span><\/h3>\n<p><strong>1. Posso comprar fentanil sem receita m\u00e9dica?<\/strong><br \/>\nN\u00e3o, o fentanil s\u00f3 est\u00e1 dispon\u00edvel mediante receita m\u00e9dica. Compr\u00e1-lo sem receita m\u00e9dica \u00e9 ilegal e pode ter graves consequ\u00eancias legais e para a sa\u00fade.<\/p>\n<p><strong>2 Como actua o fentanil?<\/strong><br \/>\nO fentanil bloqueia os sinais de dor no c\u00e9rebro e pode ser muito eficaz, mas s\u00f3 deve ser tomado sob supervis\u00e3o m\u00e9dica.<\/p>\n<p><strong>3. existem alternativas ao fentanil?<\/strong><br \/>\nSim, existem v\u00e1rios analg\u00e9sicos menos fortes e com menor risco de efeitos secund\u00e1rios. Fale com o seu m\u00e9dico sobre as melhores op\u00e7\u00f5es para si.<\/p>\n<p><strong>4. Posso comprar fentanil online?<\/strong><br \/>\nSim, \u00e9 poss\u00edvel comprar fentanil online, mas <strong>apenas em farm\u00e1cias online licenciadas<\/strong> com uma receita m\u00e9dica v\u00e1lida.<\/p>\n<h3><span class=\"ez-toc-section\" id=\"Fentanyl_kaufen_Fazit\"><\/span>Comprar Fentanyl: Conclus\u00e3o<span class=\"ez-toc-section-end\"><\/span><\/h3>\n<p>Se quiser comprar fentanil, certifique-se de que o faz de forma segura e legal - sempre com uma receita m\u00e9dica. Informe-se bem, fale com o seu m\u00e9dico e compre apenas em fontes fi\u00e1veis. O fentanil pode ser muito eficaz quando utilizado corretamente, mas a sua sa\u00fade est\u00e1 em primeiro lugar.<\/p>","protected":false},"excerpt":{"rendered":"<p>Comprar Fentanyl sem receita m\u00e9dica. Saiba mais sobre os requisitos de prescri\u00e7\u00e3o, utiliza\u00e7\u00e3o e poss\u00edveis efeitos secund\u00e1rios.<\/p>","protected":false},"featured_media":2407,"comment_status":"open","ping_status":"closed","template":"","meta":[],"product_brand":[],"product_cat":[294],"product_tag":[],"class_list":{"0":"post-2386","1":"product","2":"type-product","3":"status-publish","4":"has-post-thumbnail","6":"product_cat-opioide-kaufen","8":"first","9":"instock","10":"taxable","11":"shipping-taxable","12":"purchasable","13":"product-type-variable"},"_links":{"self":[{"href":"https:\/\/hoodpharma.com\/pt\/wp-json\/wp\/v2\/product\/2386","targetHints":{"allow":["GET"]}}],"collection":[{"href":"https:\/\/hoodpharma.com\/pt\/wp-json\/wp\/v2\/product"}],"about":[{"href":"https:\/\/hoodpharma.com\/pt\/wp-json\/wp\/v2\/types\/product"}],"replies":[{"embeddable":true,"href":"https:\/\/hoodpharma.com\/pt\/wp-json\/wp\/v2\/comments?post=2386"}],"version-history":[{"count":1,"href":"https:\/\/hoodpharma.com\/pt\/wp-json\/wp\/v2\/product\/2386\/revisions"}],"predecessor-version":[{"id":2557,"href":"https:\/\/hoodpharma.com\/pt\/wp-json\/wp\/v2\/product\/2386\/revisions\/2557"}],"wp:featuredmedia":[{"embeddable":true,"href":"https:\/\/hoodpharma.com\/pt\/wp-json\/wp\/v2\/media\/2407"}],"wp:attachment":[{"href":"https:\/\/hoodpharma.com\/pt\/wp-json\/wp\/v2\/media?parent=2386"}],"wp:term":[{"taxonomy":"product_brand","embeddable":true,"href":"https:\/\/hoodpharma.com\/pt\/wp-json\/wp\/v2\/product_brand?post=2386"},{"taxonomy":"product_cat","embeddable":true,"href":"https:\/\/hoodpharma.com\/pt\/wp-json\/wp\/v2\/product_cat?post=2386"},{"taxonomy":"product_tag","embeddable":true,"href":"https:\/\/hoodpharma.com\/pt\/wp-json\/wp\/v2\/product_tag?post=2386"}],"curies":[{"name":"wp","href":"https:\/\/api.w.org\/{rel}","templated":true}]}}