{"id":2408,"date":"2024-09-27T11:55:37","date_gmt":"2024-09-27T09:55:37","guid":{"rendered":"https:\/\/hoodpharma.com\/?post_type=product&#038;p=2408"},"modified":"2024-09-29T20:49:25","modified_gmt":"2024-09-29T18:49:25","slug":"codein-kaufen","status":"publish","type":"product","link":"https:\/\/hoodpharma.com\/pt\/produto\/comprar-codeina\/","title":{"rendered":"Code\u00edna"},"content":{"rendered":"<div id=\"ez-toc-container\" class=\"ez-toc-v2_0_80 counter-hierarchy ez-toc-counter ez-toc-grey ez-toc-container-direction\">\n<div class=\"ez-toc-title-container\">\n<p class=\"ez-toc-title\" style=\"cursor:inherit\">\u00cdndice<\/p>\n<span class=\"ez-toc-title-toggle\"><a href=\"#\" class=\"ez-toc-pull-right ez-toc-btn ez-toc-btn-xs ez-toc-btn-default ez-toc-toggle\" aria-label=\"Alternar o \u00edndice\"><span class=\"ez-toc-js-icon-con\"><span class=\"\"><span class=\"eztoc-hide\" style=\"display:none;\">Alternar<\/span><span class=\"ez-toc-icon-toggle-span\"><svg style=\"fill: #999;color:#999\" xmlns=\"http:\/\/www.w3.org\/2000\/svg\" class=\"list-377408\" width=\"20px\" height=\"20px\" viewbox=\"0 0 24 24\" fill=\"none\"><path d=\"M6 6H4v2h2V6zm14 0H8v2h12V6zM4 11h2v2H4v-2zm16 0H8v2h12v-2zM4 16h2v2H4v-2zm16 0H8v2h12v-2z\" fill=\"currentColor\"><\/path><\/svg><svg style=\"fill: #999;color:#999\" class=\"arrow-unsorted-368013\" xmlns=\"http:\/\/www.w3.org\/2000\/svg\" width=\"10px\" height=\"10px\" viewbox=\"0 0 24 24\" version=\"1.2\" baseprofile=\"tiny\"><path d=\"M18.2 9.3l-6.2-6.3-6.2 6.3c-.2.2-.3.4-.3.7s.1.5.3.7c.2.2.4.3.7.3h11c.3 0 .5-.1.7-.3.2-.2.3-.5.3-.7s-.1-.5-.3-.7zM5.8 14.7l6.2 6.3 6.2-6.3c.2-.2.3-.5.3-.7s-.1-.5-.3-.7c-.2-.2-.4-.3-.7-.3h-11c-.3 0-.5.1-.7.3-.2.2-.3.5-.3.7s.1.5.3.7z\"\/><\/svg><\/span><\/span><\/span><\/a><\/span><\/div>\n<nav><ul class='ez-toc-list ez-toc-list-level-1' ><li class='ez-toc-page-1 ez-toc-heading-level-2'><a class=\"ez-toc-link ez-toc-heading-1\" href=\"https:\/\/hoodpharma.com\/pt\/produto\/comprar-codeina\/#Codein_kaufen_Alles_was_du_wissen_musst\" >Comprar code\u00edna: Tudo o que precisa de saber<\/a><ul class='ez-toc-list-level-3' ><li class='ez-toc-heading-level-3'><a class=\"ez-toc-link ez-toc-heading-2\" href=\"https:\/\/hoodpharma.com\/pt\/produto\/comprar-codeina\/#Warum_solltest_du_Codein_kaufen\" >Por que raz\u00e3o se deve comprar code\u00edna?<\/a><\/li><li class='ez-toc-page-1 ez-toc-heading-level-3'><a class=\"ez-toc-link ez-toc-heading-3\" href=\"https:\/\/hoodpharma.com\/pt\/produto\/comprar-codeina\/#Worauf_solltest_du_achten_wenn_du_Codein_kaufen_mochtest\" >O que deve ter em aten\u00e7\u00e3o se quiser comprar code\u00edna?<\/a><\/li><li class='ez-toc-page-1 ez-toc-heading-level-3'><a class=\"ez-toc-link ez-toc-heading-4\" href=\"https:\/\/hoodpharma.com\/pt\/produto\/comprar-codeina\/#Codein_kaufen_Wo_und_wie\" >Comprar code\u00edna: Onde e como?<\/a><\/li><li class='ez-toc-page-1 ez-toc-heading-level-3'><a class=\"ez-toc-link ez-toc-heading-5\" href=\"https:\/\/hoodpharma.com\/pt\/produto\/comprar-codeina\/#FAQs_Codein_kaufen\" >FAQs: Comprar code\u00edna<\/a><\/li><li class='ez-toc-page-1 ez-toc-heading-level-3'><a class=\"ez-toc-link ez-toc-heading-6\" href=\"https:\/\/hoodpharma.com\/pt\/produto\/comprar-codeina\/#Fazit_Codein_kaufen_sicher_und_verantwortungsvoll\" >Conclus\u00e3o: Comprar code\u00edna de forma segura e respons\u00e1vel<\/a><\/li><\/ul><\/li><\/ul><\/nav><\/div>\n<h2><span class=\"ez-toc-section\" id=\"Codein_kaufen_Alles_was_du_wissen_musst\"><\/span>Comprar code\u00edna: Tudo o que precisa de saber<span class=\"ez-toc-section-end\"><\/span><\/h2>\n<p>Gostaria de <strong>Comprar code\u00edna<\/strong>mas n\u00e3o tem a certeza do que deve procurar? A code\u00edna \u00e9 frequentemente utilizada para o al\u00edvio da dor e a supress\u00e3o da tosse, mas h\u00e1 algumas informa\u00e7\u00f5es importantes que deve saber antes de a comprar. Aqui encontrar\u00e1 tudo o que precisa de saber, explicado de forma simples.<\/p>\n<h3><span class=\"ez-toc-section\" id=\"Warum_solltest_du_Codein_kaufen\"><\/span>Por que raz\u00e3o se deve comprar code\u00edna?<span class=\"ez-toc-section-end\"><\/span><\/h3>\n<p><strong>Comprar code\u00edna<\/strong> pode ser uma solu\u00e7\u00e3o eficaz se sofrer de dores moderadas ou tiver uma tosse grave. Funciona bloqueando os sinais de dor no c\u00e9rebro e suprimindo a vontade de tossir. No entanto, como acontece com qualquer medicamento, h\u00e1 alguns aspectos a ter em conta - desde a dosagem correta at\u00e9 aos poss\u00edveis efeitos secund\u00e1rios.<\/p>\n<h3><span class=\"ez-toc-section\" id=\"Worauf_solltest_du_achten_wenn_du_Codein_kaufen_mochtest\"><\/span>O que deve ter em aten\u00e7\u00e3o se quiser comprar code\u00edna?<span class=\"ez-toc-section-end\"><\/span><\/h3>\n<ul>\n<li><strong>Apenas mediante receita m\u00e9dica:<\/strong> A code\u00edna s\u00f3 est\u00e1 dispon\u00edvel mediante receita m\u00e9dica na maioria dos pa\u00edses. \u00c9 importante utiliz\u00e1-la apenas sob controlo m\u00e9dico.<\/li>\n<li><strong>Dosagem correta:<\/strong> Doses excessivas podem ser perigosas. Siga exatamente as instru\u00e7\u00f5es do seu m\u00e9dico.<\/li>\n<li><strong>Efeitos secund\u00e1rios:<\/strong> A code\u00edna pode causar sonol\u00eancia, n\u00e1useas ou obstipa\u00e7\u00e3o. Fale com o seu m\u00e9dico se n\u00e3o tiver a certeza se a code\u00edna \u00e9 o medicamento certo para si.<\/li>\n<\/ul>\n<h3><span class=\"ez-toc-section\" id=\"Codein_kaufen_Wo_und_wie\"><\/span>Comprar code\u00edna: Onde e como?<span class=\"ez-toc-section-end\"><\/span><\/h3>\n<p>Se <strong>Comprar code\u00edna<\/strong> s\u00f3 o deve fazer atrav\u00e9s de farm\u00e1cias autorizadas. \u00c9 importante que tenha uma receita m\u00e9dica v\u00e1lida e que obtenha o medicamento de uma fonte fi\u00e1vel. As farm\u00e1cias online de renome oferecem uma forma c\u00f3moda de comprar code\u00edna quando apresenta a sua receita.<\/p>\n<h3><span class=\"ez-toc-section\" id=\"FAQs_Codein_kaufen\"><\/span>FAQs: Comprar code\u00edna<span class=\"ez-toc-section-end\"><\/span><\/h3>\n<p><strong>1. \u00c9 necess\u00e1ria uma receita m\u00e9dica para comprar code\u00edna?<\/strong><br \/>\nSim, na maioria dos pa\u00edses, a code\u00edna s\u00f3 pode ser obtida mediante receita m\u00e9dica. Tem de ser prescrita por um m\u00e9dico.<\/p>\n<p><strong>2 Para que \u00e9 utilizada a code\u00edna?<\/strong><br \/>\nA code\u00edna \u00e9 utilizada principalmente para o al\u00edvio da dor e a supress\u00e3o da tosse.<\/p>\n<p><strong>3. existem efeitos secund\u00e1rios quando se toma code\u00edna?<\/strong><br \/>\nSim, a code\u00edna pode causar efeitos secund\u00e1rios como sonol\u00eancia, n\u00e1useas ou obstipa\u00e7\u00e3o. \u00c9 importante seguir as instru\u00e7\u00f5es de dosagem do seu m\u00e9dico.<\/p>\n<p><strong>4. Posso comprar code\u00edna online?<\/strong><br \/>\nSim, \u00e9 poss\u00edvel comprar code\u00edna online, mas apenas com uma receita m\u00e9dica v\u00e1lida e atrav\u00e9s de farm\u00e1cias de confian\u00e7a.<\/p>\n<h3><span class=\"ez-toc-section\" id=\"Fazit_Codein_kaufen_sicher_und_verantwortungsvoll\"><\/span>Conclus\u00e3o: Comprar code\u00edna de forma segura e respons\u00e1vel<span class=\"ez-toc-section-end\"><\/span><\/h3>\n<p>Se <strong>Comprar code\u00edna<\/strong> \u00e9 importante que o fa\u00e7a de forma respons\u00e1vel. Siga sempre as instru\u00e7\u00f5es do seu m\u00e9dico e compre o medicamento apenas a fornecedores autorizados. A code\u00edna pode ajud\u00e1-lo a aliviar a dor ou a tosse, mas a sua sa\u00fade deve estar sempre em primeiro lugar.<\/p>","protected":false},"excerpt":{"rendered":"<p>A compra de code\u00edna pode ser uma solu\u00e7\u00e3o eficaz se estiver a sofrer de dores moderadas ou se tiver uma tosse grave.<\/p>","protected":false},"featured_media":2422,"comment_status":"open","ping_status":"closed","template":"","meta":[],"product_brand":[],"product_cat":[294],"product_tag":[],"class_list":{"0":"post-2408","1":"product","2":"type-product","3":"status-publish","4":"has-post-thumbnail","6":"product_cat-opioide-kaufen","8":"first","9":"instock","10":"taxable","11":"shipping-taxable","12":"purchasable","13":"product-type-variable"},"_links":{"self":[{"href":"https:\/\/hoodpharma.com\/pt\/wp-json\/wp\/v2\/product\/2408","targetHints":{"allow":["GET"]}}],"collection":[{"href":"https:\/\/hoodpharma.com\/pt\/wp-json\/wp\/v2\/product"}],"about":[{"href":"https:\/\/hoodpharma.com\/pt\/wp-json\/wp\/v2\/types\/product"}],"replies":[{"embeddable":true,"href":"https:\/\/hoodpharma.com\/pt\/wp-json\/wp\/v2\/comments?post=2408"}],"version-history":[{"count":1,"href":"https:\/\/hoodpharma.com\/pt\/wp-json\/wp\/v2\/product\/2408\/revisions"}],"predecessor-version":[{"id":2558,"href":"https:\/\/hoodpharma.com\/pt\/wp-json\/wp\/v2\/product\/2408\/revisions\/2558"}],"wp:featuredmedia":[{"embeddable":true,"href":"https:\/\/hoodpharma.com\/pt\/wp-json\/wp\/v2\/media\/2422"}],"wp:attachment":[{"href":"https:\/\/hoodpharma.com\/pt\/wp-json\/wp\/v2\/media?parent=2408"}],"wp:term":[{"taxonomy":"product_brand","embeddable":true,"href":"https:\/\/hoodpharma.com\/pt\/wp-json\/wp\/v2\/product_brand?post=2408"},{"taxonomy":"product_cat","embeddable":true,"href":"https:\/\/hoodpharma.com\/pt\/wp-json\/wp\/v2\/product_cat?post=2408"},{"taxonomy":"product_tag","embeddable":true,"href":"https:\/\/hoodpharma.com\/pt\/wp-json\/wp\/v2\/product_tag?post=2408"}],"curies":[{"name":"wp","href":"https:\/\/api.w.org\/{rel}","templated":true}]}}