{"id":2423,"date":"2024-09-27T12:36:14","date_gmt":"2024-09-27T10:36:14","guid":{"rendered":"https:\/\/hoodpharma.com\/?post_type=product&#038;p=2423"},"modified":"2024-09-29T20:49:31","modified_gmt":"2024-09-29T18:49:31","slug":"methadon-kaufen","status":"publish","type":"product","link":"https:\/\/hoodpharma.com\/pt\/produto\/comprar-metadona\/","title":{"rendered":"Metadona"},"content":{"rendered":"<div id=\"ez-toc-container\" class=\"ez-toc-v2_0_80 counter-hierarchy ez-toc-counter ez-toc-grey ez-toc-container-direction\">\n<div class=\"ez-toc-title-container\">\n<p class=\"ez-toc-title\" style=\"cursor:inherit\">\u00cdndice<\/p>\n<span class=\"ez-toc-title-toggle\"><a href=\"#\" class=\"ez-toc-pull-right ez-toc-btn ez-toc-btn-xs ez-toc-btn-default ez-toc-toggle\" aria-label=\"Alternar o \u00edndice\"><span class=\"ez-toc-js-icon-con\"><span class=\"\"><span class=\"eztoc-hide\" style=\"display:none;\">Alternar<\/span><span class=\"ez-toc-icon-toggle-span\"><svg style=\"fill: #999;color:#999\" xmlns=\"http:\/\/www.w3.org\/2000\/svg\" class=\"list-377408\" width=\"20px\" height=\"20px\" viewbox=\"0 0 24 24\" fill=\"none\"><path d=\"M6 6H4v2h2V6zm14 0H8v2h12V6zM4 11h2v2H4v-2zm16 0H8v2h12v-2zM4 16h2v2H4v-2zm16 0H8v2h12v-2z\" fill=\"currentColor\"><\/path><\/svg><svg style=\"fill: #999;color:#999\" class=\"arrow-unsorted-368013\" xmlns=\"http:\/\/www.w3.org\/2000\/svg\" width=\"10px\" height=\"10px\" viewbox=\"0 0 24 24\" version=\"1.2\" baseprofile=\"tiny\"><path d=\"M18.2 9.3l-6.2-6.3-6.2 6.3c-.2.2-.3.4-.3.7s.1.5.3.7c.2.2.4.3.7.3h11c.3 0 .5-.1.7-.3.2-.2.3-.5.3-.7s-.1-.5-.3-.7zM5.8 14.7l6.2 6.3 6.2-6.3c.2-.2.3-.5.3-.7s-.1-.5-.3-.7c-.2-.2-.4-.3-.7-.3h-11c-.3 0-.5.1-.7.3-.2.2-.3.5-.3.7s.1.5.3.7z\"\/><\/svg><\/span><\/span><\/span><\/a><\/span><\/div>\n<nav><ul class='ez-toc-list ez-toc-list-level-1' ><li class='ez-toc-page-1 ez-toc-heading-level-2'><a class=\"ez-toc-link ez-toc-heading-1\" href=\"https:\/\/hoodpharma.com\/pt\/produto\/comprar-metadona\/#Methadon_kaufen_Was_du_wissen_musst\" >Comprar metadona: O que precisa de saber<\/a><ul class='ez-toc-list-level-3' ><li class='ez-toc-heading-level-3'><a class=\"ez-toc-link ez-toc-heading-2\" href=\"https:\/\/hoodpharma.com\/pt\/produto\/comprar-metadona\/#Warum_mochtest_du_Methadon_kaufen\" >Porque \u00e9 que quer comprar metadona?<\/a><\/li><li class='ez-toc-page-1 ez-toc-heading-level-3'><a class=\"ez-toc-link ez-toc-heading-3\" href=\"https:\/\/hoodpharma.com\/pt\/produto\/comprar-metadona\/#Methadon_kaufen_Darauf_musst_du_achten\" >Comprar metadona: O que deve ter em aten\u00e7\u00e3o<\/a><\/li><li class='ez-toc-page-1 ez-toc-heading-level-3'><a class=\"ez-toc-link ez-toc-heading-4\" href=\"https:\/\/hoodpharma.com\/pt\/produto\/comprar-metadona\/#Kann_ich_Methadon_online_kaufen\" >Posso comprar metadona online?<\/a><\/li><li class='ez-toc-page-1 ez-toc-heading-level-3'><a class=\"ez-toc-link ez-toc-heading-5\" href=\"https:\/\/hoodpharma.com\/pt\/produto\/comprar-metadona\/#Welche_Risiken_gibt_es_wenn_du_Methadon_kaufen_willst\" >Quais s\u00e3o os riscos de comprar metadona?<\/a><\/li><li class='ez-toc-page-1 ez-toc-heading-level-3'><a class=\"ez-toc-link ez-toc-heading-6\" href=\"https:\/\/hoodpharma.com\/pt\/produto\/comprar-metadona\/#FAQs_Methadon_kaufen\" >FAQs: Comprar metadona<\/a><\/li><li class='ez-toc-page-1 ez-toc-heading-level-3'><a class=\"ez-toc-link ez-toc-heading-7\" href=\"https:\/\/hoodpharma.com\/pt\/produto\/comprar-metadona\/#Methadon_kaufen_Schlusswort\" >Comprar metadona: Conclus\u00e3o<\/a><\/li><\/ul><\/li><\/ul><\/nav><\/div>\n<h2><span class=\"ez-toc-section\" id=\"Methadon_kaufen_Was_du_wissen_musst\"><\/span>Comprar metadona: O que precisa de saber<span class=\"ez-toc-section-end\"><\/span><\/h2>\n<p>Est\u00e1 a pensar em comprar metadona mas n\u00e3o tem a certeza do que deve procurar? Isso \u00e9 perfeitamente normal. A metadona \u00e9 um medicamento poderoso que \u00e9 frequentemente utilizado para tratar a dor ou como parte da terapia de substitui\u00e7\u00e3o para a depend\u00eancia de opi\u00e1ceos. Mas antes de querer comprar metadona, h\u00e1 algumas coisas que deve saber.<\/p>\n<h3><span class=\"ez-toc-section\" id=\"Warum_mochtest_du_Methadon_kaufen\"><\/span>Porque \u00e9 que quer comprar metadona?<span class=\"ez-toc-section-end\"><\/span><\/h3>\n<p>A quest\u00e3o coloca-se frequentemente: <em>Porqu\u00ea a metadona e n\u00e3o outro analg\u00e9sico ou medicamento?<\/em> Talvez j\u00e1 tenha experimentado v\u00e1rios medicamentos que n\u00e3o ajudaram, ou precisa de ajuda para tratar uma depend\u00eancia de opi\u00e1ceos. A metadona \u00e9 frequentemente prescrita porque \u00e9 eficaz, mas, como acontece com qualquer medicamento, \u00e9 necess\u00e1rio ter cuidado.<\/p>\n<h3><span class=\"ez-toc-section\" id=\"Methadon_kaufen_Darauf_musst_du_achten\"><\/span>Comprar metadona: O que deve ter em aten\u00e7\u00e3o<span class=\"ez-toc-section-end\"><\/span><\/h3>\n<p>Se quiser comprar metadona, h\u00e1 alguns pontos importantes que deve ter em conta:<\/p>\n<ul>\n<li><strong>Apenas dispon\u00edvel mediante receita m\u00e9dica<\/strong>A metadona requer uma receita m\u00e9dica na maioria dos pa\u00edses. Se algu\u00e9m lhe oferecer metadona sem receita m\u00e9dica, tenha cuidado.<\/li>\n<li><strong>Observar a dosagem<\/strong>A dosagem correta \u00e9 crucial. Demasiada metadona n\u00e3o tem qualquer efeito, demasiada metadona pode ser perigosa.<\/li>\n<li><strong>Experi\u00eancia com metadona<\/strong>Muitas pessoas relatam bons resultados, mas cada organismo reage de forma diferente.<\/li>\n<\/ul>\n<h3><span class=\"ez-toc-section\" id=\"Kann_ich_Methadon_online_kaufen\"><\/span>Posso comprar metadona online?<span class=\"ez-toc-section-end\"><\/span><\/h3>\n<p>Esta quest\u00e3o coloca-se frequentemente: <em>Posso simplesmente comprar metadona online?<\/em> A resposta \u00e9 sim e n\u00e3o. <strong>Farm\u00e1cias em linha<\/strong> Muitas vezes oferecem medicamentos, mas deve sempre certificar-se de que tem um <strong>grave<\/strong> e <strong>farm\u00e1cia autorizada<\/strong> escolher.<\/p>\n<p>Uma dica:<\/p>\n<ul>\n<li>Prestar aten\u00e7\u00e3o a <strong>Certificados<\/strong> e <strong>Avalia\u00e7\u00f5es<\/strong> a farm\u00e1cia.<\/li>\n<li>Saber se um <strong>Entrevista de aconselhamento<\/strong> com um m\u00e9dico.<\/li>\n<\/ul>\n<h3><span class=\"ez-toc-section\" id=\"Welche_Risiken_gibt_es_wenn_du_Methadon_kaufen_willst\"><\/span>Quais s\u00e3o os riscos de comprar metadona?<span class=\"ez-toc-section-end\"><\/span><\/h3>\n<p>Como qualquer medicamento, a metadona tamb\u00e9m tem efeitos secund\u00e1rios e riscos. \u00c9 por isso que deve:<\/p>\n<ul>\n<li><strong>Nunca se auto-medicar<\/strong>Tomar metadona apenas sob controlo m\u00e9dico.<\/li>\n<li><strong>Conhecer os poss\u00edveis efeitos secund\u00e1rios<\/strong>Estas incluem tonturas, n\u00e1useas e, em casos raros, problemas respirat\u00f3rios.<\/li>\n<li><strong>Visitas regulares ao m\u00e9dico<\/strong> plano: Especialmente para utiliza\u00e7\u00e3o a longo prazo.<\/li>\n<\/ul>\n<h3><span class=\"ez-toc-section\" id=\"FAQs_Methadon_kaufen\"><\/span>FAQs: Comprar metadona<span class=\"ez-toc-section-end\"><\/span><\/h3>\n<p><strong>1. Posso comprar metadona sem receita m\u00e9dica?<\/strong><br \/>\nN\u00e3o, a metadona s\u00f3 est\u00e1 dispon\u00edvel mediante receita m\u00e9dica e s\u00f3 deve ser tomada sob controlo m\u00e9dico.<\/p>\n<p><strong>2 Quanto tempo \u00e9 que a metadona demora a fazer efeito?<\/strong><br \/>\nA metadona come\u00e7a normalmente a fazer efeito em 30 minutos, mas o efeito dura mais tempo do que com outros analg\u00e9sicos.<\/p>\n<p><strong>3. existem alternativas \u00e0 metadona?<\/strong><br \/>\nSim, dependendo da sua condi\u00e7\u00e3o m\u00e9dica, outros medicamentos como a buprenorfina podem ser uma op\u00e7\u00e3o.<\/p>\n<h3><span class=\"ez-toc-section\" id=\"Methadon_kaufen_Schlusswort\"><\/span>Comprar metadona: Conclus\u00e3o<span class=\"ez-toc-section-end\"><\/span><\/h3>\n<p>Se quiser comprar metadona, n\u00e3o se esque\u00e7a de falar com o seu m\u00e9dico. Este pode prescrever-lhe a dose correta e dizer-lhe se a metadona \u00e9 adequada para a sua situa\u00e7\u00e3o. A seguran\u00e7a e o controlo s\u00e3o cruciais com este medicamento - o seu bem-estar est\u00e1 em primeiro lugar.<\/p>\n<p>Em conclus\u00e3o: <strong>Comprar metadona<\/strong> \u00e9 uma decis\u00e3o s\u00e9ria que requer uma an\u00e1lise cuidadosa.<\/p>","protected":false},"excerpt":{"rendered":"<p>Compre metadona online de forma segura e discreta nas dosagens de 5 mg, 10 mg e 40 mg.<\/p>","protected":false},"featured_media":2437,"comment_status":"open","ping_status":"closed","template":"","meta":[],"product_brand":[],"product_cat":[294],"product_tag":[],"class_list":{"0":"post-2423","1":"product","2":"type-product","3":"status-publish","4":"has-post-thumbnail","6":"product_cat-opioide-kaufen","8":"first","9":"instock","10":"taxable","11":"shipping-taxable","12":"purchasable","13":"product-type-variable"},"_links":{"self":[{"href":"https:\/\/hoodpharma.com\/pt\/wp-json\/wp\/v2\/product\/2423","targetHints":{"allow":["GET"]}}],"collection":[{"href":"https:\/\/hoodpharma.com\/pt\/wp-json\/wp\/v2\/product"}],"about":[{"href":"https:\/\/hoodpharma.com\/pt\/wp-json\/wp\/v2\/types\/product"}],"replies":[{"embeddable":true,"href":"https:\/\/hoodpharma.com\/pt\/wp-json\/wp\/v2\/comments?post=2423"}],"version-history":[{"count":1,"href":"https:\/\/hoodpharma.com\/pt\/wp-json\/wp\/v2\/product\/2423\/revisions"}],"predecessor-version":[{"id":2559,"href":"https:\/\/hoodpharma.com\/pt\/wp-json\/wp\/v2\/product\/2423\/revisions\/2559"}],"wp:featuredmedia":[{"embeddable":true,"href":"https:\/\/hoodpharma.com\/pt\/wp-json\/wp\/v2\/media\/2437"}],"wp:attachment":[{"href":"https:\/\/hoodpharma.com\/pt\/wp-json\/wp\/v2\/media?parent=2423"}],"wp:term":[{"taxonomy":"product_brand","embeddable":true,"href":"https:\/\/hoodpharma.com\/pt\/wp-json\/wp\/v2\/product_brand?post=2423"},{"taxonomy":"product_cat","embeddable":true,"href":"https:\/\/hoodpharma.com\/pt\/wp-json\/wp\/v2\/product_cat?post=2423"},{"taxonomy":"product_tag","embeddable":true,"href":"https:\/\/hoodpharma.com\/pt\/wp-json\/wp\/v2\/product_tag?post=2423"}],"curies":[{"name":"wp","href":"https:\/\/api.w.org\/{rel}","templated":true}]}}